{"id":121604,"date":"2026-04-18T00:00:00","date_gmt":"2026-04-18T05:00:00","guid":{"rendered":"https:\/\/gpl-love.com\/es\/producto\/woocommerce-product-search\/"},"modified":"2026-04-18T17:16:48","modified_gmt":"2026-04-18T22:16:48","slug":"woocommerce-product-search","status":"publish","type":"product","link":"https:\/\/gpl-love.com\/es\/producto\/woocommerce-product-search\/","title":{"rendered":"WooCommerce Product Search 7.3.0"},"content":{"rendered":"<h3>WooCommerce Product Search Caracteristicas<\/h3>\n<p>El prop\u00f3sito de la b\u00fasqueda de productos de WooCommerce es mejorar la facilidad con la que los clientes pueden descubrir los productos deseados en un sitio web de WooCommerce. Al utilizar una barra de b\u00fasqueda directa, los clientes pueden ingresar sin esfuerzo palabras clave o frases pertinentes, lo que provoca que la funci\u00f3n de b\u00fasqueda exhiba r\u00e1pidamente cualquier producto que se alinee con su consulta. Esta funcionalidad resulta invaluable ya que evita la necesidad de que los clientes examinen la totalidad de la totalidad de productos accesibles en un sitio web determinado, lo que podr\u00eda ahorrarles una cantidad considerable de tiempo. Adem\u00e1s, la b\u00fasqueda de productos de WooCommerce cuenta con capacidades de b\u00fasqueda avanzada, que abarca caracter\u00edsticas como el filtrado por categor\u00eda de productos, el rango de precios y m\u00e1s. En consecuencia, los clientes est\u00e1n facultados para ubicar con precisi\u00f3n lo que requieren, que finalmente culminan en una experiencia de usuario superlativa en cualquier plataforma de comercio electr\u00f3nico. A su vez, esta experiencia de usuario aumentada puede generar un aumento en las ventas en virtud de facilitar el descubrimiento sin problemas y la compra posterior de los productos deseados.<\/p>\n<ul>\n<li>Resultados de b\u00fasqueda r\u00e1pidos y precisos para productos de WooCommerce<\/li>\n<li>Interfaz de b\u00fasqueda intuitiva y f\u00e1cil de usar<\/li>\n<li>Buscar por nombre del producto, SKU, categor\u00eda, etiqueta o cualquier atributo personalizado<\/li>\n<li>Incluye una funci\u00f3n de b\u00fasqueda en vivo para resultados instant\u00e1neos como tipos de usuario<\/li>\n<li>Compatible con temas de WordPress y extensiones de WooCommerce<\/li>\n<li>Ofrece opciones para el comportamiento de b\u00fasqueda y visualizaci\u00f3n personalizados<\/li>\n<li>Instalaci\u00f3n e integraci\u00f3n f\u00e1cil con el dise\u00f1o de su sitio web existente<\/li>\n<li>Mejora la experiencia del usuario y aumenta las ventas al ayudar a los clientes a encontrar productos de manera r\u00e1pida y eficiente.<\/li>\n<li>Proporciona informaci\u00f3n valiosa sobre el comportamiento de b\u00fasqueda de clientes a trav\u00e9s del an\u00e1lisis de uso<\/li>\n<li>Incluye ganchos y filtros amigables para el desarrollador para la personalizaci\u00f3n e integraci\u00f3n con otros complementos.<\/li>\n<\/ul>\n","protected":false},"excerpt":{"rendered":"<p>El complemento de b\u00fasqueda de productos de WooCommerce es una herramienta valiosa que mejora la capacidad de b\u00fasqueda de las tiendas en l\u00ednea que operan a trav\u00e9s de WooCommerce. A diferencia de otros complementos, ofrece una funci\u00f3n de b\u00fasqueda de productos altamente eficiente y confiable. Este complemento permite a los clientes navegar sin esfuerzo a trav\u00e9s del vasto inventario de su sitio web y descubrir los productos deseados utilizando una amplia gama de par\u00e1metros de b\u00fasqueda, incluidos, entre otros, el nombre, el precio, la categor\u00eda, los atributos y las etiquetas. No solo proporciona resultados de b\u00fasqueda instant\u00e1neos y precisos, sino que tambi\u00e9n crea una experiencia de compra perfecta para sus valiosos clientes. Adem\u00e1s, el proceso de instalaci\u00f3n para el complemento de b\u00fasqueda de productos de WooCommerce es f\u00e1cil de usar y directo, lo que garantiza una integraci\u00f3n sin problemas en el marco existente de su tienda. Adem\u00e1s, este complemento es altamente personalizable, lo que le permite alinear su funcionalidad de b\u00fasqueda con la identidad visual de su marca. Desde la l\u00f3gica de b\u00fasqueda hasta la clasificaci\u00f3n de resultados, el complemento de b\u00fasqueda de productos WooCommerce proporciona una variedad de opciones de personalizaci\u00f3n, lo que garantiza que sus clientes siempre reciban los resultados exactos que buscan.<\/p>\n","protected":false},"featured_media":168231,"comment_status":"open","ping_status":"open","template":"","meta":[],"product_brand":[2344],"product_cat":[1208,1207,1206],"product_tag":[1423],"class_list":{"0":"post-121604","1":"product","2":"type-product","3":"status-publish","4":"has-post-thumbnail","6":"product_brand-woocommerce","7":"product_cat-administracion","8":"product_cat-comercio-electronico-plugins","9":"product_cat-plugins","10":"product_tag-woocommerce","11":"member-discount","12":"discount-restricted","14":"first","15":"instock","16":"sale","17":"downloadable","18":"virtual","19":"sold-individually","20":"purchasable","21":"product-type-simple"},"_links":{"self":[{"href":"https:\/\/gpl-love.com\/es\/wp-json\/wp\/v2\/product\/121604","targetHints":{"allow":["GET"]}}],"collection":[{"href":"https:\/\/gpl-love.com\/es\/wp-json\/wp\/v2\/product"}],"about":[{"href":"https:\/\/gpl-love.com\/es\/wp-json\/wp\/v2\/types\/product"}],"replies":[{"embeddable":true,"href":"https:\/\/gpl-love.com\/es\/wp-json\/wp\/v2\/comments?post=121604"}],"wp:featuredmedia":[{"embeddable":true,"href":"https:\/\/gpl-love.com\/es\/wp-json\/wp\/v2\/media\/168231"}],"wp:attachment":[{"href":"https:\/\/gpl-love.com\/es\/wp-json\/wp\/v2\/media?parent=121604"}],"wp:term":[{"taxonomy":"product_brand","embeddable":true,"href":"https:\/\/gpl-love.com\/es\/wp-json\/wp\/v2\/product_brand?post=121604"},{"taxonomy":"product_cat","embeddable":true,"href":"https:\/\/gpl-love.com\/es\/wp-json\/wp\/v2\/product_cat?post=121604"},{"taxonomy":"product_tag","embeddable":true,"href":"https:\/\/gpl-love.com\/es\/wp-json\/wp\/v2\/product_tag?post=121604"}],"curies":[{"name":"wp","href":"https:\/\/api.w.org\/{rel}","templated":true}]}}