{"id":121602,"date":"2025-06-13T00:00:00","date_gmt":"2025-06-13T05:00:00","guid":{"rendered":"https:\/\/gpl-love.com\/es\/producto\/woocommerce-product-reviews-pro\/"},"modified":"2026-04-10T11:33:24","modified_gmt":"2026-04-10T16:33:24","slug":"woocommerce-product-reviews-pro","status":"publish","type":"product","link":"https:\/\/gpl-love.com\/es\/producto\/woocommerce-product-reviews-pro\/","title":{"rendered":"WooCommerce Product Reviews Pro 1.20.2"},"content":{"rendered":"<h3>WooCommerce Product Reviews Pro Caracteristicas<\/h3>\n<p>WooCommerce Product Reviews Pro, un complemento incre\u00edblemente robusto, sirve para amplificar la eficacia de la funci\u00f3n de revisi\u00f3n del producto dentro de su tienda WooCommerce. En virtud de este complemento excepcional, los clientes pueden proporcionar sin esfuerzo sus rese\u00f1as y calificaciones para los productos, fomentando as\u00ed un entorno que conduce a cifras de ventas elevadas y una reputaci\u00f3n fortificada para su marca. El complemento le otorga la invaluable capacidad para personalizar el formulario de revisi\u00f3n, manejar expertamente las revisiones y exhibirlas bellamente en su sitio, constituyendo as\u00ed un espect\u00e1culo visualmente cautivador. Adem\u00e1s, tambi\u00e9n se le otorga el poder de enviar recordatorios oportunos a los clientes, lo que los induce a enviar sus revisiones y, como una muestra de agradecimiento, ofrece incentivos para sus contribuciones. En el gran esquema de las cosas, WooCommerce Product Reviews Pro sirve como un instrumento indispensable para cada propietario de tiendas en l\u00ednea que anhela elevar su experiencia del cliente a alturas sin precedentes y allanar el camino para un aumento en las ventas.<\/p>\n<ul>\n<li>Integraci\u00f3n con WooCommerce para una f\u00e1cil configuraci\u00f3n<\/li>\n<li>Capacidad para personalizar formularios y campos de revisi\u00f3n<\/li>\n<li>Opci\u00f3n para agregar calificaciones de estrellas e im\u00e1genes de productos a las revisiones<\/li>\n<li>Herramientas de moderaci\u00f3n para aprobar, editar o eliminar revisiones<\/li>\n<li>Sistema de notificaci\u00f3n para nuevas revisiones y solicitudes de moderaci\u00f3n<\/li>\n<li>Revisi\u00f3n del filtrado para una f\u00e1cil navegaci\u00f3n<\/li>\n<li>Revisi\u00f3n de la funci\u00f3n Resumen para el an\u00e1lisis r\u00e1pido del rendimiento del producto<\/li>\n<li>Sistema de calificaci\u00f3n de criterios m\u00faltiples para comentarios detallados<\/li>\n<li>Opci\u00f3n para que los clientes agregue fotos o videos a sus rese\u00f1as<\/li>\n<li>Integraci\u00f3n con otros complementos para una mayor personalizaci\u00f3n y funcionalidad.<\/li>\n<\/ul>\n","protected":false},"excerpt":{"rendered":"<p>WooCommerce Product Reviews Pro, una herramienta inmensamente robusta, sirve como un activo invaluable para los propietarios de tiendas en l\u00ednea que buscan cautivar una base de clientes m\u00e1s grande. Esta herramienta excepcional no solo permite a los usuarios adaptar y personalizar la est\u00e9tica de su secci\u00f3n de revisi\u00f3n de productos, sino que tambi\u00e9n optimiza el proceso de obtener comentarios de los clientes al tiempo que muestra efectivamente revisiones positivas en varias plataformas de redes sociales. Este notable complemento ayuda inequ\u00edvocamente a los propietarios de las tiendas a reforzar su reputaci\u00f3n y aumentar sus ganancias monetarias integrando sin problemas revisiones y calificaciones de productos incomparables en su sitio web. A trav\u00e9s de la funcionalidad incomparable de las revisiones de productos de WooCommerce Pro, los clientes reciben la conveniencia de presentar sin esfuerzo sus propias revisiones, lo que les permite tomar decisiones de compra informadas, que finalmente culminan en una experiencia de compra mejorada para uno y todos.<\/p>\n","protected":false},"featured_media":168230,"comment_status":"open","ping_status":"open","template":"","meta":[],"product_brand":[2344],"product_cat":[1207,1225,1206],"product_tag":[1423],"class_list":{"0":"post-121602","1":"product","2":"type-product","3":"status-publish","4":"has-post-thumbnail","6":"product_brand-woocommerce","7":"product_cat-comercio-electronico-plugins","8":"product_cat-marketing","9":"product_cat-plugins","10":"product_tag-woocommerce","11":"member-discount","12":"discount-restricted","14":"first","15":"instock","16":"sale","17":"downloadable","18":"virtual","19":"sold-individually","20":"purchasable","21":"product-type-simple"},"_links":{"self":[{"href":"https:\/\/gpl-love.com\/es\/wp-json\/wp\/v2\/product\/121602","targetHints":{"allow":["GET"]}}],"collection":[{"href":"https:\/\/gpl-love.com\/es\/wp-json\/wp\/v2\/product"}],"about":[{"href":"https:\/\/gpl-love.com\/es\/wp-json\/wp\/v2\/types\/product"}],"replies":[{"embeddable":true,"href":"https:\/\/gpl-love.com\/es\/wp-json\/wp\/v2\/comments?post=121602"}],"wp:featuredmedia":[{"embeddable":true,"href":"https:\/\/gpl-love.com\/es\/wp-json\/wp\/v2\/media\/168230"}],"wp:attachment":[{"href":"https:\/\/gpl-love.com\/es\/wp-json\/wp\/v2\/media?parent=121602"}],"wp:term":[{"taxonomy":"product_brand","embeddable":true,"href":"https:\/\/gpl-love.com\/es\/wp-json\/wp\/v2\/product_brand?post=121602"},{"taxonomy":"product_cat","embeddable":true,"href":"https:\/\/gpl-love.com\/es\/wp-json\/wp\/v2\/product_cat?post=121602"},{"taxonomy":"product_tag","embeddable":true,"href":"https:\/\/gpl-love.com\/es\/wp-json\/wp\/v2\/product_tag?post=121602"}],"curies":[{"name":"wp","href":"https:\/\/api.w.org\/{rel}","templated":true}]}}