{"id":121600,"date":"2025-11-06T00:00:00","date_gmt":"2025-11-06T05:00:00","guid":{"rendered":"https:\/\/gpl-love.com\/es\/producto\/woocommerce-product-retailers\/"},"modified":"2026-04-10T11:33:23","modified_gmt":"2026-04-10T16:33:23","slug":"woocommerce-product-retailers","status":"publish","type":"product","link":"https:\/\/gpl-love.com\/es\/producto\/woocommerce-product-retailers\/","title":{"rendered":"WooCommerce Product Retailers 1.18.3"},"content":{"rendered":"<h3>WooCommerce Product Retailers Caracteristicas<\/h3>\n<p>Los minoristas de productos de WooCommerce se presenta como una soluci\u00f3n formidable que brinda a los minoristas en l\u00ednea la oportunidad de fusionar sin problemas su tienda de comercio electr\u00f3nico con m\u00faltiples canales de ventas. Al utilizar esta herramienta, los minoristas pueden supervisar eficientemente sus productos e inventario en una gran cantidad de mercados, como Amazon, eBay y Walmart. Esta integraci\u00f3n armoniosa finalmente facilita una presencia en l\u00ednea amplificada para los minoristas, lo que les permite conectarse sin esfuerzo con una base de consumidores m\u00e1s amplia y generar un mayor volumen de ventas. La plataforma solidifica a\u00fan m\u00e1s su valor al apoyar la sincronizaci\u00f3n instant\u00e1nea de los datos del producto, los precios y los niveles de inventario, fomentando en \u00faltima instancia una experiencia de venta perfecta e ininterrumpida. Igualmente notable, los minoristas de productos de WooCommerce cuenta con una amplia gama de an\u00e1lisis avanzados y funcionalidades de informes, que permiten a los minoristas evaluar meticulosamente su rendimiento de ventas y monitorear meticulosamente su retorno de la inversi\u00f3n. En general, esta herramienta indispensable representa indudablemente un activo esencial para los minoristas en l\u00ednea ansiosos por optimizar sus operaciones y impulsar el crecimiento de su floreciente negocio.<\/p>\n<ul>\n<li>Permite a los minoristas administrar y vender f\u00e1cilmente sus productos en WooCommerce<\/li>\n<li>Se integra con los sistemas POS existentes para la gesti\u00f3n de inventario eficiente<\/li>\n<li>Permite las opciones de precios y env\u00edo personalizables por retraso<\/li>\n<li>Proporciona una interfaz f\u00e1cil de usar para una f\u00e1cil administraci\u00f3n y actualizaciones de productos<\/li>\n<li>Relimina el orden y el proceso de cumplimiento tanto para minoristas como para clientes<\/li>\n<li>Ofrece informes y an\u00e1lisis s\u00f3lidos para rastrear las ventas e identificar oportunidades de crecimiento<\/li>\n<li>Admite m\u00faltiples idiomas y monedas para llegar a una audiencia global<\/li>\n<li>Proporciona atenci\u00f3n al cliente dedicada para cualquier problema t\u00e9cnico o pregunta.<\/li>\n<\/ul>\n","protected":false},"excerpt":{"rendered":"<p>Ofrecemos una soluci\u00f3n altamente completa y extremadamente confiable dise\u00f1ada espec\u00edficamente para los minoristas de WooCommerce que buscan ampliar su red de distribuci\u00f3n de productos. Con nuestra herramienta de minoristas de productos WooCommerce de vanguardia, podr\u00e1 manejar todas sus relaciones minoristas sin esfuerzo, racionalizar sus procedimientos de ventas y aprovechar sin esfuerzo las nuevas bases de clientes en una multitud de canales. Des\u00e9prete a los laboriosos y mon\u00f3tonos procesos manuales, y adopte la llegada de una mayor visibilidad del producto, cifras de ventas e ingresos generales.<\/p>\n","protected":false},"featured_media":168229,"comment_status":"open","ping_status":"open","template":"","meta":[],"product_brand":[2344],"product_cat":[1208,1207,1206],"product_tag":[1423],"class_list":{"0":"post-121600","1":"product","2":"type-product","3":"status-publish","4":"has-post-thumbnail","6":"product_brand-woocommerce","7":"product_cat-administracion","8":"product_cat-comercio-electronico-plugins","9":"product_cat-plugins","10":"product_tag-woocommerce","11":"member-discount","12":"discount-restricted","14":"first","15":"instock","16":"sale","17":"downloadable","18":"virtual","19":"sold-individually","20":"purchasable","21":"product-type-simple"},"_links":{"self":[{"href":"https:\/\/gpl-love.com\/es\/wp-json\/wp\/v2\/product\/121600","targetHints":{"allow":["GET"]}}],"collection":[{"href":"https:\/\/gpl-love.com\/es\/wp-json\/wp\/v2\/product"}],"about":[{"href":"https:\/\/gpl-love.com\/es\/wp-json\/wp\/v2\/types\/product"}],"replies":[{"embeddable":true,"href":"https:\/\/gpl-love.com\/es\/wp-json\/wp\/v2\/comments?post=121600"}],"wp:featuredmedia":[{"embeddable":true,"href":"https:\/\/gpl-love.com\/es\/wp-json\/wp\/v2\/media\/168229"}],"wp:attachment":[{"href":"https:\/\/gpl-love.com\/es\/wp-json\/wp\/v2\/media?parent=121600"}],"wp:term":[{"taxonomy":"product_brand","embeddable":true,"href":"https:\/\/gpl-love.com\/es\/wp-json\/wp\/v2\/product_brand?post=121600"},{"taxonomy":"product_cat","embeddable":true,"href":"https:\/\/gpl-love.com\/es\/wp-json\/wp\/v2\/product_cat?post=121600"},{"taxonomy":"product_tag","embeddable":true,"href":"https:\/\/gpl-love.com\/es\/wp-json\/wp\/v2\/product_tag?post=121600"}],"curies":[{"name":"wp","href":"https:\/\/api.w.org\/{rel}","templated":true}]}}