{"id":121598,"date":"2025-11-06T00:00:00","date_gmt":"2025-11-06T05:00:00","guid":{"rendered":"https:\/\/gpl-love.com\/es\/producto\/woocommerce-product-finder\/"},"modified":"2026-03-09T08:24:29","modified_gmt":"2026-03-09T13:24:29","slug":"woocommerce-product-finder","status":"publish","type":"product","link":"https:\/\/gpl-love.com\/es\/producto\/woocommerce-product-finder\/","title":{"rendered":"WooCommerce Product Finder 1.5.0"},"content":{"rendered":"<h3>WooCommerce Product Finder Caracteristicas<\/h3>\n<p>El buscador de productos de WooCommerce, una herramienta inmensamente potente, tiene el prop\u00f3sito de ayudar a los clientes a localizar r\u00e1pidamente y sin esfuerzo sus productos deseados en su estimado sitio web. Al ofrecer una funcionalidad de b\u00fasqueda intuitiva, esta notable herramienta faculta a los clientes navegar sin esfuerzo a trav\u00e9s de su amplio inventario utilizando varios filtros, como precio, categor\u00eda, marca y otros criterios relevantes. En consecuencia, esta experiencia de navegaci\u00f3n perfecta mejora significativamente la probabilidad de que los clientes encuentren precisamente lo que buscan, lo que resulta en un aumento sustancial en las tasas de conversi\u00f3n y la satisfacci\u00f3n general del cliente. Adem\u00e1s, el buscador de productos cuenta con una personalizaci\u00f3n completa, asegurando que pueda adaptar la experiencia de b\u00fasqueda para alinearse perfectamente con las distintas caracter\u00edsticas y requisitos de su estimada base de tiendas y clientes. En conclusi\u00f3n, el buscador de productos de WooCommerce, sin duda, representa un activo indispensable para cualquier tienda en l\u00ednea que aspire a aumentar la experiencia del cliente y reforzar las cifras de ventas.<\/p>\n<ul>\n<li>Forma r\u00e1pida y f\u00e1cil de encontrar productos en el sitio web de WooCommerce<\/li>\n<li>Campos de b\u00fasqueda personalizables para resultados personalizados<\/li>\n<li>Admite diferentes tipos de atributos y variaciones del producto<\/li>\n<li>Opci\u00f3n para mostrar u ocultar productos de existencia<\/li>\n<li>Caracter\u00edstica de autocompletar para una experiencia de b\u00fasqueda eficiente<\/li>\n<li>Compatible con cualquier tema de WordPress<\/li>\n<li>Respondida a dispositivos m\u00f3viles y funciona sin problemas en diferentes dispositivos<\/li>\n<li>Aumenta la participaci\u00f3n del cliente y la usabilidad del sitio web<\/li>\n<li>Ahorra tiempo y mejora la satisfacci\u00f3n del usuario<\/li>\n<li>Soluci\u00f3n rentable para mejorar la funcionalidad de b\u00fasqueda de productos en el sitio web de WooCommerce.<\/li>\n<\/ul>\n","protected":false},"excerpt":{"rendered":"<p>El buscador de productos de WooCommerce, una herramienta inmensamente efectiva, sirve como una soluci\u00f3n ideal para las tiendas en l\u00ednea que buscan aumentar las capacidades de b\u00fasqueda de su sitio web. Esta potente herramienta ayuda efectivamente a los clientes a localizar sin esfuerzo productos que se alinean con sus distintos requisitos y preferencias. Equipados con una variedad de filtros y opciones de b\u00fasqueda, los clientes pueden refinar r\u00e1pidamente sus resultados de b\u00fasqueda, facilitando as\u00ed la r\u00e1pida adquisici\u00f3n de los productos deseados. Adem\u00e1s, la integraci\u00f3n perfecta del buscador de productos de WooCommerce con la instalaci\u00f3n y utilizaci\u00f3n de su tienda en l\u00ednea es muy f\u00e1cil. Despedirse de los clientes exasperados y adoptar un aumento en las ventas por cortes\u00eda del buscador de productos de WooCommerce.<\/p>\n","protected":false},"featured_media":168226,"comment_status":"open","ping_status":"open","template":"","meta":[],"product_brand":[2344],"product_cat":[1208,1207,1206],"product_tag":[1423],"class_list":{"0":"post-121598","1":"product","2":"type-product","3":"status-publish","4":"has-post-thumbnail","6":"product_brand-woocommerce","7":"product_cat-administracion","8":"product_cat-comercio-electronico-plugins","9":"product_cat-plugins","10":"product_tag-woocommerce","11":"member-discount","12":"discount-restricted","14":"first","15":"instock","16":"sale","17":"downloadable","18":"virtual","19":"sold-individually","20":"purchasable","21":"product-type-simple"},"_links":{"self":[{"href":"https:\/\/gpl-love.com\/es\/wp-json\/wp\/v2\/product\/121598","targetHints":{"allow":["GET"]}}],"collection":[{"href":"https:\/\/gpl-love.com\/es\/wp-json\/wp\/v2\/product"}],"about":[{"href":"https:\/\/gpl-love.com\/es\/wp-json\/wp\/v2\/types\/product"}],"replies":[{"embeddable":true,"href":"https:\/\/gpl-love.com\/es\/wp-json\/wp\/v2\/comments?post=121598"}],"wp:featuredmedia":[{"embeddable":true,"href":"https:\/\/gpl-love.com\/es\/wp-json\/wp\/v2\/media\/168226"}],"wp:attachment":[{"href":"https:\/\/gpl-love.com\/es\/wp-json\/wp\/v2\/media?parent=121598"}],"wp:term":[{"taxonomy":"product_brand","embeddable":true,"href":"https:\/\/gpl-love.com\/es\/wp-json\/wp\/v2\/product_brand?post=121598"},{"taxonomy":"product_cat","embeddable":true,"href":"https:\/\/gpl-love.com\/es\/wp-json\/wp\/v2\/product_cat?post=121598"},{"taxonomy":"product_tag","embeddable":true,"href":"https:\/\/gpl-love.com\/es\/wp-json\/wp\/v2\/product_tag?post=121598"}],"curies":[{"name":"wp","href":"https:\/\/api.w.org\/{rel}","templated":true}]}}