{"id":121596,"date":"2026-03-18T00:00:00","date_gmt":"2026-03-18T05:00:00","guid":{"rendered":"https:\/\/gpl-love.com\/es\/producto\/woocommerce-product-filters\/"},"modified":"2026-04-10T11:33:20","modified_gmt":"2026-04-10T16:33:20","slug":"woocommerce-product-filters","status":"publish","type":"product","link":"https:\/\/gpl-love.com\/es\/producto\/woocommerce-product-filters\/","title":{"rendered":"WooCommerce Product Filters 2.0.9"},"content":{"rendered":"<h3>WooCommerce Product Filters Caracteristicas<\/h3>\n<p>WooCommerce Product Filters, un complemento indispensable para tiendas en l\u00ednea impulsadas por WooCommerce, sirve como una herramienta fundamental que permite a los clientes navegar sin esfuerzo a trav\u00e9s de una amplia gama de productos, perfeccionando sus preferencias espec\u00edficas, como precio, color, tama\u00f1o, categor\u00eda y un surtido de otros factores distintivos. Al integrar perfectamente este poderoso complemento en sus plataformas en l\u00ednea, las empresas pueden mejorar significativamente la experiencia de compra general para sus clientes, aumentando as\u00ed la probabilidad de generar transacciones exitosas. Con un alto grado de adaptabilidad y configuraci\u00f3n sin esfuerzo, los filtros de productos de WooCommerce demuestran ser una soluci\u00f3n vers\u00e1til adecuada para empresas de cualquier magnitud. Adem\u00e1s, este notable complemento presenta una impresionante variedad de opciones de visualizaci\u00f3n, que abarca men\u00fas desplegables, casillas de verificaci\u00f3n, controles deslizantes y una variedad de posibilidades de personalizaci\u00f3n adicionales, todas las cuales se pueden adaptar sin esfuerzo para armonizar sin problemas con la est\u00e9tica \u00fanica de la tienda. En resumen, las capacidades multifac\u00e9ticas de los filtros de productos de WooCommerce lo posicionan como un instrumento indispensable para las tiendas en l\u00ednea, capacit\u00e1ndolos para optimizar su experiencia del cliente y al mismo tiempo aceleran las ventas.<\/p>\n<ul>\n<li>Mejore la experiencia de compra en su tienda WooCommerce<\/li>\n<li>Permite a los clientes encontrar f\u00e1cilmente los productos que est\u00e1n buscando<\/li>\n<li>Numerosas opciones de filtro disponibles como color, tama\u00f1o, precio, calificaci\u00f3n y m\u00e1s<\/li>\n<li>Pantalla de filtro totalmente personalizable para que coincida con la marca y el dise\u00f1o de su tienda<\/li>\n<li>Filtrar por m\u00faltiples opciones simult\u00e1neamente para obtener resultados m\u00e1s refinados<\/li>\n<li>Aumenta la participaci\u00f3n del cliente y reduce la tasa de rebote<\/li>\n<li>Compatible con la mayor\u00eda de los temas y complementos de WooCommerce<\/li>\n<li>F\u00e1cil instalaci\u00f3n y configuraci\u00f3n con una interfaz de usuario intuitiva<\/li>\n<li>Actualizaciones y soporte regulares para garantizar la compatibilidad con las \u00faltimas versiones de WooCommerce<\/li>\n<\/ul>\n","protected":false},"excerpt":{"rendered":"<p>El complemento de filtros de productos WooCommerce es una herramienta robusta y altamente efectiva que mejora significativamente la experiencia de compra en su sitio web de comercio electr\u00f3nico. Al incorporar este complemento excepcional, los clientes est\u00e1n facultados para buscar y filtrar productos sin esfuerzo a trav\u00e9s de una variedad de criterios diversos, incluidos, entre otros, el rango de precios, el tipo de producto, la marca y muchos otros par\u00e1metros. Como resultado, esta caracter\u00edstica invaluable facilita un nivel elevado de satisfacci\u00f3n del cliente al ofrecer una experiencia de compra personalizada y a medida. Adem\u00e1s, el complemento cuenta con una interfaz de usuario incre\u00edblemente intuitiva, lo que permite una navegaci\u00f3n perfecta y una experiencia general f\u00e1cil de usar. Adem\u00e1s, su naturaleza personalizable garantiza que pueda adaptar y ajustar sin esfuerzo sus funcionalidades para alinearse perfectamente con sus requisitos \u00fanicos y espec\u00edficos. \u00a1Abrace hoy las capacidades extraordinarias de los filtros de productos de WooCommerce y presencie un impulso notable en su negocio de comercio electr\u00f3nico!<\/p>\n","protected":false},"featured_media":168225,"comment_status":"open","ping_status":"open","template":"","meta":[],"product_brand":[2344],"product_cat":[1208,1207,1206],"product_tag":[1423],"class_list":{"0":"post-121596","1":"product","2":"type-product","3":"status-publish","4":"has-post-thumbnail","6":"product_brand-woocommerce","7":"product_cat-administracion","8":"product_cat-comercio-electronico-plugins","9":"product_cat-plugins","10":"product_tag-woocommerce","11":"member-discount","12":"discount-restricted","14":"first","15":"instock","16":"sale","17":"downloadable","18":"virtual","19":"sold-individually","20":"purchasable","21":"product-type-simple"},"_links":{"self":[{"href":"https:\/\/gpl-love.com\/es\/wp-json\/wp\/v2\/product\/121596","targetHints":{"allow":["GET"]}}],"collection":[{"href":"https:\/\/gpl-love.com\/es\/wp-json\/wp\/v2\/product"}],"about":[{"href":"https:\/\/gpl-love.com\/es\/wp-json\/wp\/v2\/types\/product"}],"replies":[{"embeddable":true,"href":"https:\/\/gpl-love.com\/es\/wp-json\/wp\/v2\/comments?post=121596"}],"wp:featuredmedia":[{"embeddable":true,"href":"https:\/\/gpl-love.com\/es\/wp-json\/wp\/v2\/media\/168225"}],"wp:attachment":[{"href":"https:\/\/gpl-love.com\/es\/wp-json\/wp\/v2\/media?parent=121596"}],"wp:term":[{"taxonomy":"product_brand","embeddable":true,"href":"https:\/\/gpl-love.com\/es\/wp-json\/wp\/v2\/product_brand?post=121596"},{"taxonomy":"product_cat","embeddable":true,"href":"https:\/\/gpl-love.com\/es\/wp-json\/wp\/v2\/product_cat?post=121596"},{"taxonomy":"product_tag","embeddable":true,"href":"https:\/\/gpl-love.com\/es\/wp-json\/wp\/v2\/product_tag?post=121596"}],"curies":[{"name":"wp","href":"https:\/\/api.w.org\/{rel}","templated":true}]}}