{"id":121594,"date":"2025-10-20T00:00:00","date_gmt":"2025-10-20T05:00:00","guid":{"rendered":"https:\/\/gpl-love.com\/es\/producto\/woocommerce-product-documents\/"},"modified":"2026-03-09T08:24:24","modified_gmt":"2026-03-09T13:24:24","slug":"woocommerce-product-documents","status":"publish","type":"product","link":"https:\/\/gpl-love.com\/es\/producto\/woocommerce-product-documents\/","title":{"rendered":"WooCommerce Product Documents 1.15.3"},"content":{"rendered":"<h3>WooCommerce Product Documents Caracteristicas<\/h3>\n<p>El complemento de documentos del producto WooCommerce es una herramienta notablemente robusta que ofrece la conveniencia de consolidar toda su documentaci\u00f3n relacionada con el producto en una ubicaci\u00f3n singular. Este complemento excepcional le permite cargar sin esfuerzo y administrar efectivamente varios tipos de documentos, como manuales de usuario, gu\u00edas de instalaci\u00f3n, garant\u00edas y m\u00e1s, directamente en sus productos de WooCommerce. Al hacerlo, facilita el acceso de sus clientes a informaci\u00f3n vital relacionada con sus productos, mejorando significativamente su experiencia general de compra y disminuyendo al mismo tiempo la frecuencia de consultas de soporte que recibe. Adem\u00e1s, este complemento cuenta con una interfaz f\u00e1cil de usar y una personalizaci\u00f3n completa, brind\u00e1ndole la capacidad de asignar permisos de acceso para cada documento e incluso mostrarlos dentro de una pesta\u00f1a personalizada en su p\u00e1gina de productos. Dadas estas caracter\u00edsticas muy ventajosas, se vuelve innegable que el complemento de documentos de productos de WooCommerce es un activo indispensable para cualquier minorista en l\u00ednea astuto que busque con avidez proporcionar a sus clientes una experiencia de compra con todo lo que abarca y sin problemas.<\/p>\n<ul>\n<li>Genere y adjunte autom\u00e1ticamente la documentaci\u00f3n relevante del producto a las p\u00e1ginas de productos de WooCommerce<\/li>\n<li>Alegar el proceso de gesti\u00f3n y distribuci\u00f3n de informaci\u00f3n del producto a los clientes<\/li>\n<li>Mejorar la satisfacci\u00f3n del cliente proporcionando un f\u00e1cil acceso a la informaci\u00f3n relevante del producto<\/li>\n<li>Compatible con una amplia gama de tipos y formatos de archivos (PDF, Word, Excel, etc.)<\/li>\n<li>Personalizable para satisfacer las necesidades espec\u00edficas y la marca de su negocio<\/li>\n<li>Ahorra tiempo y reduce el riesgo de errores mediante la automatizaci\u00f3n del proceso de adjuntar documentos a las p\u00e1ginas de productos<\/li>\n<li>Mejora la transparencia y la confianza del producto al proporcionar a los clientes informaci\u00f3n completa y precisa del producto.<\/li>\n<li>F\u00e1cil de instalar y f\u00e1cil de usar, incluso para aquellos sin antecedentes t\u00e9cnicos<\/li>\n<li>Compatible con una amplia gama de temas y complementos de WooCommerce<\/li>\n<li>Ayuda a las empresas a cumplir con los requisitos reglamentarios al proporcionar un f\u00e1cil acceso a la informaci\u00f3n requerida del producto.<\/li>\n<\/ul>\n","protected":false},"excerpt":{"rendered":"<p>Los documentos del producto de WooCommerce sirven como una herramienta invaluable para los propietarios de tiendas en l\u00ednea al proporcionarles la capacidad de agregar documentos significativos a sus p\u00e1ginas de productos, abarcar manuales de usuarios, gu\u00edas de instalaci\u00f3n o informaci\u00f3n de garant\u00eda. Al proporcionar a su estimada clientela esta informaci\u00f3n complementaria, tiene el potencial de fomentar un sentido aumentado de dependencia en su marca, mejorando as\u00ed su experiencia de compra en su sitio web. Gracias a los documentos de productos de WooCommerce f\u00e1ciles de usar, est\u00e1 habilitado para cargar y regular todos los documentos de su producto dentro de una plataforma consolidada, facilitando as\u00ed el proceso de mantener la organizaci\u00f3n y garantizar la informaci\u00f3n m\u00e1s actualizada. No pierda tiempo y comience a aprovechar el poder de los documentos del producto WooCommerce para optimizar su tienda en l\u00ednea y saciar las necesidades informativas de sus clientes.<\/p>\n","protected":false},"featured_media":168222,"comment_status":"open","ping_status":"open","template":"","meta":[],"product_brand":[2344],"product_cat":[1208,1207,1206],"product_tag":[1423],"class_list":{"0":"post-121594","1":"product","2":"type-product","3":"status-publish","4":"has-post-thumbnail","6":"product_brand-woocommerce","7":"product_cat-administracion","8":"product_cat-comercio-electronico-plugins","9":"product_cat-plugins","10":"product_tag-woocommerce","11":"member-discount","12":"discount-restricted","14":"first","15":"instock","16":"sale","17":"downloadable","18":"virtual","19":"sold-individually","20":"purchasable","21":"product-type-simple"},"_links":{"self":[{"href":"https:\/\/gpl-love.com\/es\/wp-json\/wp\/v2\/product\/121594","targetHints":{"allow":["GET"]}}],"collection":[{"href":"https:\/\/gpl-love.com\/es\/wp-json\/wp\/v2\/product"}],"about":[{"href":"https:\/\/gpl-love.com\/es\/wp-json\/wp\/v2\/types\/product"}],"replies":[{"embeddable":true,"href":"https:\/\/gpl-love.com\/es\/wp-json\/wp\/v2\/comments?post=121594"}],"wp:featuredmedia":[{"embeddable":true,"href":"https:\/\/gpl-love.com\/es\/wp-json\/wp\/v2\/media\/168222"}],"wp:attachment":[{"href":"https:\/\/gpl-love.com\/es\/wp-json\/wp\/v2\/media?parent=121594"}],"wp:term":[{"taxonomy":"product_brand","embeddable":true,"href":"https:\/\/gpl-love.com\/es\/wp-json\/wp\/v2\/product_brand?post=121594"},{"taxonomy":"product_cat","embeddable":true,"href":"https:\/\/gpl-love.com\/es\/wp-json\/wp\/v2\/product_cat?post=121594"},{"taxonomy":"product_tag","embeddable":true,"href":"https:\/\/gpl-love.com\/es\/wp-json\/wp\/v2\/product_tag?post=121594"}],"curies":[{"name":"wp","href":"https:\/\/api.w.org\/{rel}","templated":true}]}}