{"id":121592,"date":"2025-11-27T00:00:00","date_gmt":"2025-11-27T05:00:00","guid":{"rendered":"https:\/\/gpl-love.com\/es\/producto\/woocommerce-product-csv-import-suite\/"},"modified":"2026-03-09T08:24:22","modified_gmt":"2026-03-09T13:24:22","slug":"woocommerce-product-csv-import-suite","status":"publish","type":"product","link":"https:\/\/gpl-love.com\/es\/producto\/woocommerce-product-csv-import-suite\/","title":{"rendered":"WooCommerce Product CSV Import Suite 1.10.81"},"content":{"rendered":"<h3>WooCommerce Product CSV Import Suite Caracteristicas<\/h3>\n<p>La suite de importaci\u00f3n CSV Product CSV se presenta como un instrumento formidable y competente meticulosamente elaborado con el prop\u00f3sito de simplificar el intrincado proceso de importaci\u00f3n y gesti\u00f3n eficiente de productos dentro de los confinamientos de su tienda virtual. Esta suite est\u00e1 fortificada con capacidades excepcionales, lo que le brinda la conveniencia de cargar e importar archivos CSV abundantes con datos integrales de productos, facilitando as\u00ed la gesti\u00f3n perfecta de cat\u00e1logos de productos extensos o la actualizaci\u00f3n sin interrupciones de productos existentes con informaci\u00f3n fresca y pertinente. La interfaz perfectamente navegable, junto con una extensa variedad de opciones personalizables, hace que esta suite sea un activo indispensable para cualquier propietario de una tienda en l\u00ednea que se esfuerce por optimizar y acelerar sus operaciones de gesti\u00f3n de productos. Independientemente de si sus intenciones giran en torno a la tarea imperativa de importar productos de sus proveedores de confianza o simplemente requieren la actualizaci\u00f3n vital de su base de datos de productos, la suite de importaci\u00f3n CSV de productos WooCommerce surge como una herramienta indispensable para cualquier empresa de comercio electr\u00f3nico.<\/p>\n<ul>\n<li>Importaci\u00f3n r\u00e1pida y f\u00e1cil de grandes cantidades de productos a su tienda WooCommerce<\/li>\n<li>Mapeo autom\u00e1tico de columnas a los campos de productos de WooCommerce para una integraci\u00f3n suave<\/li>\n<li>Capacidad para crear y actualizar productos con toda la informaci\u00f3n relevante a trav\u00e9s del archivo CSV<\/li>\n<li>Admite m\u00faltiples formatos de archivo CSV que incluyen Excel, Google Sheets y OpenOffice<\/li>\n<li>Las opciones de mapeo flexible permiten la personalizaci\u00f3n de la configuraci\u00f3n de importaci\u00f3n para satisfacer sus necesidades<\/li>\n<li>La funci\u00f3n de importaci\u00f3n por lotes permite la importaci\u00f3n de m\u00faltiples archivos CSV a la vez<\/li>\n<li>Ahorra tiempo y reduce los errores al eliminar la necesidad de entrada de datos manuales<\/li>\n<li>Funciona sin problemas con los complementos de productos de WooCommerce, lo que permite la importaci\u00f3n f\u00e1cil de campos de complementos<\/li>\n<li>Compatible con configuraciones multisitio de WordPress para una f\u00e1cil gesti\u00f3n de m\u00faltiples tiendas<\/li>\n<\/ul>\n","protected":false},"excerpt":{"rendered":"<p>La suite de importaci\u00f3n CSV Product CSV de WooCommerce es un recurso notablemente robusto e influyente que ha sido meticulosamente elaborado para proporcionar asistencia invaluable para importar sin esfuerzo una amplia gama de productos en su tienda WooCommerce. Esta suite integral le capacita la capacidad de importar sin problemas una variedad de detalles del producto, que abarca todo, desde im\u00e1genes de productos visualmente cautivadoras hasta descripciones meticulosamente elaboradas, precios determinados diligentemente y una gran cantidad de informaci\u00f3n pertinente adicional, todas desde un archivo CSV convenientemente accesible convenientemente. Al utilizar esta herramienta formidable, puede economizar significativamente tanto el tiempo como el esfuerzo, particularmente cuando se enfrenta a la formidable tarea de administrar un inventario sustancial. Con la entrada: suite de importaci\u00f3n CSV del producto WooCommerce, se le otorga la capacidad incomparable para organizar y analizar meticulosamente sus datos, asegurando as\u00ed la mayor precisi\u00f3n y la erradicaci\u00f3n completa de cualquier error potencial. Sin duda, se destaca como un activo indispensable para cada propietario de la tienda WooCommerce exigente que busca fervientemente optimizar y simplificar sus procedimientos generales de gesti\u00f3n de productos.<\/p>\n","protected":false},"featured_media":168221,"comment_status":"open","ping_status":"open","template":"","meta":[],"product_brand":[2344],"product_cat":[1208,1207,1206],"product_tag":[1423],"class_list":{"0":"post-121592","1":"product","2":"type-product","3":"status-publish","4":"has-post-thumbnail","6":"product_brand-woocommerce","7":"product_cat-administracion","8":"product_cat-comercio-electronico-plugins","9":"product_cat-plugins","10":"product_tag-woocommerce","11":"member-discount","12":"discount-restricted","14":"first","15":"instock","16":"sale","17":"downloadable","18":"virtual","19":"sold-individually","20":"purchasable","21":"product-type-simple"},"_links":{"self":[{"href":"https:\/\/gpl-love.com\/es\/wp-json\/wp\/v2\/product\/121592","targetHints":{"allow":["GET"]}}],"collection":[{"href":"https:\/\/gpl-love.com\/es\/wp-json\/wp\/v2\/product"}],"about":[{"href":"https:\/\/gpl-love.com\/es\/wp-json\/wp\/v2\/types\/product"}],"replies":[{"embeddable":true,"href":"https:\/\/gpl-love.com\/es\/wp-json\/wp\/v2\/comments?post=121592"}],"wp:featuredmedia":[{"embeddable":true,"href":"https:\/\/gpl-love.com\/es\/wp-json\/wp\/v2\/media\/168221"}],"wp:attachment":[{"href":"https:\/\/gpl-love.com\/es\/wp-json\/wp\/v2\/media?parent=121592"}],"wp:term":[{"taxonomy":"product_brand","embeddable":true,"href":"https:\/\/gpl-love.com\/es\/wp-json\/wp\/v2\/product_brand?post=121592"},{"taxonomy":"product_cat","embeddable":true,"href":"https:\/\/gpl-love.com\/es\/wp-json\/wp\/v2\/product_cat?post=121592"},{"taxonomy":"product_tag","embeddable":true,"href":"https:\/\/gpl-love.com\/es\/wp-json\/wp\/v2\/product_tag?post=121592"}],"curies":[{"name":"wp","href":"https:\/\/api.w.org\/{rel}","templated":true}]}}