{"id":121590,"date":"2026-02-26T00:00:00","date_gmt":"2026-02-26T05:00:00","guid":{"rendered":"https:\/\/gpl-love.com\/es\/producto\/woocommerce-product-bundles\/"},"modified":"2026-04-10T11:33:16","modified_gmt":"2026-04-10T16:33:16","slug":"woocommerce-product-bundles","status":"publish","type":"product","link":"https:\/\/gpl-love.com\/es\/producto\/woocommerce-product-bundles\/","title":{"rendered":"WooCommerce Product Bundles 8.5.6"},"content":{"rendered":"<h3>WooCommerce Product Bundles Caracteristicas<\/h3>\n<p>WooCommerce Product Bundles es un complemento excepcionalmente robusto que otorga a los propietarios de tiendas la capacidad de inventar productos agrupados y presentarlos a sus clientes a un precio reducido. Empodera la creaci\u00f3n de paquetes de productos que abarcan varias variaciones, lo que permite a los propietarios de tiendas atender a sus clientes con opciones de paquetes a medida. El complemento otorga la provisi\u00f3n de alternativas de precios flexibles, acomodando as\u00ed el porcentaje y los descuentos fijos, y tambi\u00e9n confiere la capacidad de establecer cantidades m\u00ednimas y m\u00e1ximas para los art\u00edculos del paquete. Este complemento es particularmente adecuado para las tiendas de comercio electr\u00f3nico que aspiran a aumentar sus ventas ofreciendo acuerdos y promociones exclusivas a sus estimados clientes. Cuenta con una experiencia de usuario sin esfuerzo y puede integrarse perfectamente con otros complementos de WooCommerce, lo que aumenta la funcionalidad de su tienda en l\u00ednea. Con la utilizaci\u00f3n de los paquetes de productos de WooCommerce, puede proporcionar a sus clientes un medio f\u00e1cilmente accesible e irresistiblemente atractivo para adquirir una mayor cantidad de productos a un precio disminuido, lo que finalmente catapultea sus ventas en l\u00ednea a alturas sin precedentes.<\/p>\n<ul>\n<li>Le permite crear paquetes de productos con opciones personalizables<\/li>\n<li>Ofrece a sus clientes una forma conveniente de comprar art\u00edculos relacionados juntos<\/li>\n<li>Ahorra tiempo simplificando el proceso de pago para los clientes<\/li>\n<li>Aumenta los ingresos y alienta a las ventas altas al ofrecer productos agrupados a un precio con descuento<\/li>\n<li>Se puede usar para productos f\u00edsicos o digitales<\/li>\n<li>Admite diferentes modelos de precios, incluidos precios fijos, din\u00e1micos y basados \u200b\u200ben porcentaje<\/li>\n<li>Le permite administrar f\u00e1cilmente el inventario para productos agrupados y art\u00edculos individuales.<\/li>\n<li>Proporciona informes detallados sobre las ventas de productos y los niveles de inventario.<\/li>\n<li>Se integra a la perfecci\u00f3n con WooCommerce, la plataforma de comercio electr\u00f3nico m\u00e1s popular<\/li>\n<li>Ofrece una variedad de opciones de personalizaci\u00f3n para que coincidan con su marca y dise\u00f1o de sitios web.<\/li>\n<\/ul>\n","protected":false},"excerpt":{"rendered":"<p>Los paquetes de productos de WooCommerce, siendo una soluci\u00f3n altamente vers\u00e1til y f\u00e1cil de usar, le capacita crear paquetes de productos personalizados sin esfuerzo en su tienda de WooCommerce. Al permitirle agrupar convenientemente numerosos productos juntos, este complemento excepcional facilita la provisi\u00f3n de descuentos atractivos o promociones exclusivas para sus valiosos clientes. A trav\u00e9s de su interfaz notablemente intuitiva y f\u00e1cil de usar, puede adaptar sin problemas los precios del paquete, las cantidades de productos y otros aspectos de acuerdo con sus preferencias \u00fanicas. Sin lugar a dudas, esta herramienta inmensamente potente es fundamental para aumentar significativamente sus cifras de ventas al tiempo que mejora la experiencia general de compra para su estimada clientela.<\/p>\n","protected":false},"featured_media":168218,"comment_status":"open","ping_status":"open","template":"","meta":[],"product_brand":[2344],"product_cat":[1208,1207,1206],"product_tag":[1423],"class_list":{"0":"post-121590","1":"product","2":"type-product","3":"status-publish","4":"has-post-thumbnail","6":"product_brand-woocommerce","7":"product_cat-administracion","8":"product_cat-comercio-electronico-plugins","9":"product_cat-plugins","10":"product_tag-woocommerce","11":"member-discount","12":"discount-restricted","14":"first","15":"instock","16":"sale","17":"downloadable","18":"virtual","19":"sold-individually","20":"purchasable","21":"product-type-simple"},"_links":{"self":[{"href":"https:\/\/gpl-love.com\/es\/wp-json\/wp\/v2\/product\/121590","targetHints":{"allow":["GET"]}}],"collection":[{"href":"https:\/\/gpl-love.com\/es\/wp-json\/wp\/v2\/product"}],"about":[{"href":"https:\/\/gpl-love.com\/es\/wp-json\/wp\/v2\/types\/product"}],"replies":[{"embeddable":true,"href":"https:\/\/gpl-love.com\/es\/wp-json\/wp\/v2\/comments?post=121590"}],"wp:featuredmedia":[{"embeddable":true,"href":"https:\/\/gpl-love.com\/es\/wp-json\/wp\/v2\/media\/168218"}],"wp:attachment":[{"href":"https:\/\/gpl-love.com\/es\/wp-json\/wp\/v2\/media?parent=121590"}],"wp:term":[{"taxonomy":"product_brand","embeddable":true,"href":"https:\/\/gpl-love.com\/es\/wp-json\/wp\/v2\/product_brand?post=121590"},{"taxonomy":"product_cat","embeddable":true,"href":"https:\/\/gpl-love.com\/es\/wp-json\/wp\/v2\/product_cat?post=121590"},{"taxonomy":"product_tag","embeddable":true,"href":"https:\/\/gpl-love.com\/es\/wp-json\/wp\/v2\/product_tag?post=121590"}],"curies":[{"name":"wp","href":"https:\/\/api.w.org\/{rel}","templated":true}]}}