{"id":121588,"date":"2026-02-26T00:00:00","date_gmt":"2026-02-26T05:00:00","guid":{"rendered":"https:\/\/gpl-love.com\/es\/producto\/woocommerce-product-add-ons\/"},"modified":"2026-04-10T11:33:14","modified_gmt":"2026-04-10T16:33:14","slug":"woocommerce-product-add-ons","status":"publish","type":"product","link":"https:\/\/gpl-love.com\/es\/producto\/woocommerce-product-add-ons\/","title":{"rendered":"WooCommerce Product Addons 8.2.0"},"content":{"rendered":"<h3>WooCommerce Product Addons Caracteristicas<\/h3>\n<p>El complemento de complementos de productos de WooCommerce es una herramienta incre\u00edblemente poderosa que mejora en gran medida la funcionalidad de una tienda de WooCommerce. Permite a los usuarios incorporar sin esfuerzo opciones de productos personalizados, ofreciendo as\u00ed un nivel de personalizaci\u00f3n incomparable. Este notable complemento cuenta con una extensa gama de opciones, que incluye casillas de verificaci\u00f3n, \u00e1reas de texto, menores, cargas de archivos y mucho m\u00e1s. Al utilizar estas caracter\u00edsticas vers\u00e1tiles, los clientes pueden crear sin esfuerzo productos a medida que satisfacen sus necesidades y deseos espec\u00edficos. Lo que distingue el complemento de complementos de productos de WooCommerce de otros es su notable nivel de flexibilidad. Se puede personalizar f\u00e1cilmente para adaptarse a los requisitos \u00fanicos de cualquier negocio. Los propietarios de tiendas tienen la libertad de crear opciones que realmente resuenen con su marca individual. Adem\u00e1s, la interfaz f\u00e1cil de usar y las caracter\u00edsticas dise\u00f1adas intuitivamente hacen que este complemento sea un esencial absoluto para cualquier negocio ansioso por elevar su tienda en l\u00ednea a nuevas alturas de \u00e9xito. Independientemente de si opera una peque\u00f1a empresa modesta o una gran empresa, el complemento de complementos de productos de WooCommerce es la soluci\u00f3n definitiva para mejorar su tienda de comercio electr\u00f3nico y proporcionar a sus clientes valorados una experiencia de compra inolvidable e incomparable.<\/p>\n<ul>\n<li>Agregue opciones de productos personalizados a su tienda WooCommerce<\/li>\n<li>Ofrecer opciones y actualizaciones adicionales a sus clientes<\/li>\n<li>Crear y administrar f\u00e1cilmente una variedad de complementos de productos<\/li>\n<li>Elija entre m\u00faltiples tipos de complementos que incluyen casillas de verificaci\u00f3n, campos de texto y men\u00fas desplegables<\/li>\n<li>Establecer precios personalizados para cada opci\u00f3n de complemento<\/li>\n<li>Totalmente compatible con wooCommerce y todos los temas y complementos principales<\/li>\n<li>Mejorar la satisfacci\u00f3n del cliente y aumentar las ventas con opciones de productos personalizados<\/li>\n<li>Simplifique el proceso de pedido y reduzca las preguntas y devoluciones del cliente<\/li>\n<li>Aumentar las opciones de flexibilidad y personalizaci\u00f3n para su tienda en l\u00ednea<\/li>\n<li>Configuraci\u00f3n r\u00e1pida y f\u00e1cil con interfaz de usuario intuitiva y documentaci\u00f3n detallada.<\/li>\n<\/ul>\n","protected":false},"excerpt":{"rendered":"<p>Los complementos del producto de WooCommerce, una herramienta extremadamente influyente, le facilita incorporar sin esfuerzo opciones y personalizaciones a su surtido de productos de WooCommerce. Independientemente de si est\u00e1 vendiendo bienes tangibles o intangibles, este notable complemento agiliza el proceso de proporcionar a su clientela un grado incomparable de versatilidad y personalizaci\u00f3n. Al aprovechar las funcionalidades avanzadas, como la l\u00f3gica condicional, los precios personalizados y la agrupaci\u00f3n de productos, tiene la capacidad de fabricar ofertas de productos verdaderamente incomparables que sin duda se destacen dentro de un mercado en l\u00ednea superpoblado. Por lo tanto, si est\u00e1 buscando sinceramente un medio para elevar su tienda de WooCommerce a alturas sin precedentes, los complementos del producto WooCommerce surgen inequ\u00edvocamente como un activo indispensable.<\/p>\n","protected":false},"featured_media":168216,"comment_status":"open","ping_status":"open","template":"","meta":[],"product_brand":[2344],"product_cat":[1208,1207,1206],"product_tag":[1423],"class_list":{"0":"post-121588","1":"product","2":"type-product","3":"status-publish","4":"has-post-thumbnail","6":"product_brand-woocommerce","7":"product_cat-administracion","8":"product_cat-comercio-electronico-plugins","9":"product_cat-plugins","10":"product_tag-woocommerce","11":"member-discount","12":"discount-restricted","14":"first","15":"instock","16":"sale","17":"downloadable","18":"virtual","19":"sold-individually","20":"purchasable","21":"product-type-simple"},"_links":{"self":[{"href":"https:\/\/gpl-love.com\/es\/wp-json\/wp\/v2\/product\/121588","targetHints":{"allow":["GET"]}}],"collection":[{"href":"https:\/\/gpl-love.com\/es\/wp-json\/wp\/v2\/product"}],"about":[{"href":"https:\/\/gpl-love.com\/es\/wp-json\/wp\/v2\/types\/product"}],"replies":[{"embeddable":true,"href":"https:\/\/gpl-love.com\/es\/wp-json\/wp\/v2\/comments?post=121588"}],"wp:featuredmedia":[{"embeddable":true,"href":"https:\/\/gpl-love.com\/es\/wp-json\/wp\/v2\/media\/168216"}],"wp:attachment":[{"href":"https:\/\/gpl-love.com\/es\/wp-json\/wp\/v2\/media?parent=121588"}],"wp:term":[{"taxonomy":"product_brand","embeddable":true,"href":"https:\/\/gpl-love.com\/es\/wp-json\/wp\/v2\/product_brand?post=121588"},{"taxonomy":"product_cat","embeddable":true,"href":"https:\/\/gpl-love.com\/es\/wp-json\/wp\/v2\/product_cat?post=121588"},{"taxonomy":"product_tag","embeddable":true,"href":"https:\/\/gpl-love.com\/es\/wp-json\/wp\/v2\/product_tag?post=121588"}],"curies":[{"name":"wp","href":"https:\/\/api.w.org\/{rel}","templated":true}]}}