{"id":121586,"date":"2025-10-16T00:00:00","date_gmt":"2025-10-16T05:00:00","guid":{"rendered":"https:\/\/gpl-love.com\/es\/producto\/woocommerce-print-invoices-y-packing-lists\/"},"modified":"2026-03-09T08:24:13","modified_gmt":"2026-03-09T13:24:13","slug":"woocommerce-print-invoices-y-packing-lists","status":"publish","type":"product","link":"https:\/\/gpl-love.com\/es\/producto\/woocommerce-print-invoices-y-packing-lists\/","title":{"rendered":"WooCommerce Print Invoices y Packing Lists 3.14.1"},"content":{"rendered":"<h3>WooCommerce Print Invoices y Packing Lists Caracteristicas<\/h3>\n<p>WooCommerce imprima las facturas y las listas de embalaje, una herramienta altamente indispensable, satisface las necesidades de los propietarios de tiendas en l\u00ednea que utilizan la plataforma WooCommerce. Este notable complemento facilita la impresi\u00f3n perfecta y eficiente de las facturas y las listas de embalaje, beneficiando significativamente a los propietarios de las tiendas. El complemento ofrece una gama de plantillas personalizables, lo que permite a los propietarios de tiendas adaptar sus documentos para adaptarse a su identidad de marca \u00fanica. Adem\u00e1s, la capacidad de generar facturas y listas de embalaje en grandes cantidades mejora a\u00fan m\u00e1s la eficacia de este complemento, lo que permite a los propietarios de tiendas ahorrar preciosos tiempo y recursos. En particular, esta herramienta excepcional tambi\u00e9n garantiza que los propietarios de tiendas se adhieran a los requisitos legales al equipar a los clientes con la documentaci\u00f3n adecuada de sus compras. En consecuencia, las facturas de impresi\u00f3n y las listas de embalaje de WooCommerce son un activo invaluable para los propietarios de tiendas que buscan optimizar el proceso de cumplimiento de su pedido y elevar su experiencia de cliente a alturas incomparables.<\/p>\n<ul>\n<li>Genera facturas de aspecto profesional y listas de embalaje en WooCommerce<\/li>\n<li>Ahorra tiempo y reduce los errores al automatizar el proceso de factura y lista de empaque<\/li>\n<li>Permite la personalizaci\u00f3n de las plantillas de la lista de facturas y el embalaje<\/li>\n<li>Se integra f\u00e1cilmente con otras extensiones de WooCommerce y servicios de terceros<\/li>\n<li>Proporciona informaci\u00f3n de pedidos y detalles de seguimiento para clientes y empresas<\/li>\n<li>Aumenta la eficiencia en los procesos de cumplimiento y env\u00edo<\/li>\n<li>Registro de l\u00ednea de mantenimiento de registros para una gesti\u00f3n de pedidos m\u00e1s f\u00e1cil y seguimiento financiero<\/li>\n<li>Mejora la experiencia del cliente con documentaci\u00f3n de pedido claro y organizado<\/li>\n<li>Incluye el apoyo de un equipo de desarrollo experimentado para cualquier problema t\u00e9cnico o personalizaci\u00f3n necesaria.<\/li>\n<\/ul>\n","protected":false},"excerpt":{"rendered":"<p>El complemento de facturas y listas de embalaje de WooCommerce es una herramienta indispensable que ofrece una soluci\u00f3n perfecta para administrar sus pedidos con la m\u00e1xima eficiencia. Simplemente navegando a trav\u00e9s de algunos clics intuitivos, tiene el poder de generar e imprimir facturas impecables y listas de embalaje meticulosamente elaboradas para todos sus pedidos de WooCommerce. No importa si usted es un propietario de peque\u00f1as empresas diligentes, una bulliciosa empresa de comercio electr\u00f3nico, o incluso un minorista colosal, ya que este ingenioso complemento agiliza sin esfuerzo sus esfuerzos de procesamiento de pedidos, lo que le permite enviar pedidos de inmediato con s\u00edntesis sin precedentes. Adem\u00e1s, se le otorga la capacidad de personalizar su factura y plantillas de empaque de una manera que se alinee sin problemas con su marca distintiva y preferencias est\u00e9ticas. \u00a1Ac\u00e9tate a la ardua tarea de la creaci\u00f3n manual de facturaci\u00f3n y la lista de empaque, y adopta el potencial sin explotar de las facturas de impresi\u00f3n y las listas de embalaje de WooCommerce sin m\u00e1s pre\u00e1mbulos!<\/p>\n","protected":false},"featured_media":168214,"comment_status":"open","ping_status":"open","template":"","meta":[],"product_brand":[2344],"product_cat":[1208,1207,1206],"product_tag":[1423],"class_list":{"0":"post-121586","1":"product","2":"type-product","3":"status-publish","4":"has-post-thumbnail","6":"product_brand-woocommerce","7":"product_cat-administracion","8":"product_cat-comercio-electronico-plugins","9":"product_cat-plugins","10":"product_tag-woocommerce","11":"member-discount","12":"discount-restricted","14":"first","15":"instock","16":"sale","17":"downloadable","18":"virtual","19":"sold-individually","20":"purchasable","21":"product-type-simple"},"_links":{"self":[{"href":"https:\/\/gpl-love.com\/es\/wp-json\/wp\/v2\/product\/121586","targetHints":{"allow":["GET"]}}],"collection":[{"href":"https:\/\/gpl-love.com\/es\/wp-json\/wp\/v2\/product"}],"about":[{"href":"https:\/\/gpl-love.com\/es\/wp-json\/wp\/v2\/types\/product"}],"replies":[{"embeddable":true,"href":"https:\/\/gpl-love.com\/es\/wp-json\/wp\/v2\/comments?post=121586"}],"wp:featuredmedia":[{"embeddable":true,"href":"https:\/\/gpl-love.com\/es\/wp-json\/wp\/v2\/media\/168214"}],"wp:attachment":[{"href":"https:\/\/gpl-love.com\/es\/wp-json\/wp\/v2\/media?parent=121586"}],"wp:term":[{"taxonomy":"product_brand","embeddable":true,"href":"https:\/\/gpl-love.com\/es\/wp-json\/wp\/v2\/product_brand?post=121586"},{"taxonomy":"product_cat","embeddable":true,"href":"https:\/\/gpl-love.com\/es\/wp-json\/wp\/v2\/product_cat?post=121586"},{"taxonomy":"product_tag","embeddable":true,"href":"https:\/\/gpl-love.com\/es\/wp-json\/wp\/v2\/product_tag?post=121586"}],"curies":[{"name":"wp","href":"https:\/\/api.w.org\/{rel}","templated":true}]}}