{"id":121584,"date":"2025-09-01T00:00:00","date_gmt":"2025-09-01T05:00:00","guid":{"rendered":"https:\/\/gpl-love.com\/es\/producto\/woocommerce-points-y-rewards\/"},"modified":"2026-04-10T11:33:10","modified_gmt":"2026-04-10T16:33:10","slug":"woocommerce-points-y-rewards","status":"publish","type":"product","link":"https:\/\/gpl-love.com\/es\/producto\/woocommerce-points-y-rewards\/","title":{"rendered":"WooCommerce Points y Rewards 1.8.18"},"content":{"rendered":"<h3>WooCommerce Points y Rewards Caracteristicas<\/h3>\n<p>Al utilizar las potentes caracter\u00edsticas de los puntos y recompensas de WooCommerce, tiene la notable oportunidad de atraer a sus estimados clientes a participar en esfuerzos de compras m\u00e1s frecuentes, durante la provisi\u00f3n de puntos para cada compra que realicen. Posteriormente, estos puntos invaluables se pueden utilizar para obtener descuentos lucrativos o incluso adquirir productos complementarios, inculcando as\u00ed una sensaci\u00f3n de una profunda satisfacci\u00f3n dentro de su base de consumidores y fomentando su lealtad inquebrantable. La belleza de este notable complemento radica en su capacidad de establecer sin esfuerzo un sistema de recompensas integral, adaptada meticulosamente para acomodar valores de puntos variables, al tiempo que otorga simult\u00e1neamente el privilegio de asignar puntos de bonificaci\u00f3n por acciones encomiables espec\u00edficas, como suscribirse a un bolet\u00edn o recomendar un querido amigo. Adem\u00e1s, la integraci\u00f3n perfecta de este complemento con su tienda WooCommerce le permite monitorear diligentemente y rastrear meticulosamente los saldos de los puntos de los clientes, as\u00ed como supervisar efectivamente el ciclo virtuoso de la redenci\u00f3n de recompensas, que culmin\u00f3 en una experiencia de compra incomparable para todas las partes involucradas.<\/p>\n<ul>\n<li>WooCommerce Puntos y el complemento de recompensas permite a los propietarios de tiendas en l\u00ednea implementar un sistema de puntos y recompensas para sus clientes.<\/li>\n<li>Ayuda a impulsar la retenci\u00f3n y la lealtad de los clientes al ofrecer puntos de recompensa por sus compras y otras actividades.<\/li>\n<li>Los propietarios de tiendas pueden establecer varias reglas de ganancias y redenci\u00f3n para motivar a los clientes a comprar m\u00e1s e interactuar con la tienda.<\/li>\n<li>Los clientes pueden ver su saldo de puntos en la p\u00e1gina de su cuenta y rastrear f\u00e1cilmente sus recompensas.<\/li>\n<li>El complemento admite pol\u00edticas de vencimiento de m\u00faltiples puntos para crear una sensaci\u00f3n de urgencia y alentar a los clientes a canjear sus puntos r\u00e1pidamente.<\/li>\n<li>Los propietarios de las tiendas pueden personalizar la apariencia del programa de recompensas para que coincida con su marca y las preferencias de los clientes.<\/li>\n<li>El complemento tambi\u00e9n proporciona informes y an\u00e1lisis detallados para ayudar a los propietarios de las tiendas a analizar el rendimiento de su programa de recompensas y tomar decisiones informadas.<\/li>\n<li>Los puntos y recompensas de WooCommerce son f\u00e1ciles de instalar y configurar con configuraciones simples y orientaci\u00f3n paso a paso.<\/li>\n<li>El complemento es compatible con una variedad de pasarelas de pago y m\u00e9todos de env\u00edo, lo que lo hace adecuado para cualquier tipo de tienda en l\u00ednea.<\/li>\n<li>Con actualizaciones y soporte regulares, el complemento asegura que los propietarios de tiendas puedan proporcionar la mejor experiencia posible a sus clientes.<\/li>\n<\/ul>\n","protected":false},"excerpt":{"rendered":"<p>Los puntos y recompensas de WooCommerce sirven como un complemento excepcionalmente eficiente, facilitando el establecimiento sin problemas de un programa de fidelizaci\u00f3n del cliente dentro de su tienda de WooCommerce. Esta herramienta excepcional le otorga la capacidad de otorgar puntos a sus estimados clientes para sus compras, lo que posteriormente les otorga el privilegio de redimir dichos puntos por descuentos atractivos en pedidos posteriores. El complemento abarca una extensa variedad de caracter\u00edsticas avanzadas, incluida la capacidad de configurar m\u00faltiples niveles de ganancias y redenci\u00f3n, administrar puntos de bonificaci\u00f3n y rastrear con precisi\u00f3n la actividad del cliente. Al aprovechar el sistema de recompensas formidable presentado por los puntos y recompensas de WooCommerce, no solo mejorar\u00e1 la participaci\u00f3n y retenci\u00f3n del cliente, sino que tambi\u00e9n ser\u00e1 testigo de un aumento sustancial en las ventas.<\/p>\n","protected":false},"featured_media":168210,"comment_status":"open","ping_status":"open","template":"","meta":[],"product_brand":[2344],"product_cat":[1207,1225,1206],"product_tag":[1423],"class_list":{"0":"post-121584","1":"product","2":"type-product","3":"status-publish","4":"has-post-thumbnail","6":"product_brand-woocommerce","7":"product_cat-comercio-electronico-plugins","8":"product_cat-marketing","9":"product_cat-plugins","10":"product_tag-woocommerce","11":"member-discount","12":"discount-restricted","14":"first","15":"instock","16":"sale","17":"downloadable","18":"virtual","19":"sold-individually","20":"purchasable","21":"product-type-simple"},"_links":{"self":[{"href":"https:\/\/gpl-love.com\/es\/wp-json\/wp\/v2\/product\/121584","targetHints":{"allow":["GET"]}}],"collection":[{"href":"https:\/\/gpl-love.com\/es\/wp-json\/wp\/v2\/product"}],"about":[{"href":"https:\/\/gpl-love.com\/es\/wp-json\/wp\/v2\/types\/product"}],"replies":[{"embeddable":true,"href":"https:\/\/gpl-love.com\/es\/wp-json\/wp\/v2\/comments?post=121584"}],"wp:featuredmedia":[{"embeddable":true,"href":"https:\/\/gpl-love.com\/es\/wp-json\/wp\/v2\/media\/168210"}],"wp:attachment":[{"href":"https:\/\/gpl-love.com\/es\/wp-json\/wp\/v2\/media?parent=121584"}],"wp:term":[{"taxonomy":"product_brand","embeddable":true,"href":"https:\/\/gpl-love.com\/es\/wp-json\/wp\/v2\/product_brand?post=121584"},{"taxonomy":"product_cat","embeddable":true,"href":"https:\/\/gpl-love.com\/es\/wp-json\/wp\/v2\/product_cat?post=121584"},{"taxonomy":"product_tag","embeddable":true,"href":"https:\/\/gpl-love.com\/es\/wp-json\/wp\/v2\/product_tag?post=121584"}],"curies":[{"name":"wp","href":"https:\/\/api.w.org\/{rel}","templated":true}]}}