{"id":121582,"date":"2026-04-18T00:00:00","date_gmt":"2026-04-18T05:00:00","guid":{"rendered":"https:\/\/gpl-love.com\/es\/producto\/woocommerce-per-product-shipping\/"},"modified":"2026-04-18T17:16:46","modified_gmt":"2026-04-18T22:16:46","slug":"woocommerce-per-product-shipping","status":"publish","type":"product","link":"https:\/\/gpl-love.com\/es\/producto\/woocommerce-per-product-shipping\/","title":{"rendered":"WooCommerce Per Product Shipping 2.7.7"},"content":{"rendered":"<h3>WooCommerce Per Product Shipping Caracteristicas<\/h3>\n<p>WooCommerce por env\u00edo de productos es una extensi\u00f3n de WooCommerce altamente sofisticada e invaluable que sirve como una herramienta indispensable para los propietarios de tiendas en l\u00ednea que buscan amplificar sus capacidades de env\u00edo. Esta notable extensi\u00f3n faculta a los propietarios de tiendas con la capacidad de establecer meticulosamente tasas de env\u00edo distintas para cada producto que reside en su emporio digital. En consecuencia, esta caracter\u00edstica asombrosa permite a los propietarios de tiendas imponer con precisi\u00f3n las tarifas de env\u00edo que se adaptan con precisi\u00f3n al peso, las dimensiones e incluso el destino geogr\u00e1fico de los productos respectivos que se compran. Adem\u00e1s, esta extensi\u00f3n extraordinaria extiende su funcionalidad al permitir que los propietarios de las tiendas establezcan tasas de env\u00edo basadas en condiciones espec\u00edficas y predeterminadas, incluidas, entre otros, la clase de env\u00edo, la categor\u00eda de productos y la zona de env\u00edo. En esencia, WooCommerce por env\u00edo de productos ofrece una soluci\u00f3n notablemente flexible y altamente personalizable para administrar y administrar las tarifas de env\u00edo sin esfuerzo, en consecuencia fomentando una experiencia del cliente inequ\u00edvocamente encantadora y sin problemas.<\/p>\n<ul>\n<li>Le permite establecer tarifas de env\u00edo individuales para cada producto en su tienda WooCommerce<\/li>\n<li>Le permite adaptar los costos de env\u00edo de productos y categor\u00edas \u00fanicas.<\/li>\n<li>Ofrece opciones de env\u00edo flexibles para que los clientes elijan al pagar<\/li>\n<li>Proporciona configuraciones de configuraci\u00f3n f\u00e1cil de usar para personalizar las tarifas de env\u00edo<\/li>\n<li>Compatible con portadores de env\u00edo populares como USPS, FedEx y UPS<\/li>\n<li>Ayuda a aumentar la satisfacci\u00f3n del cliente al proporcionar precios de env\u00edo transparentes y justos<\/li>\n<li>Ahorra tiempo y frustraci\u00f3n al simplificar el proceso de gesti\u00f3n de las tarifas de env\u00edo por producto por producto<\/li>\n<li>Se puede usar junto con otros complementos de env\u00edo de WooCommerce para obtener a\u00fan m\u00e1s funcionalidad<\/li>\n<li>Ofrece documentaci\u00f3n y apoyo integrales para ayudarlo a comenzar de manera r\u00e1pida y f\u00e1cil.<\/li>\n<\/ul>\n","protected":false},"excerpt":{"rendered":"<p>WooCommerce por env\u00edo de productos, un complemento de env\u00edo excepcionalmente robusto y adaptable, le permite establecer tarifas de env\u00edo distintas para cada uno de sus productos. Este ingenioso complemento le otorga la capacidad de generar sin esfuerzo clases y configuraciones de env\u00edo personalizadas adaptadas a su tienda, present\u00e1ndole un dominio integral sobre sus costos y tarifas de env\u00edo. Independientemente de si est\u00e1 expendiendo una variedad de productos que difieren en t\u00e9rminos de dimensiones, peso o destino, WooCommerce por env\u00edo de productos garantiza una disposici\u00f3n perfecta de tarifas de env\u00edo precisas y equitativas durante el proceso de pago, garantizando la mayor satisfacci\u00f3n para sus clientes valorados. Adem\u00e1s, se integra perfectamente con WooCommerce, evitando la necesidad de cualquier esfuerzo de codificaci\u00f3n o desarrollo intrincados, lo que le permite adoptar f\u00e1cilmente su funcionalidad.<\/p>\n","protected":false},"featured_media":168206,"comment_status":"open","ping_status":"open","template":"","meta":[],"product_brand":[2344],"product_cat":[1208,1207,1206],"product_tag":[1423],"class_list":{"0":"post-121582","1":"product","2":"type-product","3":"status-publish","4":"has-post-thumbnail","6":"product_brand-woocommerce","7":"product_cat-administracion","8":"product_cat-comercio-electronico-plugins","9":"product_cat-plugins","10":"product_tag-woocommerce","11":"member-discount","12":"discount-restricted","14":"first","15":"instock","16":"sale","17":"downloadable","18":"virtual","19":"sold-individually","20":"purchasable","21":"product-type-simple"},"_links":{"self":[{"href":"https:\/\/gpl-love.com\/es\/wp-json\/wp\/v2\/product\/121582","targetHints":{"allow":["GET"]}}],"collection":[{"href":"https:\/\/gpl-love.com\/es\/wp-json\/wp\/v2\/product"}],"about":[{"href":"https:\/\/gpl-love.com\/es\/wp-json\/wp\/v2\/types\/product"}],"replies":[{"embeddable":true,"href":"https:\/\/gpl-love.com\/es\/wp-json\/wp\/v2\/comments?post=121582"}],"wp:featuredmedia":[{"embeddable":true,"href":"https:\/\/gpl-love.com\/es\/wp-json\/wp\/v2\/media\/168206"}],"wp:attachment":[{"href":"https:\/\/gpl-love.com\/es\/wp-json\/wp\/v2\/media?parent=121582"}],"wp:term":[{"taxonomy":"product_brand","embeddable":true,"href":"https:\/\/gpl-love.com\/es\/wp-json\/wp\/v2\/product_brand?post=121582"},{"taxonomy":"product_cat","embeddable":true,"href":"https:\/\/gpl-love.com\/es\/wp-json\/wp\/v2\/product_cat?post=121582"},{"taxonomy":"product_tag","embeddable":true,"href":"https:\/\/gpl-love.com\/es\/wp-json\/wp\/v2\/product_tag?post=121582"}],"curies":[{"name":"wp","href":"https:\/\/api.w.org\/{rel}","templated":true}]}}