{"id":121580,"date":"2026-03-18T00:00:00","date_gmt":"2026-03-18T05:00:00","guid":{"rendered":"https:\/\/gpl-love.com\/es\/producto\/woocommerce-pdf-watermark\/"},"modified":"2026-04-10T11:33:06","modified_gmt":"2026-04-10T16:33:06","slug":"woocommerce-pdf-watermark","status":"publish","type":"product","link":"https:\/\/gpl-love.com\/es\/producto\/woocommerce-pdf-watermark\/","title":{"rendered":"WooCommerce PDF Watermark 1.9.9"},"content":{"rendered":"<h3>WooCommerce PDF Watermark Caracteristicas<\/h3>\n<p>WooCommerce PDF WaterMark, una herramienta robusta dise\u00f1ada espec\u00edficamente con el prop\u00f3sito de salvaguardar productos digitales del uso o distribuci\u00f3n no autorizados, sirve como un activo indispensable para los propietarios de tiendas en l\u00ednea. Al incorporar este complemento de WooCommerce en sus plataformas en l\u00ednea, los usuarios est\u00e1n facultados para incrustar marcas de agua personalizadas en sus archivos PDF, lo que disuade efectivamente cualquier intento de robar o duplicar el contenido sin una autorizaci\u00f3n adecuada. El alcance de la personalizaci\u00f3n ofrecido por este complemento es vasto, que abarca no solo la inclusi\u00f3n de logotipos, textos, im\u00e1genes y otros elementos relevantes, sino tambi\u00e9n la adaptaci\u00f3n completa de estos componentes para alinearse con las preferencias particulares de los usuarios. Adem\u00e1s, la instalaci\u00f3n y la utilizaci\u00f3n de este complemento son notablemente f\u00e1ciles de usar, con una variedad de opciones de configuraci\u00f3n disponibles para facilitar los ajustes perfectos en t\u00e9rminos de posicionamiento, dimensiones, transparencia y orientaci\u00f3n de las marcas de agua. En consecuencia, con la invaluable asistencia de WooCommerce PDF Watermark, los propietarios de tiendas en l\u00ednea pueden fortalecer con confianza sus productos digitales, garantizando que sigan siendo impermeables a cualquier forma de mal uso o apropiaci\u00f3n no autorizada por entidades externas.<\/p>\n<ul>\n<li>Agrega marcas de agua personalizables a las facturas de PDF y otros documentos generados por WooCommerce<\/li>\n<li>Protege los documentos importantes de ser copiados o reproducidos sin permiso<\/li>\n<li>F\u00e1cil de instalar y configurar en cuesti\u00f3n de minutos<\/li>\n<li>Funciona sin problemas con WooCommerce y otros complementos de WordPress<\/li>\n<li>Permite a los usuarios agregar diferentes marcas de agua a diferentes tipos de documentos.<\/li>\n<li>Admite m\u00faltiples tipos de marcas de agua que incluyen texto, im\u00e1genes y logotipos<\/li>\n<li>Proporciona opciones avanzadas de personalizaci\u00f3n de la marca de agua, como tama\u00f1o, opacidad y posicionamiento.<\/li>\n<li>Incluye una funci\u00f3n de vista previa para ayudar a los usuarios a visualizar el producto final antes de aplicar la marca de agua.<\/li>\n<li>Compatible con todos los principales navegadores y dispositivos web<\/li>\n<li>Ofrece soporte t\u00e9cnico confiable y actualizaciones regulares de software<\/li>\n<\/ul>\n","protected":false},"excerpt":{"rendered":"<p>La marca de agua de WooCommerce PDF es una herramienta incre\u00edblemente robusta y potente que incorpora a la perfecci\u00f3n las marcas de agua en sus archivos PDF. Este notable complemento le brinda la comodidad incomparable de integrar sin esfuerzo las marcas de agua de texto o imagen en todas y cada una de sus facturas de WooCommerce PDF y resbalones de embalaje. Al hacerlo, est\u00e1 salvaguardando efectivamente sus valiosos documentos de cualquier utilizaci\u00f3n o distribuci\u00f3n no autorizada. Como una ventaja adicional, este complemento excepcional cuenta con un tablero notablemente f\u00e1cil de usar que le permite adaptar meticulosamente la configuraci\u00f3n de la marca de agua para alinearse perfectamente con sus preferencias individuales. No pierda el tiempo en la adquisici\u00f3n de la extraordinaria marca de agua de WooCommerce PDF hoy y experimente la tranquilidad de saber que sus preciados documentos PDF son impecablemente seguros.<\/p>\n","protected":false},"featured_media":168205,"comment_status":"open","ping_status":"open","template":"","meta":[],"product_brand":[2344],"product_cat":[1208,1207,1206],"product_tag":[1423],"class_list":{"0":"post-121580","1":"product","2":"type-product","3":"status-publish","4":"has-post-thumbnail","6":"product_brand-woocommerce","7":"product_cat-administracion","8":"product_cat-comercio-electronico-plugins","9":"product_cat-plugins","10":"product_tag-woocommerce","11":"member-discount","12":"discount-restricted","14":"first","15":"instock","16":"sale","17":"downloadable","18":"virtual","19":"sold-individually","20":"purchasable","21":"product-type-simple"},"_links":{"self":[{"href":"https:\/\/gpl-love.com\/es\/wp-json\/wp\/v2\/product\/121580","targetHints":{"allow":["GET"]}}],"collection":[{"href":"https:\/\/gpl-love.com\/es\/wp-json\/wp\/v2\/product"}],"about":[{"href":"https:\/\/gpl-love.com\/es\/wp-json\/wp\/v2\/types\/product"}],"replies":[{"embeddable":true,"href":"https:\/\/gpl-love.com\/es\/wp-json\/wp\/v2\/comments?post=121580"}],"wp:featuredmedia":[{"embeddable":true,"href":"https:\/\/gpl-love.com\/es\/wp-json\/wp\/v2\/media\/168205"}],"wp:attachment":[{"href":"https:\/\/gpl-love.com\/es\/wp-json\/wp\/v2\/media?parent=121580"}],"wp:term":[{"taxonomy":"product_brand","embeddable":true,"href":"https:\/\/gpl-love.com\/es\/wp-json\/wp\/v2\/product_brand?post=121580"},{"taxonomy":"product_cat","embeddable":true,"href":"https:\/\/gpl-love.com\/es\/wp-json\/wp\/v2\/product_cat?post=121580"},{"taxonomy":"product_tag","embeddable":true,"href":"https:\/\/gpl-love.com\/es\/wp-json\/wp\/v2\/product_tag?post=121580"}],"curies":[{"name":"wp","href":"https:\/\/api.w.org\/{rel}","templated":true}]}}