{"id":121578,"date":"2025-11-30T00:00:00","date_gmt":"2025-11-30T05:00:00","guid":{"rendered":"https:\/\/gpl-love.com\/es\/producto\/woocommerce-pdf-invoices\/"},"modified":"2026-03-09T08:23:51","modified_gmt":"2026-03-09T13:23:51","slug":"woocommerce-pdf-invoices","status":"publish","type":"product","link":"https:\/\/gpl-love.com\/es\/producto\/woocommerce-pdf-invoices\/","title":{"rendered":"WooCommerce PDF Invoices 5.1.1"},"content":{"rendered":"<h3>WooCommerce PDF Invoices Caracteristicas<\/h3>\n<p>Las facturas PDF de WooCommerce, una herramienta incre\u00edblemente poderosa, otorga a los usuarios la capacidad de generar y enviar facturas sin esfuerzo en formato PDF. Al emplear este complemento, las empresas pueden optimizar su proceso de facturaci\u00f3n, economizando simult\u00e1neamente el tiempo a trav\u00e9s de la automatizaci\u00f3n de la creaci\u00f3n de facturas. Adem\u00e1s, el complemento ofrece una amplia gama de plantillas personalizables, lo que permite a las empresas adaptar sus facturas para adaptarse precisamente a sus requisitos \u00fanicos. Los usuarios tienen la capacidad de incorporar su propio logotipo, personalizar el dise\u00f1o y modificar el esquema de color para alinearse sin problemas con su marca. Adem\u00e1s, el complemento proporciona a las empresas la capacidad de personalizar la informaci\u00f3n incluida en la factura, que abarca la direcci\u00f3n de facturaci\u00f3n y env\u00edo, datos de impuestos y detalles de pago. Al considerar los factores antes mencionados, se hace innegablemente evidente que las facturas de WooCommerce PDF son una herramienta indispensable para cualquier empresa que aspire a optimizar su proceso de facturaci\u00f3n y mejorar su servicio al cliente.<\/p>\n<ul>\n<li>Genera facturas profesionales para su tienda WooCommerce<\/li>\n<li>Capacidad para agregar logotipo personalizado e informaci\u00f3n de la empresa a la factura<\/li>\n<li>Permite la personalizaci\u00f3n del dise\u00f1o, fuente y colores de la factura<\/li>\n<li>Env\u00eda autom\u00e1ticamente la factura al correo electr\u00f3nico del cliente despu\u00e9s de la compra<\/li>\n<li>Opci\u00f3n de imprimir o descargar la factura como un archivo PDF<\/li>\n<li>Mantiene un registro de todas las facturas generadas para facilitar el acceso y la gesti\u00f3n<\/li>\n<li>Compatible con m\u00faltiples idiomas y monedas<\/li>\n<li>Puede generar notas de cr\u00e9dito, facturas proforma y resbalones de embalaje<\/li>\n<li>Se integra con las pasarelas de pago populares como PayPal y Stripe<\/li>\n<li>Atenci\u00f3n al cliente disponible para asistencia y resoluci\u00f3n de problemas.<\/li>\n<\/ul>\n","protected":false},"excerpt":{"rendered":"<p>El complemento de facturas PDF de WooCommerce, una herramienta indispensable para propietarios de tiendas en l\u00ednea, ofrece una gran cantidad de funcionalidades que benefician enormemente a sus negocios. Esta herramienta robusta permite a los usuarios generar facturas sin esfuerzo que poseen una est\u00e9tica profesional y se pueden personalizar completamente para alinearse con la imagen de la marca. Este complemento innovador no solo agiliza el proceso de facturaci\u00f3n al automatizarlo, ahorrando as\u00ed un tiempo valioso, sino que tambi\u00e9n eleva la experiencia del cliente al proporcionarles una factura l\u00facida y sucinta que se puede comprender con facilidad. Adem\u00e1s, sus caracter\u00edsticas notables, como la capacidad de asignar n\u00fameros de facturas secuenciales y facilitar la entrega autom\u00e1tica por correo electr\u00f3nico, garantizar la m\u00e1xima precisi\u00f3n, eficiencia y un proceso de facturaci\u00f3n sin problemas. Eleve el rendimiento de su tienda en l\u00ednea hoy incorporando el complemento de facturas PDF de WooCommerce.<\/p>\n","protected":false},"featured_media":168200,"comment_status":"open","ping_status":"open","template":"","meta":[],"product_brand":[2344],"product_cat":[1208,1207,1206],"product_tag":[1423],"class_list":{"0":"post-121578","1":"product","2":"type-product","3":"status-publish","4":"has-post-thumbnail","6":"product_brand-woocommerce","7":"product_cat-administracion","8":"product_cat-comercio-electronico-plugins","9":"product_cat-plugins","10":"product_tag-woocommerce","11":"member-discount","12":"discount-restricted","14":"first","15":"instock","16":"sale","17":"downloadable","18":"virtual","19":"sold-individually","20":"purchasable","21":"product-type-simple"},"_links":{"self":[{"href":"https:\/\/gpl-love.com\/es\/wp-json\/wp\/v2\/product\/121578","targetHints":{"allow":["GET"]}}],"collection":[{"href":"https:\/\/gpl-love.com\/es\/wp-json\/wp\/v2\/product"}],"about":[{"href":"https:\/\/gpl-love.com\/es\/wp-json\/wp\/v2\/types\/product"}],"replies":[{"embeddable":true,"href":"https:\/\/gpl-love.com\/es\/wp-json\/wp\/v2\/comments?post=121578"}],"wp:featuredmedia":[{"embeddable":true,"href":"https:\/\/gpl-love.com\/es\/wp-json\/wp\/v2\/media\/168200"}],"wp:attachment":[{"href":"https:\/\/gpl-love.com\/es\/wp-json\/wp\/v2\/media?parent=121578"}],"wp:term":[{"taxonomy":"product_brand","embeddable":true,"href":"https:\/\/gpl-love.com\/es\/wp-json\/wp\/v2\/product_brand?post=121578"},{"taxonomy":"product_cat","embeddable":true,"href":"https:\/\/gpl-love.com\/es\/wp-json\/wp\/v2\/product_cat?post=121578"},{"taxonomy":"product_tag","embeddable":true,"href":"https:\/\/gpl-love.com\/es\/wp-json\/wp\/v2\/product_tag?post=121578"}],"curies":[{"name":"wp","href":"https:\/\/api.w.org\/{rel}","templated":true}]}}