{"id":121434,"date":"2024-12-17T00:00:00","date_gmt":"2024-12-17T05:00:00","guid":{"rendered":"https:\/\/gpl-love.com\/es\/producto\/user-role-editor-pro\/"},"modified":"2026-03-09T08:17:33","modified_gmt":"2026-03-09T13:17:33","slug":"user-role-editor-pro","status":"publish","type":"product","link":"https:\/\/gpl-love.com\/es\/producto\/user-role-editor-pro\/","title":{"rendered":"User Role Editor Pro 4.64.4"},"content":{"rendered":"<h3>User Role Editor Pro Caracteristicas<\/h3>\n<p>El complemento de usuarios Role Editor Pro es una herramienta incre\u00edblemente robusta y eficiente que otorga a los administradores del sitio web la capacidad perfecta para supervisar y manipular de manera efectiva los roles y permisos de los usuarios en su sitio de WordPress. Este complemento permite a los usuarios adaptar y generar roles novedosos, establecer permisos precisos e imponer restricciones en \u00e1reas particulares del sitio. La interfaz f\u00e1cil de usar garantiza una configuraci\u00f3n sin esfuerzo de roles, mientras que el complemento abarca a\u00fan m\u00e1s las funcionalidades suplementarias, incluida la capacidad de replicar roles o asignar m\u00faltiples roles a un usuario solitario. Sin lugar a dudas, el User Role Editor Pro emerge como un activo indispensable para cualquier propietario exigente del sitio de WordPress que busca una autoridad elevada para determinar qui\u00e9n puede acceder y modificar su sitio.<\/p>\n<ul>\n<li>Da control final sobre roles y permisos de usuario en sitios de WordPress<\/li>\n<li>Permite crear y administrar los roles de usuario personalizados con las capacidades deseadas<\/li>\n<li>Habilita la asignaci\u00f3n y revocaci\u00f3n r\u00e1pida y f\u00e1cil de los roles de los usuarios<\/li>\n<li>Proporciona acceso a secciones y caracter\u00edsticas espec\u00edficas de su sitio solo a roles de usuario designados<\/li>\n<li>Ahorra tiempo simplificando el complejo proceso de gesti\u00f3n de roles de usuario en sitios grandes de WordPress<\/li>\n<li>Habilita la asignaci\u00f3n y administraci\u00f3n selectiva de roles de usuario en instalaciones de WordPress multisitio<\/li>\n<li>Proporciona una amplia documentaci\u00f3n y soporte de los desarrolladores del complemento para una experiencia de usuario fluida<\/li>\n<li>Compatible con otros complementos populares de WordPress, incluidos WooCommerce y Yoast SEO.<\/li>\n<\/ul>\n","protected":false},"excerpt":{"rendered":"<p>User Role Editor Pro es un complemento de WordPress excepcionalmente completo que ofrece a los propietarios de sitios web un medio perfecto para administrar los roles y capacidades de los usuarios. Este complemento excepcional faculta a los usuarios crear roles de usuario personalizados sin esfuerzo, estipule con precisi\u00f3n qu\u00e9 roles se les otorga acceso al contenido designado y supervisa efectivamente las capacidades de los usuarios para garantizar la m\u00e1xima seguridad de su sitio web. En esencia, el User Role Editor Pro act\u00faa como una herramienta de ahorro de tiempo y reducci\u00f3n de esfuerzo que optimiza la gesti\u00f3n de los roles de los usuarios, liberando recursos valiosos para que los propietarios de sitios web dediquen a expandir su presencia en l\u00ednea. Con una interfaz incre\u00edblemente f\u00e1cil de usar y una gran cantidad de caracter\u00edsticas avanzadas, el usuario de usuarios Editor Pro surge como la soluci\u00f3n ideal para cualquier propietario de sitios web de WordPress exigente que aspira a obtener un control completo sobre los roles y los permisos de los usuarios.<\/p>\n","protected":false},"featured_media":167935,"comment_status":"open","ping_status":"open","template":"","meta":[],"product_brand":[2586],"product_cat":[1325,1206,1211],"product_tag":[1520],"class_list":{"0":"post-121434","1":"product","2":"type-product","3":"status-publish","4":"has-post-thumbnail","6":"product_brand-user-role-editor","7":"product_cat-afiliacion","8":"product_cat-plugins","9":"product_cat-wordpress-plugins","10":"product_tag-user-role-editor","11":"member-discount","12":"discount-restricted","14":"first","15":"instock","16":"sale","17":"downloadable","18":"virtual","19":"sold-individually","20":"purchasable","21":"product-type-simple"},"_links":{"self":[{"href":"https:\/\/gpl-love.com\/es\/wp-json\/wp\/v2\/product\/121434","targetHints":{"allow":["GET"]}}],"collection":[{"href":"https:\/\/gpl-love.com\/es\/wp-json\/wp\/v2\/product"}],"about":[{"href":"https:\/\/gpl-love.com\/es\/wp-json\/wp\/v2\/types\/product"}],"replies":[{"embeddable":true,"href":"https:\/\/gpl-love.com\/es\/wp-json\/wp\/v2\/comments?post=121434"}],"wp:featuredmedia":[{"embeddable":true,"href":"https:\/\/gpl-love.com\/es\/wp-json\/wp\/v2\/media\/167935"}],"wp:attachment":[{"href":"https:\/\/gpl-love.com\/es\/wp-json\/wp\/v2\/media?parent=121434"}],"wp:term":[{"taxonomy":"product_brand","embeddable":true,"href":"https:\/\/gpl-love.com\/es\/wp-json\/wp\/v2\/product_brand?post=121434"},{"taxonomy":"product_cat","embeddable":true,"href":"https:\/\/gpl-love.com\/es\/wp-json\/wp\/v2\/product_cat?post=121434"},{"taxonomy":"product_tag","embeddable":true,"href":"https:\/\/gpl-love.com\/es\/wp-json\/wp\/v2\/product_tag?post=121434"}],"curies":[{"name":"wp","href":"https:\/\/api.w.org\/{rel}","templated":true}]}}