{"id":121432,"date":"2023-02-13T00:00:00","date_gmt":"2023-02-13T05:00:00","guid":{"rendered":"https:\/\/gpl-love.com\/es\/producto\/uschema-ultimate-rich-data-schema-para-wordpress\/"},"modified":"2026-04-10T11:29:46","modified_gmt":"2026-04-10T16:29:46","slug":"uschema-ultimate-rich-data-schema-para-wordpress","status":"publish","type":"product","link":"https:\/\/gpl-love.com\/es\/producto\/uschema-ultimate-rich-data-schema-para-wordpress\/","title":{"rendered":"uSchema Ultimate Rich Data Schema para WordPress 3.1.1"},"content":{"rendered":"<h3>uSchema Ultimate Rich Data Schema para WordPress Caracteristicas<\/h3>\n<p>El esquema de datos Rich Ultimate para WordPress es una soluci\u00f3n incre\u00edblemente potente y abarrotable que sirve para ayudar a los propietarios y desarrolladores de sitios web a incorporar sin esfuerzo el margen de datos estructurados en sus sitios web de WordPress. Esta herramienta extraordinaria tiene la capacidad de generar sin esfuerzo fragmentos ricos y marcas de esquema para una amplia gama de tipos de contenido que se encuentran en su sitio web, que van desde art\u00edculos y videos hasta recetas y eventos, entre otros. Adem\u00e1s, el esquema de datos rico Uschema Ultimate para WordPress tambi\u00e9n capacita a los usuarios al equiparlos con los medios para optimizar la optimizaci\u00f3n (SEO) de los motores de b\u00fasqueda de su sitio web a trav\u00e9s de la provisi\u00f3n de informaci\u00f3n pertinente sobre el contenido de su sitio web a los motores de b\u00fasqueda. La instalaci\u00f3n de este complemento otorga a los propietarios del sitio web la oportunidad de atraer una mayor afluencia de tr\u00e1fico, reforzar las tarifas de clics y elevar la experiencia general del usuario de su sitio web. Adem\u00e1s, este complemento se enorgullece de contar una interfaz intuitivamente dise\u00f1ada y f\u00e1cil de usar, lo que brinda a los usuarios la conveniencia de administrar y ajustar f\u00e1cilmente la configuraci\u00f3n de marcado de esquema sin necesitar ning\u00fan conocimiento previo de codificaci\u00f3n.<\/p>\n<ul>\n<li>Proporciona una soluci\u00f3n integral de marcado de esquema para sitios web de WordPress<\/li>\n<li>Ayuda a mejorar la visibilidad del sitio web en las p\u00e1ginas de resultados del motor de b\u00fasqueda (SERPS) con fragmentos ricos y otras caracter\u00edsticas mejoradas<\/li>\n<li>Mejora la credibilidad y la confianza del sitio web al mostrar informaci\u00f3n valiosa, como calificaciones, revisiones y precios.<\/li>\n<li>Ofrece una implementaci\u00f3n f\u00e1cil con opciones de personalizaci\u00f3n simples y flexibles<\/li>\n<li>Brinda apoyo para m\u00faltiples esquemas, incluida la organizaci\u00f3n, el negocio local, la persona, el producto, la receta y m\u00e1s<\/li>\n<li>Asegura la compatibilidad con los principales motores de b\u00fasqueda como Google, Bing, Yahoo y Yandex<\/li>\n<li>Ofrece navegaci\u00f3n f\u00e1cil de usar y configuraciones intuitivas para una gesti\u00f3n sin problemas<\/li>\n<li>Incluye la generaci\u00f3n autom\u00e1tica de esquemas para el contenido existente y la opci\u00f3n de agregar manualmente nuevos esquemas a publicaciones y p\u00e1ginas espec\u00edficas<\/li>\n<li>Proporciona acceso a documentaci\u00f3n integral y soporte dedicado por correo electr\u00f3nico y un foro dedicado.<\/li>\n<\/ul>\n","protected":false},"excerpt":{"rendered":"<p>Uschema, un complemento innovador desarrollado espec\u00edficamente para WordPress, sirve como la soluci\u00f3n definitiva para establecer un esquema de datos integral e intrincado. Su objetivo principal gira en torno a la integraci\u00f3n perfecta del marco de datos estructurado en su sitio web, con un proceso sin esfuerzo y altamente eficiente. Al optar por el USCHEMA, sin duda ser\u00e1 testigo de una mejora sustancial en el rendimiento del motor de b\u00fasqueda de su sitio web, permiti\u00e9ndole cautivar a una audiencia m\u00e1s amplia y aumentar su visibilidad dentro de los resultados de b\u00fasqueda. Sorprendentemente, este complemento extraordinario extiende su inquebrantable apoyo a todos los principales tipos de esquemas, que abarca los gustos de la empresa local, la organizaci\u00f3n, el art\u00edculo, la publicaci\u00f3n de blog, el producto, la receta y una extensa gama de otros. Adem\u00e1s, USCHEMA muestra con orgullo una mir\u00edada de caracter\u00edsticas avanzadas que est\u00e1n obligadas a sorprender a los usuarios, que abarca la generaci\u00f3n autom\u00e1tica de esquemas, campos personalizables, as\u00ed como una integraci\u00f3n perfecta con la famosa plataforma de WooCommerce. No dude por m\u00e1s tiempo: aproveche la oportunidad de adquirir USCHEMA hoy y aprovechar el control total sobre el margen de datos estructurado de su sitio web, impulsando en \u00faltima instancia sus clasificaciones de motores de b\u00fasqueda a alturas sin precedentes e impulsando efectivamente una afluencia de tr\u00e1fico org\u00e1nico a su estimado sitio.<\/p>\n","protected":false},"featured_media":167908,"comment_status":"open","ping_status":"open","template":"","meta":[],"product_brand":[2339],"product_cat":[1206,1360,1211],"product_tag":[1256],"class_list":{"0":"post-121432","1":"product","2":"type-product","3":"status-publish","4":"has-post-thumbnail","6":"product_brand-codecanyon","7":"product_cat-plugins","8":"product_cat-seo","9":"product_cat-wordpress-plugins","10":"product_tag-codecanyon","11":"member-discount","12":"discount-restricted","14":"first","15":"instock","16":"sale","17":"downloadable","18":"virtual","19":"sold-individually","20":"purchasable","21":"product-type-simple"},"_links":{"self":[{"href":"https:\/\/gpl-love.com\/es\/wp-json\/wp\/v2\/product\/121432","targetHints":{"allow":["GET"]}}],"collection":[{"href":"https:\/\/gpl-love.com\/es\/wp-json\/wp\/v2\/product"}],"about":[{"href":"https:\/\/gpl-love.com\/es\/wp-json\/wp\/v2\/types\/product"}],"replies":[{"embeddable":true,"href":"https:\/\/gpl-love.com\/es\/wp-json\/wp\/v2\/comments?post=121432"}],"wp:featuredmedia":[{"embeddable":true,"href":"https:\/\/gpl-love.com\/es\/wp-json\/wp\/v2\/media\/167908"}],"wp:attachment":[{"href":"https:\/\/gpl-love.com\/es\/wp-json\/wp\/v2\/media?parent=121432"}],"wp:term":[{"taxonomy":"product_brand","embeddable":true,"href":"https:\/\/gpl-love.com\/es\/wp-json\/wp\/v2\/product_brand?post=121432"},{"taxonomy":"product_cat","embeddable":true,"href":"https:\/\/gpl-love.com\/es\/wp-json\/wp\/v2\/product_cat?post=121432"},{"taxonomy":"product_tag","embeddable":true,"href":"https:\/\/gpl-love.com\/es\/wp-json\/wp\/v2\/product_tag?post=121432"}],"curies":[{"name":"wp","href":"https:\/\/api.w.org\/{rel}","templated":true}]}}