{"id":121430,"date":"2026-01-23T00:00:00","date_gmt":"2026-01-23T05:00:00","guid":{"rendered":"https:\/\/gpl-love.com\/es\/producto\/updraftplus-premium-wordpress-backup-plugin\/"},"modified":"2026-03-09T08:16:47","modified_gmt":"2026-03-09T13:16:47","slug":"updraftplus-premium-wordpress-backup-plugin","status":"publish","type":"product","link":"https:\/\/gpl-love.com\/es\/producto\/updraftplus-premium-wordpress-backup-plugin\/","title":{"rendered":"UpdraftPlus Premium WordPress Backup Plugin 2.26.1.26"},"content":{"rendered":"<h3>UpdraftPlus Premium WordPress Backup Plugin Caracteristicas<\/h3>\n<p>El complemento de copia de seguridad de WordPress Premium de UpdraftPlus, una herramienta robusta y potente, ofrece una gran cantidad de soluciones de respaldo integrales dise\u00f1adas espec\u00edficamente para sitios web de WordPress. Su interfaz f\u00e1cil de usar y sus caracter\u00edsticas intuitivas permiten a los usuarios generar copias de seguridad sin esfuerzo para los archivos, la base de datos, los complementos, los temas y la configuraci\u00f3n de su sitio web, todo con un solo pu\u00f1ado de clics. Adem\u00e1s, UpdraftPlus Premium facilita la conveniencia de programar copias de seguridad autom\u00e1ticas, garantizando que el sitio web permanezca protegido en todo momento. M\u00e1s all\u00e1 de sus notables funcionalidades de copia de seguridad y restauraci\u00f3n, este complemento permite a los usuarios migrar sin esfuerzo su sitio web a un dominio o servidor completamente nuevo. En consecuencia, los propietarios de sitios web pueden aliviar con confianza cualquier preocupaci\u00f3n persistente con respecto a la preservaci\u00f3n y seguridad de sus apreciadas plataformas en l\u00ednea, tenga la seguridad de que sus esfuerzos digitales siguen siendo salvaguardados de la inminente amenaza de la p\u00e9rdida de datos.<\/p>\n<ul>\n<li>Proporciona una copia de seguridad confiable y segura para sitios web de WordPress<\/li>\n<li>Admite copias de seguridad a varios servicios de almacenamiento en la nube, incluidos Dropbox, Google Drive y Amazon S3<\/li>\n<li>Permite a los usuarios programar copias de seguridad automatizadas y elegir archivos y bases de datos espec\u00edficos para incluir en copias de seguridad<\/li>\n<li>Cuenta con opciones de restauraci\u00f3n f\u00e1ciles, incluida la restauraci\u00f3n en el tiempo y la restauraci\u00f3n de archivos selectivos<\/li>\n<li>Incluye caracter\u00edsticas avanzadas como herramientas de migraci\u00f3n y clonaci\u00f3n, cifrado para copias de seguridad y copias de seguridad incrementales<\/li>\n<li>Ofrece atenci\u00f3n al cliente y actualizaciones peri\u00f3dicas para garantizar un rendimiento y compatibilidad \u00f3ptimos con las actualizaciones de WordPress<\/li>\n<li>Adecuado para empresas e individuos que valoran la seguridad y la confiabilidad de sus copias de seguridad del sitio web de WordPress.<\/li>\n<\/ul>\n","protected":false},"excerpt":{"rendered":"<p>El complemento de copia de seguridad de WordPress Premium UpdraftPlus se presenta como una soluci\u00f3n de respaldo robusta y confiable para sitios web de WordPress. Este complemento ofrece a los usuarios la conveniencia de hacer una copia de seguridad sin esfuerzo y restaurar sus sitios con solo unos pocos clics. Adem\u00e1s, otorga la flexibilidad para programar copias de seguridad autom\u00e1ticas, seleccionar opciones de almacenamiento para copias de seguridad e incluso mejorar la seguridad a trav\u00e9s del cifrado de copias de seguridad. Adem\u00e1s, este complemento est\u00e1 equipado con funcionalidades sofisticadas, como copias de seguridad incrementales, migraci\u00f3n de sitios sin problemas y soporte integral de sitios m\u00faltiples. Al aprovechar el complemento de copia de seguridad de WordPress Premium de UpdraftPlus, los usuarios pueden salvaguardar efectivamente sus invaluables sitios y datos de WordPress.<\/p>\n","protected":false},"featured_media":167901,"comment_status":"open","ping_status":"open","template":"","meta":[],"product_brand":[2429],"product_cat":[1212,1206,1211],"product_tag":[1480],"class_list":{"0":"post-121430","1":"product","2":"type-product","3":"status-publish","4":"has-post-thumbnail","6":"product_brand-up-draft-plus","7":"product_cat-administracion-wordpress-plugins","8":"product_cat-plugins","9":"product_cat-wordpress-plugins","10":"product_tag-up-draft-plus","11":"member-discount","12":"discount-restricted","14":"first","15":"instock","16":"sale","17":"downloadable","18":"virtual","19":"sold-individually","20":"purchasable","21":"product-type-simple"},"_links":{"self":[{"href":"https:\/\/gpl-love.com\/es\/wp-json\/wp\/v2\/product\/121430","targetHints":{"allow":["GET"]}}],"collection":[{"href":"https:\/\/gpl-love.com\/es\/wp-json\/wp\/v2\/product"}],"about":[{"href":"https:\/\/gpl-love.com\/es\/wp-json\/wp\/v2\/types\/product"}],"replies":[{"embeddable":true,"href":"https:\/\/gpl-love.com\/es\/wp-json\/wp\/v2\/comments?post=121430"}],"wp:featuredmedia":[{"embeddable":true,"href":"https:\/\/gpl-love.com\/es\/wp-json\/wp\/v2\/media\/167901"}],"wp:attachment":[{"href":"https:\/\/gpl-love.com\/es\/wp-json\/wp\/v2\/media?parent=121430"}],"wp:term":[{"taxonomy":"product_brand","embeddable":true,"href":"https:\/\/gpl-love.com\/es\/wp-json\/wp\/v2\/product_brand?post=121430"},{"taxonomy":"product_cat","embeddable":true,"href":"https:\/\/gpl-love.com\/es\/wp-json\/wp\/v2\/product_cat?post=121430"},{"taxonomy":"product_tag","embeddable":true,"href":"https:\/\/gpl-love.com\/es\/wp-json\/wp\/v2\/product_tag?post=121430"}],"curies":[{"name":"wp","href":"https:\/\/api.w.org\/{rel}","templated":true}]}}