{"id":121428,"date":"2026-02-26T00:00:00","date_gmt":"2026-02-26T05:00:00","guid":{"rendered":"https:\/\/gpl-love.com\/es\/producto\/unlimited-elements-para-elementor-premium\/"},"modified":"2026-04-10T11:29:40","modified_gmt":"2026-04-10T16:29:40","slug":"unlimited-elements-para-elementor-premium","status":"publish","type":"product","link":"https:\/\/gpl-love.com\/es\/producto\/unlimited-elements-para-elementor-premium\/","title":{"rendered":"Unlimited Elements para Elementor Premium 2.0.6"},"content":{"rendered":"<h3>Unlimited Elements para Elementor Premium Caracteristicas<\/h3>\n<p>Elementos ilimitados para Elementor Premium es un complemento de WordPress excepcionalmente robusto que otorga a los usuarios acceso a una biblioteca incre\u00edblemente vasta de widgets, todos los cuales son inherentemente creativos y totalmente personalizables, sirviendo as\u00ed como un recurso invaluable para aquellos que utilizan el Builder de Page de Elementor. Armados con este notable complemento, las personas pueden generar dise\u00f1os visualmente llamativos visualmente sin conocimiento de cualquier conocimiento de codificaci\u00f3n requerido. En particular, este complemento cuenta con una variedad asombrosa de m\u00e1s de 700 widgets y 400 plantillas, que abarca una variedad de elementos avanzados como controles deslizantes, carrusels, ventanas emergentes y formularios. Adem\u00e1s, los elementos ilimitados para Elementor Premium no se deben subestimar, ya que otorga a los usuarios una variedad de funcionalidades avanzadas que incluyen l\u00f3gica condicional, contenido din\u00e1mico e integraci\u00f3n perfecta con WooCommerce, lo que lo convierte en una soluci\u00f3n que lo abarca todo aplicable a pr\u00e1cticamente cualquier sitio web. Gracias a su interfaz f\u00e1cil e intuitiva, las personas pueden personalizar y peinar sin problemas sus widgets con facilidad, asegurando la armonizaci\u00f3n perfecta con su identidad de marca al tiempo que elevan la funcionalidad general de su sitio web. Sin lugar a dudas, la utilizaci\u00f3n de elementos ilimitados para Elementor Premium permite a los usuarios impulsar el dise\u00f1o de su sitio web a alturas sin precedentes, que finalmente culminan en la creaci\u00f3n de una presencia en l\u00ednea realmente impresionante.<\/p>\n<ul>\n<li>Acceso a miles de dise\u00f1os y plantillas preparados<\/li>\n<li>Opciones de personalizaci\u00f3n ilimitadas para el dise\u00f1o de su sitio web<\/li>\n<li>Compatible con WordPress y Elementor Page Builder<\/li>\n<li>Actualizado regularmente con nuevos dise\u00f1os y caracter\u00edsticas<\/li>\n<li>Elementos de dise\u00f1o de alta calidad creados por profesionales experimentados<\/li>\n<li>No se necesitan habilidades de codificaci\u00f3n o dise\u00f1o, f\u00e1cil de usar para principiantes<\/li>\n<li>Ahorra tiempo y esfuerzo en la creaci\u00f3n de un sitio web impresionante<\/li>\n<li>Excelente relaci\u00f3n calidad-precio, con un pago \u00fanico asequible<\/li>\n<li>El dise\u00f1o receptivo garantiza que su sitio web se vea genial en todos los dispositivos<\/li>\n<li>Atenci\u00f3n al cliente disponible para ayudar con cualquier problema o pregunta<\/li>\n<\/ul>\n","protected":false},"excerpt":{"rendered":"<p>Transforme su sitio web en una obra maestra exquisita al aprovechar las notables capacidades de entrada: elementos ilimitados para Elementor Premium. Se desprende de las limitaciones de la versi\u00f3n de elemento est\u00e1ndar, mientras desbloquea una variedad de funcionalidades exclusivas que abarcan widgets sofisticados, animaciones cautivadoras, plantillas hechas meticulosamente y una abundancia de activos adicionales. Mejore perfectamente su destreza de dise\u00f1o con el potencial incomparable de la entrada, lo que le permite crear un sitio web visualmente llamativo que se distingue sin esfuerzo de sus contrapartes. Aproveche la oportunidad de desatar su ingenio creativo actualizando a la entrada: elementos ilimitados para Elementor Premium sin demora.<\/p>\n","protected":false},"featured_media":167900,"comment_status":"open","ping_status":"open","template":"","meta":[],"product_brand":[2339],"product_cat":[1214,1206,1211],"product_tag":[1256],"class_list":{"0":"post-121428","1":"product","2":"type-product","3":"status-publish","4":"has-post-thumbnail","6":"product_brand-codecanyon","7":"product_cat-personalizacion","8":"product_cat-plugins","9":"product_cat-wordpress-plugins","10":"product_tag-codecanyon","11":"member-discount","12":"discount-restricted","14":"first","15":"instock","16":"sale","17":"downloadable","18":"virtual","19":"sold-individually","20":"purchasable","21":"product-type-simple"},"_links":{"self":[{"href":"https:\/\/gpl-love.com\/es\/wp-json\/wp\/v2\/product\/121428","targetHints":{"allow":["GET"]}}],"collection":[{"href":"https:\/\/gpl-love.com\/es\/wp-json\/wp\/v2\/product"}],"about":[{"href":"https:\/\/gpl-love.com\/es\/wp-json\/wp\/v2\/types\/product"}],"replies":[{"embeddable":true,"href":"https:\/\/gpl-love.com\/es\/wp-json\/wp\/v2\/comments?post=121428"}],"wp:featuredmedia":[{"embeddable":true,"href":"https:\/\/gpl-love.com\/es\/wp-json\/wp\/v2\/media\/167900"}],"wp:attachment":[{"href":"https:\/\/gpl-love.com\/es\/wp-json\/wp\/v2\/media?parent=121428"}],"wp:term":[{"taxonomy":"product_brand","embeddable":true,"href":"https:\/\/gpl-love.com\/es\/wp-json\/wp\/v2\/product_brand?post=121428"},{"taxonomy":"product_cat","embeddable":true,"href":"https:\/\/gpl-love.com\/es\/wp-json\/wp\/v2\/product_cat?post=121428"},{"taxonomy":"product_tag","embeddable":true,"href":"https:\/\/gpl-love.com\/es\/wp-json\/wp\/v2\/product_tag?post=121428"}],"curies":[{"name":"wp","href":"https:\/\/api.w.org\/{rel}","templated":true}]}}