{"id":121426,"date":"2022-09-28T00:00:00","date_gmt":"2022-09-28T05:00:00","guid":{"rendered":"https:\/\/gpl-love.com\/es\/producto\/uni-cpo-premium-options-y-price-calculation-formulas\/"},"modified":"2026-04-10T11:29:38","modified_gmt":"2026-04-10T16:29:38","slug":"uni-cpo-premium-options-y-price-calculation-formulas","status":"publish","type":"product","link":"https:\/\/gpl-love.com\/es\/producto\/uni-cpo-premium-options-y-price-calculation-formulas\/","title":{"rendered":"Uni CPO Premium Options y Price Calculation Formulas 4.9.17"},"content":{"rendered":"<h3>Uni CPO Premium Options y Price Calculation Formulas Caracteristicas<\/h3>\n<p>Las f\u00f3rmulas de las opciones y el c\u00e1lculo de precios de UNI CPO se aprovechan como un instrumento inmensamente potente para las empresas que aspiran a optimizar y consolidar sus procedimientos de precios y pedidos. A trav\u00e9s del empleo de sus funcionalidades altamente sofisticadas, los usuarios pueden formular ecuaciones de precios a medida a medida que se basan en una gran cantidad de alternativas de entrada que abarcan dimensiones, tonos y componentes de la mercanc\u00eda en cuesti\u00f3n. En \u00faltima instancia, esto genera resultados de precios que son precisos y coherentes, mitigando as\u00ed la incidencia de errores y generando beneficios para ahorrar tiempo. Adem\u00e1s, el software cuenta con la capacidad de generar citas que lo abarcan que se pueden difundir f\u00e1cilmente a la clientela. En esencia, las f\u00f3rmulas de opciones y c\u00e1lculos de precios de UNI CPO representan un dep\u00f3sito de conocimiento indispensable para las empresas con el objetivo de mejorar la eficiencia de sus fijadores de precios y pedidos.<\/p>\n<ul>\n<li>C\u00e1lculo eficiente y preciso de los precios para productos personalizados<\/li>\n<li>Opciones avanzadas para c\u00e1lculos y configuraciones complejas<\/li>\n<li>Integraci\u00f3n perfecta con plataformas de comercio electr\u00f3nico existentes<\/li>\n<li>Interfaz f\u00e1cil de usar y dise\u00f1o intuitivo para su uso f\u00e1cil<\/li>\n<li>Proceso simplificado de entrada a salida para mejorar la productividad<\/li>\n<li>Escalable y personalizable para satisfacer las necesidades \u00fanicas de cualquier negocio<\/li>\n<li>Almacenamiento y gesti\u00f3n de datos confiables y seguros<\/li>\n<li>Errores reducidos y trabajos manuales, lo que lleva a una mejor satisfacci\u00f3n del cliente<\/li>\n<li>Acceso a ideas valiosas y an\u00e1lisis de datos para decisiones comerciales informadas.<\/li>\n<\/ul>\n","protected":false},"excerpt":{"rendered":"<p>Las f\u00f3rmulas de opciones y c\u00e1lculos de precios de UNI CPO Premium son una herramienta incre\u00edblemente robusta que brinda a los usuarios la capacidad de generar sin esfuerzo opciones de productos y c\u00e1lculos de precios personalizados. Equipado con una interfaz intuitiva y f\u00f3rmulas de c\u00e1lculo altamente sofisticadas, esta herramienta simplifica la tarea de elaborar configuraciones complejas de productos mientras se adapta simult\u00e1neamente los precios de acuerdo con las preferencias del usuario. Independientemente de si se dedica a las ventas de productos en l\u00ednea o fuera de l\u00ednea, las opciones de primas UNI CPO y las f\u00f3rmulas de c\u00e1lculo de precios sin duda mejorar\u00e1n la eficiencia del flujo de trabajo y transformar\u00e1n el proceso una vez m\u00e1s arduo de crear productos a medida en una brisa absoluta. \u00a1No pierda tiempo y se embarque en un viaje para presenciar personalmente y cosechar la multitud de beneficios que esta herramienta tiene para ofrecer al intentarlo hoy!<\/p>\n","protected":false},"featured_media":167896,"comment_status":"open","ping_status":"open","template":"","meta":[],"product_brand":[2339],"product_cat":[1208,1207,1206],"product_tag":[1256],"class_list":{"0":"post-121426","1":"product","2":"type-product","3":"status-publish","4":"has-post-thumbnail","6":"product_brand-codecanyon","7":"product_cat-administracion","8":"product_cat-comercio-electronico-plugins","9":"product_cat-plugins","10":"product_tag-codecanyon","11":"member-discount","12":"discount-restricted","14":"first","15":"instock","16":"sale","17":"downloadable","18":"virtual","19":"sold-individually","20":"purchasable","21":"product-type-simple"},"_links":{"self":[{"href":"https:\/\/gpl-love.com\/es\/wp-json\/wp\/v2\/product\/121426","targetHints":{"allow":["GET"]}}],"collection":[{"href":"https:\/\/gpl-love.com\/es\/wp-json\/wp\/v2\/product"}],"about":[{"href":"https:\/\/gpl-love.com\/es\/wp-json\/wp\/v2\/types\/product"}],"replies":[{"embeddable":true,"href":"https:\/\/gpl-love.com\/es\/wp-json\/wp\/v2\/comments?post=121426"}],"wp:featuredmedia":[{"embeddable":true,"href":"https:\/\/gpl-love.com\/es\/wp-json\/wp\/v2\/media\/167896"}],"wp:attachment":[{"href":"https:\/\/gpl-love.com\/es\/wp-json\/wp\/v2\/media?parent=121426"}],"wp:term":[{"taxonomy":"product_brand","embeddable":true,"href":"https:\/\/gpl-love.com\/es\/wp-json\/wp\/v2\/product_brand?post=121426"},{"taxonomy":"product_cat","embeddable":true,"href":"https:\/\/gpl-love.com\/es\/wp-json\/wp\/v2\/product_cat?post=121426"},{"taxonomy":"product_tag","embeddable":true,"href":"https:\/\/gpl-love.com\/es\/wp-json\/wp\/v2\/product_tag?post=121426"}],"curies":[{"name":"wp","href":"https:\/\/api.w.org\/{rel}","templated":true}]}}