{"id":121424,"date":"2025-03-23T00:00:00","date_gmt":"2025-03-23T05:00:00","guid":{"rendered":"https:\/\/gpl-love.com\/es\/producto\/unbound-business-agency-multipurpose-theme\/"},"modified":"2026-04-10T11:29:35","modified_gmt":"2026-04-10T16:29:35","slug":"unbound-business-agency-multipurpose-theme","status":"publish","type":"product","link":"https:\/\/gpl-love.com\/es\/producto\/unbound-business-agency-multipurpose-theme\/","title":{"rendered":"Unbound Business Agency Multipurpose Theme 2.2.3"},"content":{"rendered":"<h3>Unbound Business Agency Multipurpose Theme Caracteristicas<\/h3>\n<p>El tema multifac\u00e9tico de la Agencia de Negocios Unidos, con su funcionalidad multifac\u00e9tica y capacidades robustas, sirve como un activo invaluable para las empresas de cualquier magnitud. Con un dise\u00f1o elegante y contempor\u00e1neo, este tema demuestra ser el ep\u00edtome de la perfecci\u00f3n cuando se trata de crear sitios web refinados, exhibir carteras y establecer plataformas de comercio electr\u00f3nico. Equipado con una variedad de dise\u00f1os y plantillas predise\u00f1ados, facilita sin esfuerzo la personalizaci\u00f3n, lo que permite a las empresas crear una personalidad en l\u00ednea distintiva. Adem\u00e1s, el tema multipuros de la agencia comercial no unida se enorgullece de ser totalmente receptivo y optimizado para una compatibilidad perfecta en todos los dispositivos, asegurando un atractivo visual incomparable independientemente del medio empleado para el acceso. En general, este tema es una elecci\u00f3n ejemplar para las empresas que buscan fortalecer su presencia en l\u00ednea y expandir sus horizontes.<\/p>\n<ul>\n<li>Dise\u00f1o del sitio web altamente personalizable para empresas de todo tipo<\/li>\n<li>Cuenta con m\u00faltiples demostraciones predise\u00f1adas para elegir, incluidas la agencia, las corporativas, la cartera y m\u00e1s<\/li>\n<li>El dise\u00f1o receptivo garantiza que su sitio web se vea muy bien en los dispositivos de escritorio y m\u00f3viles<\/li>\n<li>Las opciones de encabezado y men\u00fa personalizados permiten una f\u00e1cil navegaci\u00f3n y marca<\/li>\n<li>Los m\u00f3dulos de blog y cartera incorporados facilitan la exhibici\u00f3n de su contenido<\/li>\n<li>Compatible con complementos populares como Elementor, Contact Form 7 y WooCommerce<\/li>\n<li>Acceso a una biblioteca completa de m\u00e1s de 900 fuentes de Google<\/li>\n<li>Instalaci\u00f3n de demostraci\u00f3n de un solo clic para una f\u00e1cil configuraci\u00f3n y lanzamiento r\u00e1pido del sitio<\/li>\n<li>Incluye documentaci\u00f3n detallada y excelente atenci\u00f3n al cliente para responder cualquier pregunta o abordar cualquier problema.<\/li>\n<\/ul>\n","protected":false},"excerpt":{"rendered":"<p>Estamos encantados de presentarle el tema multiprop\u00f3sito de la agencia comercial no unida, que ha sido meticulosamente elaborada para atender los diversos requisitos de los propietarios de negocios actuales. Este tema incre\u00edblemente vers\u00e1til le otorga una gran cantidad de alternativas de personalizaci\u00f3n, lo que le permite crear un sitio web distintivo y visualmente cautivador que personifica la identidad de su marca. La adaptabilidad del tema se extiende a su dise\u00f1o receptivo, asegurando una presentaci\u00f3n impecable en todos los dispositivos, mientras que su optimizaci\u00f3n integrada de motores de b\u00fasqueda garantiza una visibilidad superior en la clasificaci\u00f3n de motores de b\u00fasqueda. Independientemente de si usted es el propietario de una agencia de marketing, un bufete de abogados o cualquier otra variedad de empresas, el tema multipuros de la Agencia de Negocios Unidas abarca todos los elementos esenciales que son indispensables para su viaje triunfal en l\u00ednea.<\/p>\n","protected":false},"featured_media":167892,"comment_status":"open","ping_status":"open","template":"","meta":[],"product_brand":[2337],"product_cat":[1307,1237,1238],"product_tag":[1391],"class_list":{"0":"post-121424","1":"product","2":"type-product","3":"status-publish","4":"has-post-thumbnail","6":"product_brand-themeforest","7":"product_cat-negocio-wordpress-temas","8":"product_cat-temas","9":"product_cat-wordpress-temas","10":"product_tag-themeforest","11":"member-discount","12":"discount-restricted","14":"first","15":"instock","16":"sale","17":"downloadable","18":"virtual","19":"sold-individually","20":"purchasable","21":"product-type-simple"},"_links":{"self":[{"href":"https:\/\/gpl-love.com\/es\/wp-json\/wp\/v2\/product\/121424","targetHints":{"allow":["GET"]}}],"collection":[{"href":"https:\/\/gpl-love.com\/es\/wp-json\/wp\/v2\/product"}],"about":[{"href":"https:\/\/gpl-love.com\/es\/wp-json\/wp\/v2\/types\/product"}],"replies":[{"embeddable":true,"href":"https:\/\/gpl-love.com\/es\/wp-json\/wp\/v2\/comments?post=121424"}],"wp:featuredmedia":[{"embeddable":true,"href":"https:\/\/gpl-love.com\/es\/wp-json\/wp\/v2\/media\/167892"}],"wp:attachment":[{"href":"https:\/\/gpl-love.com\/es\/wp-json\/wp\/v2\/media?parent=121424"}],"wp:term":[{"taxonomy":"product_brand","embeddable":true,"href":"https:\/\/gpl-love.com\/es\/wp-json\/wp\/v2\/product_brand?post=121424"},{"taxonomy":"product_cat","embeddable":true,"href":"https:\/\/gpl-love.com\/es\/wp-json\/wp\/v2\/product_cat?post=121424"},{"taxonomy":"product_tag","embeddable":true,"href":"https:\/\/gpl-love.com\/es\/wp-json\/wp\/v2\/product_tag?post=121424"}],"curies":[{"name":"wp","href":"https:\/\/api.w.org\/{rel}","templated":true}]}}