{"id":121420,"date":"2026-04-16T00:00:00","date_gmt":"2026-04-16T05:00:00","guid":{"rendered":"https:\/\/gpl-love.com\/es\/producto\/ultimate-membership-pro\/"},"modified":"2026-04-16T17:16:47","modified_gmt":"2026-04-16T22:16:47","slug":"ultimate-membership-pro","status":"publish","type":"product","link":"https:\/\/gpl-love.com\/es\/producto\/ultimate-membership-pro\/","title":{"rendered":"Ultimate Membership Pro 13.7.3"},"content":{"rendered":"<h3>Ultimate Membership Pro Caracteristicas<\/h3>\n<p>La mejor membres\u00eda profesional sirve como una soluci\u00f3n impecable para las personas que poseen sitios web y necesitan un sistema de membres\u00eda. Este notable complemento de WordPress le otorga el privilegio no solo para establecer no solo para supervisar varios niveles de membres\u00eda, junto con la capacidad de restringir la accesibilidad del contenido en funci\u00f3n de estos niveles. Adem\u00e1s, facilita la provisi\u00f3n de diversos m\u00e9todos de pago para sus miembros estimados. Adoptar a la mejor membres\u00eda profesional le permite ejercer un dominio completo sobre su sistema de membres\u00eda, otorg\u00e1ndole la autoridad para configurar planes de membres\u00eda, generar formularios de registro e inicio de sesi\u00f3n personalizados e incluso enviar notificaciones por correo electr\u00f3nico a sus miembros apreciados. La usabilidad sin esfuerzo de este complemento se ve mejorada por sus m\u00faltiples opciones de personalizaci\u00f3n, lo que le convierte en una elecci\u00f3n perfecta para las empresas de todas las escalas. Al emplear el mejor profesional de la membres\u00eda, tiene el potencial de embellecer la experiencia de sus usuarios con una membres\u00eda premium y aumentar simult\u00e1neamente el crecimiento de su negocio.<\/p>\n<ul>\n<li>Proporciona una soluci\u00f3n de membres\u00eda integral para sitios web de WordPress<\/li>\n<li>Permite el control sobre los roles de usuario y las restricciones de acceso<\/li>\n<li>Ofrece una variedad de opciones de pago para los niveles de membres\u00eda<\/li>\n<li>Incluye formularios de registro e inicio de sesi\u00f3n personalizables<\/li>\n<li>Proporciona an\u00e1lisis avanzados para la actividad de membres\u00eda<\/li>\n<li>Ofrece pagos recurrentes autom\u00e1ticos y gesti\u00f3n de suscripci\u00f3n<\/li>\n<li>Se integra con las pasarelas de pago populares como PayPal y Stripe<\/li>\n<li>Incluye herramientas de marketing por correo electr\u00f3nico para la comunicaci\u00f3n con los miembros.<\/li>\n<li>Ofrece protecci\u00f3n para contenido y p\u00e1ginas basadas en el nivel de membres\u00eda<\/li>\n<li>Proporciona una experiencia de usuario perfecta en escritorio y dispositivos m\u00f3viles.<\/li>\n<\/ul>\n","protected":false},"excerpt":{"rendered":"<p>Ultimate Membership Pro, una herramienta extremadamente potente, est\u00e1 a su disposici\u00f3n no solo de crear no solo administrar efectivamente las membres\u00edas en su sitio web de WordPress. Mediante este notable complemento, se le otorga la capacidad de imponer sin esfuerzo restricciones al acceso al contenido o caracter\u00edsticas que dependen de los niveles de membres\u00eda, monitorean de cerca la actividad de los miembros y facilitan f\u00e1cilmente las transacciones monetarias a cambio de compras de membres\u00eda. Ya sea que su dominio de operaci\u00f3n implique la operaci\u00f3n de un sitio web de membres\u00eda o la provisi\u00f3n de contenido premium, Ultimate Membership Pro le proporciona los medios para otorgar sin problemas el acceso exclusivo a su estimada audiencia, mientras fortalece sus rendimientos financieros.<\/p>\n","protected":false},"featured_media":167887,"comment_status":"open","ping_status":"open","template":"","meta":[],"product_brand":[2339],"product_cat":[1325,1206,1211],"product_tag":[1256],"class_list":{"0":"post-121420","1":"product","2":"type-product","3":"status-publish","4":"has-post-thumbnail","6":"product_brand-codecanyon","7":"product_cat-afiliacion","8":"product_cat-plugins","9":"product_cat-wordpress-plugins","10":"product_tag-codecanyon","11":"member-discount","12":"discount-restricted","14":"first","15":"instock","16":"sale","17":"downloadable","18":"virtual","19":"sold-individually","20":"purchasable","21":"product-type-simple"},"_links":{"self":[{"href":"https:\/\/gpl-love.com\/es\/wp-json\/wp\/v2\/product\/121420","targetHints":{"allow":["GET"]}}],"collection":[{"href":"https:\/\/gpl-love.com\/es\/wp-json\/wp\/v2\/product"}],"about":[{"href":"https:\/\/gpl-love.com\/es\/wp-json\/wp\/v2\/types\/product"}],"replies":[{"embeddable":true,"href":"https:\/\/gpl-love.com\/es\/wp-json\/wp\/v2\/comments?post=121420"}],"wp:featuredmedia":[{"embeddable":true,"href":"https:\/\/gpl-love.com\/es\/wp-json\/wp\/v2\/media\/167887"}],"wp:attachment":[{"href":"https:\/\/gpl-love.com\/es\/wp-json\/wp\/v2\/media?parent=121420"}],"wp:term":[{"taxonomy":"product_brand","embeddable":true,"href":"https:\/\/gpl-love.com\/es\/wp-json\/wp\/v2\/product_brand?post=121420"},{"taxonomy":"product_cat","embeddable":true,"href":"https:\/\/gpl-love.com\/es\/wp-json\/wp\/v2\/product_cat?post=121420"},{"taxonomy":"product_tag","embeddable":true,"href":"https:\/\/gpl-love.com\/es\/wp-json\/wp\/v2\/product_tag?post=121420"}],"curies":[{"name":"wp","href":"https:\/\/api.w.org\/{rel}","templated":true}]}}