{"id":121418,"date":"2026-04-16T00:00:00","date_gmt":"2026-04-16T05:00:00","guid":{"rendered":"https:\/\/gpl-love.com\/es\/producto\/ultimate-affiliate-pro\/"},"modified":"2026-04-16T17:16:46","modified_gmt":"2026-04-16T22:16:46","slug":"ultimate-affiliate-pro","status":"publish","type":"product","link":"https:\/\/gpl-love.com\/es\/producto\/ultimate-affiliate-pro\/","title":{"rendered":"Ultimate Affiliate Pro 9.5.6"},"content":{"rendered":"<h3>Ultimate Affiliate Pro Caracteristicas<\/h3>\n<p>Ultimate Affiliate Pro, un complemento de WordPress altamente influyente, ha sido meticulosamente elaborado para satisfacer las necesidades de las empresas que buscan expandir su red de afiliados y reforzar sus ventas. Con una gran cantidad de caracter\u00edsticas de vanguardia, que van desde las intrincadas complejidades del marketing de varios niveles hasta la amplia gama de tipos de comisiones y la incorporaci\u00f3n de c\u00f3digos de cup\u00f3n, este complemento empodera a sus usuarios hasta estructuras de comisiones a medida y incentivos para atraer incentivos, imbuyendo as\u00ed. Afiliados con el \u00edmpetu para abogar fervientemente por sus productos o servicios. Adem\u00e1s, el complemento ofrece un tablero intuitivo, repleto de funcionalidad f\u00e1cil de usar, as\u00ed como informes integrales y notificaciones instant\u00e1neas, las cuales facilitan sin problemas el monitoreo del rendimiento y la optimizaci\u00f3n del programa de afiliados. En su totalidad, Ultimate Affiliate Pro presenta a las empresas un conjunto de herramientas incomparables, asegurando la gesti\u00f3n competente de sus programas de afiliados y impulsando la trayectoria del crecimiento de los ingresos.<\/p>\n<ul>\n<li>Soluci\u00f3n todo en uno para crear y administrar un programa de afiliados para su negocio<\/li>\n<li>Tasas y reglas de comisi\u00f3n personalizables para afiliados<\/li>\n<li>Seguimiento e informes en tiempo real del rendimiento y comisiones de afiliados<\/li>\n<li>Opci\u00f3n para ofrecer comisiones de por vida para referencias<\/li>\n<li>Opciones de pago m\u00faltiples, incluidas PayPal y la transferencia bancaria<\/li>\n<li>Integraci\u00f3n con plataformas de comercio electr\u00f3nico populares, incluidas WooCommerce y descargas digitales f\u00e1ciles<\/li>\n<li>Niveles y niveles de afiliados ilimitados para estructuras de comisiones m\u00e1s complejas<\/li>\n<li>Herramientas de marketing incorporadas, incluidas plantillas de correo electr\u00f3nico y pancartas para que los afiliados usen<\/li>\n<li>Opci\u00f3n para configurar pagos autom\u00e1ticos de afiliados y comisiones recurrentes<\/li>\n<li>Panel de control de usuarios para administradores y afiliados para navegar y administrar f\u00e1cilmente sus cuentas.<\/li>\n<\/ul>\n","protected":false},"excerpt":{"rendered":"<p>El Ultimate Affiliate Pro es un complemento extremadamente potente e influyente que le permite la capacidad de administrar y monitorear de manera efectiva y sin problemas sus afiliados. Este complemento extraordinario proporciona una extensa gama de caracter\u00edsticas, que abarca el marketing de niveles m\u00faltiples, un n\u00famero ilimitado de campa\u00f1as de afiliados, notificaciones de correo electr\u00f3nico personalizadas y adaptables, seguimiento de comisiones meticulosas y una gran cantidad de otros atributos valiosos. Con la utilizaci\u00f3n de la mejor profesional de afiliados, puede cultivar y supervisar sin esfuerzo sus programas de afiliados, facilitando as\u00ed el aumento del tr\u00e1fico del sitio web y un impulso sustancial en las ventas. En consecuencia, independientemente de si posee una amplia experiencia en el \u00e1mbito del marketing de afiliaci\u00f3n o si simplemente se est\u00e1 embarcando en esta empresa, este notable complemento se erige inequ\u00edvocamente como el instrumento \u00f3ptimo para la gesti\u00f3n de sus afiliados y la optimizaci\u00f3n de su empresa virtual.<\/p>\n","protected":false},"featured_media":167870,"comment_status":"open","ping_status":"open","template":"","meta":[],"product_brand":[2339],"product_cat":[1216,1206,1211],"product_tag":[1256],"class_list":{"0":"post-121418","1":"product","2":"type-product","3":"status-publish","4":"has-post-thumbnail","6":"product_brand-codecanyon","7":"product_cat-formas","8":"product_cat-plugins","9":"product_cat-wordpress-plugins","10":"product_tag-codecanyon","11":"member-discount","12":"discount-restricted","14":"first","15":"instock","16":"sale","17":"downloadable","18":"virtual","19":"sold-individually","20":"purchasable","21":"product-type-simple"},"_links":{"self":[{"href":"https:\/\/gpl-love.com\/es\/wp-json\/wp\/v2\/product\/121418","targetHints":{"allow":["GET"]}}],"collection":[{"href":"https:\/\/gpl-love.com\/es\/wp-json\/wp\/v2\/product"}],"about":[{"href":"https:\/\/gpl-love.com\/es\/wp-json\/wp\/v2\/types\/product"}],"replies":[{"embeddable":true,"href":"https:\/\/gpl-love.com\/es\/wp-json\/wp\/v2\/comments?post=121418"}],"wp:featuredmedia":[{"embeddable":true,"href":"https:\/\/gpl-love.com\/es\/wp-json\/wp\/v2\/media\/167870"}],"wp:attachment":[{"href":"https:\/\/gpl-love.com\/es\/wp-json\/wp\/v2\/media?parent=121418"}],"wp:term":[{"taxonomy":"product_brand","embeddable":true,"href":"https:\/\/gpl-love.com\/es\/wp-json\/wp\/v2\/product_brand?post=121418"},{"taxonomy":"product_cat","embeddable":true,"href":"https:\/\/gpl-love.com\/es\/wp-json\/wp\/v2\/product_cat?post=121418"},{"taxonomy":"product_tag","embeddable":true,"href":"https:\/\/gpl-love.com\/es\/wp-json\/wp\/v2\/product_tag?post=121418"}],"curies":[{"name":"wp","href":"https:\/\/api.w.org\/{rel}","templated":true}]}}