{"id":121416,"date":"2026-02-26T00:00:00","date_gmt":"2026-02-26T05:00:00","guid":{"rendered":"https:\/\/gpl-love.com\/es\/producto\/ultimate-add-ons-para-elementor\/"},"modified":"2026-04-10T11:29:20","modified_gmt":"2026-04-10T16:29:20","slug":"ultimate-add-ons-para-elementor","status":"publish","type":"product","link":"https:\/\/gpl-love.com\/es\/producto\/ultimate-add-ons-para-elementor\/","title":{"rendered":"Ultimate Addons para Elementor 1.44.2"},"content":{"rendered":"<h3>Ultimate Addons para Elementor Caracteristicas<\/h3>\n<p>Los complementos definitivos para Elementor, un complemento notablemente robusto, sirven para aumentar las capacidades ya impresionantes del constructor de p\u00e1ginas Elementor. Este complemento cuenta con una interfaz incre\u00edblemente f\u00e1cil de usar y una extensa colecci\u00f3n de widgets y m\u00f3dulos, lo que permite a sus usuarios generar sitios web visualmente sorprendentes y totalmente personalizables. En virtud de su inclusi\u00f3n de una variedad de caracter\u00edsticas avanzadas, como una tipograf\u00eda mejorada, CSS personalizable y control de dise\u00f1o receptivo, los complementos finales para el elemento se han convertido en una herramienta indispensable para dise\u00f1adores web y desarrolladores por igual. Independientemente de si el objetivo de uno es construir un blog, un sitio de comercio electr\u00f3nico o una cartera, este notable complemento est\u00e1 listo para proporcionar todos los elementos necesarios para impulsar el sitio web de uno al siguiente nivel de excelencia.<\/p>\n<ul>\n<li>Proporciona m\u00e1s de 150 widgets avanzados para mejorar la experiencia de su constructor de p\u00e1ginas de Elemento<\/li>\n<li>Incluye widgets para redes sociales, marketing, formularios, tablas de precios y m\u00e1s<\/li>\n<li>Ofrece opciones de estilo \u00fanicas para dise\u00f1ar sus widgets exactamente c\u00f3mo los desea<\/li>\n<li>Viene con un constructor de pies y fusils totalmente personalizable, lo que permite un control completo sobre el dise\u00f1o de su sitio<\/li>\n<li>Ofrece opciones de dise\u00f1o avanzadas, como m\u00faltiples columnas y cuadros de contenido<\/li>\n<li>Compatible con WooCommerce, lo que permite una f\u00e1cil integraci\u00f3n con su tienda en l\u00ednea<\/li>\n<li>Admite contenido din\u00e1mico, lo que le permite mostrar informaci\u00f3n basada en la entrada del usuario u otras condiciones<\/li>\n<li>Proporciona actualizaciones regulares y nuevos widgets para mantener su sitio fresco y actualizado<\/li>\n<li>Incluye documentaci\u00f3n detallada y excelente atenci\u00f3n al cliente para cualquier pregunta o problema.<\/li>\n<li>Empodera a los usuarios para llevar su experiencia de elemento al siguiente nivel, con infinitas posibilidades de creatividad y personalizaci\u00f3n.<\/li>\n<\/ul>\n","protected":false},"excerpt":{"rendered":"<p>Los complementos definitivos para Elementor, una herramienta altamente vers\u00e1til que sirve para amplificar las capacidades del creador de p\u00e1ginas Elementor, demuestra ser un activo indispensable para los usuarios que buscan elevar sus dise\u00f1os de sitios web. Con una variedad impresionante de m\u00e1s de 45 widgets y extensiones, esta notable herramienta otorga a las personas la conveniencia y la flexibilidad para adaptar los dise\u00f1os de sus sitios web para adaptarse a sus preferencias sin esfuerzo. A trav\u00e9s de su interfaz f\u00e1cil de usar y sus plantillas convenientemente predise\u00f1adas, las personas est\u00e1n facultadas para incorporar r\u00e1pidamente caracter\u00edsticas intrincadas, como animaciones cautivadoras, carruselas cautivadoras y tablas de precios cautivadores. Adem\u00e1s, los complementos definitivos para Elementor se integra sin problemas con la plataforma WooCommerce y los complementos multiling\u00fces, dando as\u00ed a las empresas en l\u00ednea con una amplia gama de opciones para explorar y explotar. A la luz de sus innumerables beneficios y su rendimiento excepcional, queda muy claro que este complemento es una necesidad absoluta para los dise\u00f1adores y desarrolladores que aspiran a trascender los l\u00edmites de sus proyectos de elementos y alcanzar nuevas alturas de creatividad e innovaci\u00f3n.<\/p>\n","protected":false},"featured_media":167869,"comment_status":"open","ping_status":"open","template":"","meta":[],"product_brand":[2366],"product_cat":[1214,1206,1211],"product_tag":[2296],"class_list":{"0":"post-121416","1":"product","2":"type-product","3":"status-publish","4":"has-post-thumbnail","6":"product_brand-brainstorm-force","7":"product_cat-personalizacion","8":"product_cat-plugins","9":"product_cat-wordpress-plugins","10":"product_tag-brainstorm-force","11":"member-discount","12":"discount-restricted","14":"first","15":"instock","16":"sale","17":"downloadable","18":"virtual","19":"sold-individually","20":"purchasable","21":"product-type-simple"},"_links":{"self":[{"href":"https:\/\/gpl-love.com\/es\/wp-json\/wp\/v2\/product\/121416","targetHints":{"allow":["GET"]}}],"collection":[{"href":"https:\/\/gpl-love.com\/es\/wp-json\/wp\/v2\/product"}],"about":[{"href":"https:\/\/gpl-love.com\/es\/wp-json\/wp\/v2\/types\/product"}],"replies":[{"embeddable":true,"href":"https:\/\/gpl-love.com\/es\/wp-json\/wp\/v2\/comments?post=121416"}],"wp:featuredmedia":[{"embeddable":true,"href":"https:\/\/gpl-love.com\/es\/wp-json\/wp\/v2\/media\/167869"}],"wp:attachment":[{"href":"https:\/\/gpl-love.com\/es\/wp-json\/wp\/v2\/media?parent=121416"}],"wp:term":[{"taxonomy":"product_brand","embeddable":true,"href":"https:\/\/gpl-love.com\/es\/wp-json\/wp\/v2\/product_brand?post=121416"},{"taxonomy":"product_cat","embeddable":true,"href":"https:\/\/gpl-love.com\/es\/wp-json\/wp\/v2\/product_cat?post=121416"},{"taxonomy":"product_tag","embeddable":true,"href":"https:\/\/gpl-love.com\/es\/wp-json\/wp\/v2\/product_tag?post=121416"}],"curies":[{"name":"wp","href":"https:\/\/api.w.org\/{rel}","templated":true}]}}