{"id":121414,"date":"2026-02-18T00:00:00","date_gmt":"2026-02-18T05:00:00","guid":{"rendered":"https:\/\/gpl-love.com\/es\/producto\/ultimate-add-ons-para-beaver-builder\/"},"modified":"2026-04-10T11:29:19","modified_gmt":"2026-04-10T16:29:19","slug":"ultimate-add-ons-para-beaver-builder","status":"publish","type":"product","link":"https:\/\/gpl-love.com\/es\/producto\/ultimate-add-ons-para-beaver-builder\/","title":{"rendered":"Ultimate Addons para Beaver Builder 1.37.2"},"content":{"rendered":"<h3>Ultimate Addons para Beaver Builder Caracteristicas<\/h3>\n<p>Los complementos Ultimate para Beaver Builder son un complemento extremadamente robusto y que lo abarca todo que aumenta en gran medida la funcionalidad del ampliamente aclamado Beaver Builder Page Builder. Otorga a los usuarios un extenso repositorio repleto de una variedad de m\u00f3dulos y plantillas que pueden personalizarse sin esfuerzo, facilitando as\u00ed la creaci\u00f3n y construcci\u00f3n de sitios web de alta calidad que exudan profesionalismo. Con su interfaz de arrastrar y soltar notablemente f\u00e1cil de usar y una abundante variedad de opciones de personalizaci\u00f3n, los complementos definitivos para Beaver Builder facultan a los usuarios a las p\u00e1ginas visualmente cautivadoras sin esfuerzo que est\u00e1n obligados a dejar una impresi\u00f3n duradera. Independientemente de si uno es un ne\u00f3fito o un dise\u00f1ador web experimentado, este complemento es un instrumento indispensable para llevar a los sitios web visualmente atractivos y altamente funcionales al aprovechar las capacidades del Beaver Builder.<\/p>\n<ul>\n<li>Los complementos Ultimate para Beaver Builder son un poderoso conjunto de complementos que pueden ayudarlo a mejorar la funcionalidad y el dise\u00f1o de su sitio web.<\/li>\n<li>Con m\u00e1s de 50 m\u00f3dulos \u00fanicos, ofrece un incre\u00edble grado de personalizaci\u00f3n y flexibilidad para ayudarlo a lograr su aspecto deseado.<\/li>\n<li>Incluye m\u00f3dulos para galer\u00edas de im\u00e1genes avanzadas, tipos de publicaciones personalizadas, efectos de texto animados, mapas interactivos y mucho m\u00e1s.<\/li>\n<li>Los mejores complementos para Beaver Builder tambi\u00e9n vienen con plantillas y bloques predise\u00f1ados que puede personalizar y usar f\u00e1cilmente en los dise\u00f1os de su sitio web.<\/li>\n<li>Con su simple interfaz de arrastrar y soltar, crear p\u00e1ginas hermosas y funcionales nunca ha sido m\u00e1s f\u00e1cil.<\/li>\n<li>Es totalmente compatible con el complemento Beaver Builder, por lo que es una excelente adici\u00f3n a su flujo de trabajo existente.<\/li>\n<li>Ya sea que sea un dise\u00f1ador web experimentado o que acaba de comenzar, los complementos finales para Beaver Builder son una herramienta esencial para crear sitios web incre\u00edbles sin ninguna habilidad de codificaci\u00f3n o conocimiento t\u00e9cnico.<\/li>\n<li>Con sus caracter\u00edsticas integrales y su facilidad de uso, no es de extra\u00f1ar por qu\u00e9 miles de usuarios conf\u00edan en ella para ayudarlos a elevar sus dise\u00f1os de sitios web al siguiente nivel.<\/li>\n<\/ul>\n","protected":false},"excerpt":{"rendered":"<p>Los \u00faltimos complementos para Beaver Builder abarcan una variedad integral de herramientas robustas que aumentan efectivamente la funcionalidad del complemento de constructor de p\u00e1ginas ampliamente utilizado. Al integrar este complemento notable en su sitio web, puede fabricar sin esfuerzo una extensa variedad de p\u00e1ginas visualmente llamativas y atractivas din\u00e1micamente. Esta extensi\u00f3n excepcional cuenta con una variedad de m\u00e1s de 65 m\u00f3dulos distintivos, as\u00ed como una acumulaci\u00f3n sustancial de m\u00e1s de 100 plantillas meticulosamente elaboradas para p\u00e1ginas y secciones, todas dise\u00f1adas meticulosamente para infundir su sitio web con una sensaci\u00f3n de distinci\u00f3n incomparable. Con un extenso repertorio que abarca galer\u00edas avanzadas de im\u00e1genes y videos, animaciones cautivadoras y tipograf\u00eda visualmente arrestante, los complementos definitivos para Beaver Builder realmente abarcan todos los elementos esenciales necesarios para impulsar su sitio web a alturas de excelencia sin precedentes.<\/p>\n","protected":false},"featured_media":167868,"comment_status":"open","ping_status":"open","template":"","meta":[],"product_brand":[2366],"product_cat":[1214,1206,1211],"product_tag":[2296],"class_list":{"0":"post-121414","1":"product","2":"type-product","3":"status-publish","4":"has-post-thumbnail","6":"product_brand-brainstorm-force","7":"product_cat-personalizacion","8":"product_cat-plugins","9":"product_cat-wordpress-plugins","10":"product_tag-brainstorm-force","11":"member-discount","12":"discount-restricted","14":"first","15":"instock","16":"sale","17":"downloadable","18":"virtual","19":"sold-individually","20":"purchasable","21":"product-type-simple"},"_links":{"self":[{"href":"https:\/\/gpl-love.com\/es\/wp-json\/wp\/v2\/product\/121414","targetHints":{"allow":["GET"]}}],"collection":[{"href":"https:\/\/gpl-love.com\/es\/wp-json\/wp\/v2\/product"}],"about":[{"href":"https:\/\/gpl-love.com\/es\/wp-json\/wp\/v2\/types\/product"}],"replies":[{"embeddable":true,"href":"https:\/\/gpl-love.com\/es\/wp-json\/wp\/v2\/comments?post=121414"}],"wp:featuredmedia":[{"embeddable":true,"href":"https:\/\/gpl-love.com\/es\/wp-json\/wp\/v2\/media\/167868"}],"wp:attachment":[{"href":"https:\/\/gpl-love.com\/es\/wp-json\/wp\/v2\/media?parent=121414"}],"wp:term":[{"taxonomy":"product_brand","embeddable":true,"href":"https:\/\/gpl-love.com\/es\/wp-json\/wp\/v2\/product_brand?post=121414"},{"taxonomy":"product_cat","embeddable":true,"href":"https:\/\/gpl-love.com\/es\/wp-json\/wp\/v2\/product_cat?post=121414"},{"taxonomy":"product_tag","embeddable":true,"href":"https:\/\/gpl-love.com\/es\/wp-json\/wp\/v2\/product_tag?post=121414"}],"curies":[{"name":"wp","href":"https:\/\/api.w.org\/{rel}","templated":true}]}}