{"id":121412,"date":"2026-01-12T00:00:00","date_gmt":"2026-01-12T05:00:00","guid":{"rendered":"https:\/\/gpl-love.com\/es\/producto\/tutor-lms-pro\/"},"modified":"2026-04-02T05:16:11","modified_gmt":"2026-04-02T10:16:11","slug":"tutor-lms-pro","status":"publish","type":"product","link":"https:\/\/gpl-love.com\/es\/producto\/tutor-lms-pro\/","title":{"rendered":"Tutor LMS Pro 3.9.8"},"content":{"rendered":"<h3>Tutor LMS Pro Caracteristicas<\/h3>\n<p>Tutor LMS Pro, una innovadora plataforma de aprendizaje electr\u00f3nico, ofrece a los usuarios la conveniencia de crear y administrar sin esfuerzo cursos en l\u00ednea. Esta notable herramienta atiende las necesidades de los educadores, las escuelas y las empresas que buscan proporcionar experiencias de aprendizaje atractivas e impactantes. A trav\u00e9s de Tutor LMS Pro, los usuarios tienen la capacidad de curar cursos a medida, supervisar las inscripciones y el progreso de los estudiantes, as\u00ed como monitorear las m\u00e9tricas de rendimiento. Adem\u00e1s, esta plataforma presenta una amplia gama de caracter\u00edsticas, que incluyen pruebas, tareas, certificados y soporte multimedia, que sirven para aumentar el proceso de aprendizaje general. Adem\u00e1s, Tutor LMS Pro cuenta con un alto grado de personalizaci\u00f3n, brindando a los usuarios la oportunidad de personalizar sus cursos en l\u00ednea de acuerdo con sus requisitos espec\u00edficos. En general, Tutor LMS Pro es una opci\u00f3n excepcional para las personas en busca de una plataforma de aprendizaje electr\u00f3nico intuitivo y eficaz.<\/p>\n<ul>\n<li>Sistema avanzado de gesti\u00f3n de aprendizaje dise\u00f1ado para tutores y educadores<\/li>\n<li>Proporciona herramientas f\u00e1ciles de creaci\u00f3n y gesti\u00f3n de cursos<\/li>\n<li>Ofrece curso personalizable y dise\u00f1os de cuestionarios<\/li>\n<li>Incluye un poderoso constructor de preguntas con m\u00faltiples tipos de preguntas<\/li>\n<li>Admite contenido de video y audio para involucrar experiencias de ense\u00f1anza<\/li>\n<li>Permite la creaci\u00f3n de cuestionarios y evaluaciones con graduaci\u00f3n autom\u00e1tica<\/li>\n<li>Ofrece una variedad de opciones de pasarela de pago para compras y suscripciones de cursos<\/li>\n<li>Proporciona informes detallados y an\u00e1lisis para rastrear el progreso y el rendimiento de los estudiantes.<\/li>\n<li>Se integra con complementos y herramientas populares como WooCommerce, MailChimp y m\u00e1s<\/li>\n<li>Ofrece soporte de varios idiomas para la accesibilidad global<\/li>\n<\/ul>\n","protected":false},"excerpt":{"rendered":"<p>Tutor LMS Pro, un sistema de gesti\u00f3n de aprendizaje notablemente potente y f\u00e1cil de usar, presenta una experiencia perfecta para elaborar y supervisar los cursos en l\u00ednea sin esfuerzo. En virtud de su interfaz intuitiva y su amplia gama de funcionalidades, el tutor LMS Pro lo permite fabricar cursos cautivadores e interactivos que est\u00e1n garantizados para atraer a sus alumnos y fomentar su compromiso duradero. Independientemente de si asume el papel de un educador, instructor o emprendedor, Tutor LMS Pro sirve como el remedio definitivo para cualquier persona que busque dispensar la educaci\u00f3n de primer nivel en el \u00e1mbito del aprendizaje en l\u00ednea. \u00bfEntonces, Qu\u00e9 esperas? \u00a1No pierda tiempo y se embarque en su viaje de curar sus propios cursos en l\u00ednea con la incomparable destreza del Tutor LMS Pro!<\/p>\n","protected":false},"featured_media":167860,"comment_status":"open","ping_status":"open","template":"","meta":[],"product_brand":[2431],"product_cat":[1214,1206,1211],"product_tag":[1476],"class_list":{"0":"post-121412","1":"product","2":"type-product","3":"status-publish","4":"has-post-thumbnail","6":"product_brand-themeum","7":"product_cat-personalizacion","8":"product_cat-plugins","9":"product_cat-wordpress-plugins","10":"product_tag-themeum","11":"member-discount","12":"discount-restricted","14":"first","15":"instock","16":"sale","17":"downloadable","18":"virtual","19":"sold-individually","20":"purchasable","21":"product-type-simple"},"_links":{"self":[{"href":"https:\/\/gpl-love.com\/es\/wp-json\/wp\/v2\/product\/121412","targetHints":{"allow":["GET"]}}],"collection":[{"href":"https:\/\/gpl-love.com\/es\/wp-json\/wp\/v2\/product"}],"about":[{"href":"https:\/\/gpl-love.com\/es\/wp-json\/wp\/v2\/types\/product"}],"replies":[{"embeddable":true,"href":"https:\/\/gpl-love.com\/es\/wp-json\/wp\/v2\/comments?post=121412"}],"wp:featuredmedia":[{"embeddable":true,"href":"https:\/\/gpl-love.com\/es\/wp-json\/wp\/v2\/media\/167860"}],"wp:attachment":[{"href":"https:\/\/gpl-love.com\/es\/wp-json\/wp\/v2\/media?parent=121412"}],"wp:term":[{"taxonomy":"product_brand","embeddable":true,"href":"https:\/\/gpl-love.com\/es\/wp-json\/wp\/v2\/product_brand?post=121412"},{"taxonomy":"product_cat","embeddable":true,"href":"https:\/\/gpl-love.com\/es\/wp-json\/wp\/v2\/product_cat?post=121412"},{"taxonomy":"product_tag","embeddable":true,"href":"https:\/\/gpl-love.com\/es\/wp-json\/wp\/v2\/product_tag?post=121412"}],"curies":[{"name":"wp","href":"https:\/\/api.w.org\/{rel}","templated":true}]}}