{"id":121408,"date":"2025-11-27T00:00:00","date_gmt":"2025-11-27T05:00:00","guid":{"rendered":"https:\/\/gpl-love.com\/es\/?post_type=product&#038;p=121408"},"modified":"2026-03-13T17:32:00","modified_gmt":"2026-03-13T22:32:00","slug":"trendy-travel-tour-travel-wordpress-agency-theme","status":"publish","type":"product","link":"https:\/\/gpl-love.com\/es\/producto\/trendy-travel-tour-travel-wordpress-agency-theme\/","title":{"rendered":"Trendy Travel Tour Travel WordPress Agency Theme 6.7"},"content":{"rendered":"<h3>Trendy Travel Tour Travel WordPress Agency Theme Caracteristicas<\/h3>\n<p>Trendy Travel, un tema de WordPress dise\u00f1ado espec\u00edficamente para agencias de recorridos y viajes, cuenta con un dise\u00f1o altamente funcional y visualmente impresionante. Este tema ofrece una gran cantidad de caracter\u00edsticas y opciones de personalizaci\u00f3n para ayudarlo en la creaci\u00f3n de un sitio web profesional y \u00fanico para su negocio. Con su est\u00e9tica elegante y moderna, Travy Travel lo equipa con todas las herramientas necesarias para mostrar efectivamente sus recorridos, destinos y servicios, incluida la provisi\u00f3n de paquetes de viajes personalizables y opciones de reserva. Adem\u00e1s, este tema est\u00e1 equipado con una variedad de plantillas predise\u00f1adas para p\u00e1ginas de tour, publicaciones de blog y m\u00e1s, asegurando una iniciaci\u00f3n perfecta y sin problemas. Con un dise\u00f1o receptivo y un panel de administraci\u00f3n navegable sin esfuerzo, el viaje moderno es, sin duda, la opci\u00f3n \u00f3ptima para las personas que buscan establecer un sitio web profesional y cautivador de la agencia de viajes.<\/p>\n<ul>\n<li>Un tema de WordPress visualmente impresionante dise\u00f1ado espec\u00edficamente para agencias de viajes de turismo<\/li>\n<li>Dise\u00f1os de p\u00e1gina de inicio personalizables que muestran sus destinos y giras destacados<\/li>\n<li>Sistema de reserva y reserva f\u00e1cil de usar integrado con pasarelas de pago populares<\/li>\n<li>Formularios de contacto incorporados, integraci\u00f3n de mapas y widgets de redes sociales para ayudar a los visitantes a conectarse con su agencia<\/li>\n<li>El dise\u00f1o receptivo m\u00f3vil asegura que su sitio web sea accesible y atractivo en todos los dispositivos<\/li>\n<li>Opciones m\u00faltiples de encabezado y pie de p\u00e1gina para ayudarlo a crear un aspecto \u00fanico para su agencia<\/li>\n<li>Documentaci\u00f3n extensa y atenci\u00f3n al cliente dedicada para ayudarlo a aprovechar al m\u00e1ximo su tema<\/li>\n<li>La instalaci\u00f3n de demostraci\u00f3n de un solo clic le permite comenzar r\u00e1pidamente sin ning\u00fan conocimiento de codificaci\u00f3n<\/li>\n<li>Las opciones de dise\u00f1o flexibles le permiten personalizar colores, fuentes y dise\u00f1os para que coincidan perfectamente con su marca<\/li>\n<li>Opciones avanzadas de SEO para ayudarlo a aumentar la visibilidad y atraer m\u00e1s visitantes a su sitio web.<\/li>\n<\/ul>\n","protected":false},"excerpt":{"rendered":"<p>\u00bfEst\u00e1 en busca de un sitio web moderno y elegante que resaltar\u00e1 y promocionar\u00e1 efectivamente su agencia de recorridos y viajes? Su b\u00fasqueda termina aqu\u00ed con el extraordinario viaje de moda: un tema de WordPress incomparable especialmente dise\u00f1ado para personas en la industria de viajes. Con su impresionante est\u00e9tica y caracter\u00edsticas f\u00e1ciles de usar, este tema simplifica el proceso de elaboraci\u00f3n de recorridos personalizados, mostrando visuales cautivadoras de varios destinos y estableciendo conexiones con globos de globos provenientes de diversos rincones del globo. Independientemente de si posee una experiencia extensa como experto en viajes o si se est\u00e1 embarcando en su viaje profesional, los viajes modernos surgen como la selecci\u00f3n ideal para crear un sitio web visualmente impresionante y altamente eficiente.<\/p>\n","protected":false},"featured_media":167854,"comment_status":"open","ping_status":"open","template":"","meta":[],"product_brand":[2337],"product_cat":[1548,1237,1238],"product_tag":[1391],"class_list":{"0":"post-121408","1":"product","2":"type-product","3":"status-publish","4":"has-post-thumbnail","6":"product_brand-themeforest","7":"product_cat-resort-hotel","8":"product_cat-temas","9":"product_cat-wordpress-temas","10":"product_tag-themeforest","11":"member-discount","12":"discount-restricted","14":"first","15":"instock","16":"sale","17":"downloadable","18":"virtual","19":"sold-individually","20":"purchasable","21":"product-type-simple"},"_links":{"self":[{"href":"https:\/\/gpl-love.com\/es\/wp-json\/wp\/v2\/product\/121408","targetHints":{"allow":["GET"]}}],"collection":[{"href":"https:\/\/gpl-love.com\/es\/wp-json\/wp\/v2\/product"}],"about":[{"href":"https:\/\/gpl-love.com\/es\/wp-json\/wp\/v2\/types\/product"}],"replies":[{"embeddable":true,"href":"https:\/\/gpl-love.com\/es\/wp-json\/wp\/v2\/comments?post=121408"}],"wp:featuredmedia":[{"embeddable":true,"href":"https:\/\/gpl-love.com\/es\/wp-json\/wp\/v2\/media\/167854"}],"wp:attachment":[{"href":"https:\/\/gpl-love.com\/es\/wp-json\/wp\/v2\/media?parent=121408"}],"wp:term":[{"taxonomy":"product_brand","embeddable":true,"href":"https:\/\/gpl-love.com\/es\/wp-json\/wp\/v2\/product_brand?post=121408"},{"taxonomy":"product_cat","embeddable":true,"href":"https:\/\/gpl-love.com\/es\/wp-json\/wp\/v2\/product_cat?post=121408"},{"taxonomy":"product_tag","embeddable":true,"href":"https:\/\/gpl-love.com\/es\/wp-json\/wp\/v2\/product_tag?post=121408"}],"curies":[{"name":"wp","href":"https:\/\/api.w.org\/{rel}","templated":true}]}}