{"id":121406,"date":"2022-03-12T00:00:00","date_gmt":"2022-03-12T05:00:00","guid":{"rendered":"https:\/\/gpl-love.com\/es\/producto\/travelo-traveltour-booking-responsive-wordpress-theme\/"},"modified":"2026-04-10T11:29:06","modified_gmt":"2026-04-10T16:29:06","slug":"travelo-traveltour-booking-responsive-wordpress-theme","status":"publish","type":"product","link":"https:\/\/gpl-love.com\/es\/producto\/travelo-traveltour-booking-responsive-wordpress-theme\/","title":{"rendered":"Travelo Travel\/Tour Booking Responsive WordPress Theme 4.2.4"},"content":{"rendered":"<h3>Travelo Travel\/Tour Booking Responsive WordPress Theme Caracteristicas<\/h3>\n<p>Travelso, un tema de WordPress notablemente receptivo y vers\u00e1til, ha sido dise\u00f1ado exclusivamente para atender sitios web de viajes y reservas de viajes. Con una gran cantidad de caracter\u00edsticas, este tema es la opci\u00f3n por excelencia para las empresas que operan dentro de la industria de viajes en constante evoluci\u00f3n. Con su interfaz intuitivamente dise\u00f1ada, los usuarios pueden hacer sin esfuerzo sus arreglos de viaje, abarcar las reservas de vuelos, las reservas de hoteles e incluso las reservas de alquiler de autom\u00f3viles. Adem\u00e1s, Travelso se enorgullece de ser totalmente personalizable, lo que permite a las empresas adaptar sus sitios web con una variedad de esquemas de color, fuentes y dise\u00f1os para alinearse perfectamente con su identidad de marca. No solo eso, sino que TravelO tambi\u00e9n extiende sus ofertas al proporcionar una amplia gama de opciones de pago e integraci\u00f3n perfecta con pasarelas de pago de renombre, lo que permite a las empresas recibir convenientemente pagos de sus estimados clientes. En general, TravelO demuestra ser una opci\u00f3n excepcional para cualquier empresa dentro de la industria de viajes, ya que ofrece una plataforma de reserva integral y f\u00e1cil de usar que satisface sin problemas sus necesidades.<\/p>\n<ul>\n<li>Dise\u00f1o receptivo y amigable para m\u00f3viles<\/li>\n<li>M\u00faltiples dise\u00f1os de p\u00e1gina de inicio para elegir<\/li>\n<li>Funcionalidad de reserva integrada para recorridos y paquetes de viajes<\/li>\n<li>Integraci\u00f3n de Google Maps para b\u00fasquedas basadas en la ubicaci\u00f3n y planificaci\u00f3n del itinerario<\/li>\n<li>Plantillas de p\u00e1gina personalizables para tours, destinos y publicaciones de blogs de viajes<\/li>\n<li>Integraci\u00f3n de las redes sociales para f\u00e1cil compartir y promoci\u00f3n del contenido de viajes<\/li>\n<li>Optimizaci\u00f3n de SEO incorporada para una mejor visibilidad del motor de b\u00fasqueda<\/li>\n<li>Panel de opciones de tema potentes para una amplia personalizaci\u00f3n del dise\u00f1o y la funcionalidad<\/li>\n<li>La importaci\u00f3n de demostraci\u00f3n de un solo clic para configurar r\u00e1pidamente el tema con contenido y p\u00e1ginas prefabricadas<\/li>\n<li>Soporte premium y actualizaciones regulares para una experiencia de usuario fluida y duradera.<\/li>\n<\/ul>\n","protected":false},"excerpt":{"rendered":"<p>Bienvenido a Travelso, el extraordinario tema de viajes y la gira reservando el tema de WordPress que revolucionar\u00e1 su presencia en l\u00ednea. Con un dise\u00f1o perfecto y contempor\u00e1neo, un dise\u00f1o adaptable que se ajusta sin esfuerzo a cualquier dispositivo y un sistema de reservas f\u00e1cil de usar, TravelO le otorga el poder de establecer sin esfuerzo y supervisar su propio sitio web de viajes o recorridos en unos minutos. Independientemente de si su empresa implica una agencia de viajes, un operador tur\u00edstico o un blog cautivador de mochileros, TravelO lo equipa con un conjunto de herramientas integral que abarca todos los ingredientes esenciales necesarios para cautivar y encantarse a sus estimados visitantes. Por lo tanto, \u00bfpor qu\u00e9 prolongar su ascenso hacia el triunfo? \u00a1Aproveche la oportunidad y embarde su viaje hacia el \u00e9xito abrazando a Travelso hoy!<\/p>\n","protected":false},"featured_media":167852,"comment_status":"open","ping_status":"open","template":"","meta":[],"product_brand":[2337],"product_cat":[1245,1237,1238],"product_tag":[1391],"class_list":{"0":"post-121406","1":"product","2":"type-product","3":"status-publish","4":"has-post-thumbnail","6":"product_brand-themeforest","7":"product_cat-blog-revista","8":"product_cat-temas","9":"product_cat-wordpress-temas","10":"product_tag-themeforest","11":"member-discount","12":"discount-restricted","14":"first","15":"instock","16":"sale","17":"downloadable","18":"virtual","19":"sold-individually","20":"purchasable","21":"product-type-simple"},"_links":{"self":[{"href":"https:\/\/gpl-love.com\/es\/wp-json\/wp\/v2\/product\/121406","targetHints":{"allow":["GET"]}}],"collection":[{"href":"https:\/\/gpl-love.com\/es\/wp-json\/wp\/v2\/product"}],"about":[{"href":"https:\/\/gpl-love.com\/es\/wp-json\/wp\/v2\/types\/product"}],"replies":[{"embeddable":true,"href":"https:\/\/gpl-love.com\/es\/wp-json\/wp\/v2\/comments?post=121406"}],"wp:featuredmedia":[{"embeddable":true,"href":"https:\/\/gpl-love.com\/es\/wp-json\/wp\/v2\/media\/167852"}],"wp:attachment":[{"href":"https:\/\/gpl-love.com\/es\/wp-json\/wp\/v2\/media?parent=121406"}],"wp:term":[{"taxonomy":"product_brand","embeddable":true,"href":"https:\/\/gpl-love.com\/es\/wp-json\/wp\/v2\/product_brand?post=121406"},{"taxonomy":"product_cat","embeddable":true,"href":"https:\/\/gpl-love.com\/es\/wp-json\/wp\/v2\/product_cat?post=121406"},{"taxonomy":"product_tag","embeddable":true,"href":"https:\/\/gpl-love.com\/es\/wp-json\/wp\/v2\/product_tag?post=121406"}],"curies":[{"name":"wp","href":"https:\/\/api.w.org\/{rel}","templated":true}]}}