{"id":121404,"date":"2026-04-16T00:00:00","date_gmt":"2026-04-16T05:00:00","guid":{"rendered":"https:\/\/gpl-love.com\/es\/producto\/thrive-ultimatum\/"},"modified":"2026-04-16T17:16:42","modified_gmt":"2026-04-16T22:16:42","slug":"thrive-ultimatum","status":"publish","type":"product","link":"https:\/\/gpl-love.com\/es\/producto\/thrive-ultimatum\/","title":{"rendered":"Thrive Ultimatum 10.8.10"},"content":{"rendered":"<h3>Thrive Ultimatum Caracteristicas<\/h3>\n<p>Thrive Ultimatum, un complemento de marketing altamente potente, ha sido meticulosamente elaborado para ayudar a las empresas a generar una afluencia de clientes potenciales y reforzar sus fuentes de ingresos. En virtud de su interfaz de usuario intuitiva y un extenso repertorio de atributos personalizables, los usuarios est\u00e1n facultados para cautivar las campa\u00f1as de cuenta regresiva, estimulando el inter\u00e9s e inculcando un sentido palpable de urgencia dentro de su p\u00fablico objetivo. Con una variedad de dise\u00f1os personalizados e integraci\u00f3n perfecta con plataformas de marketing por correo electr\u00f3nico preeminentes, Thrive Ultimatum ofrece una soluci\u00f3n integral dirigida a sobrealimentar conversiones y fomentar niveles elevados de participaci\u00f3n. Equipado con capacidades de orientaci\u00f3n centradas en el l\u00e1ser y un conjunto de an\u00e1lisis formidable para rastrear meticulosamente las m\u00e9tricas de rendimiento, este complemento est\u00e1 listo para catapultar a las empresas hacia una eficacia de marketing \u00f3ptima y la realizaci\u00f3n de sus aspiraciones m\u00e1s altas.<\/p>\n<ul>\n<li>Potente complemento de marketing de escasez para WordPress<\/li>\n<li>Crear temporizadores de cuenta regresiva, ofertas de tiempo limitado y campa\u00f1as personalizadas<\/li>\n<li>Plantillas incorporadas y opciones de personalizaci\u00f3n para un dise\u00f1o f\u00e1cil<\/li>\n<li>Se integra con populares plataformas de marketing por correo electr\u00f3nico y redes sociales<\/li>\n<li>M\u00faltiples opciones de activaci\u00f3n para campa\u00f1as, como visitas de p\u00e1gina o comportamiento del usuario<\/li>\n<li>An\u00e1lisis y seguimiento para medir el \u00e9xito de la campa\u00f1a<\/li>\n<li>Aumentar las conversiones y las ventas con urgencia y t\u00e1cticas de exclusividad<\/li>\n<li>F\u00e1cil de usar y configurar sin necesidad de codificaci\u00f3n<\/li>\n<li>Dise\u00f1o receptivo m\u00f3vil para una experiencia de usuario perfecta<\/li>\n<li>Actualizaciones regulares y apoyo del equipo de temas de Thrive.<\/li>\n<\/ul>\n","protected":false},"excerpt":{"rendered":"<p>Thrive Ultimatum, una herramienta de marketing extremadamente potente, posee la notable capacidad para ayudarlo a generar escasez y urgencia dentro de sus esfuerzos promocionales, amplificando as\u00ed las ventas y las conversiones. A trav\u00e9s de la utilizaci\u00f3n de este complemento extraordinario, est\u00e1 facultado para fabricar temporizadores de cuenta regresiva, mensajes din\u00e1micos de escasez y ofertas a medida que se adaptan meticulosamente para atender las proclividades e inclinaciones \u00fanicas de su estimado demogr\u00e1fico objetivo. Ya sea que est\u00e9 involucrado en la operaci\u00f3n de un emporio en l\u00ednea, la administraci\u00f3n de un sitio de membres\u00eda, o incluso orquestando el debut de un producto digital, Thrive Ultimatum est\u00e1 inequ\u00edvocamente listo para aumentar sustancialmente sus rendimientos financieros y generar niveles de compromiso elevados, cortes\u00eda de su Funcionalidades de automatizaci\u00f3n y segmentaci\u00f3n de \u00faltima generaci\u00f3n. En consecuencia, si alberga un ferviente deseo de optimizar sus esfuerzos de marketing e infundir un sentido palpable de urgencia que engendra acci\u00f3n r\u00e1pida, TRIVE Ultimatum representa la elecci\u00f3n por excelencia para usted. \u00a1No pierda tiempo y se embarque en un viaje transformador hoy, en el que sus ventas se elevar\u00e1n a alturas sin precedentes!<\/p>\n","protected":false},"featured_media":167823,"comment_status":"open","ping_status":"open","template":"","meta":[],"product_brand":[2579],"product_cat":[1214,1206,1211],"product_tag":[1407],"class_list":{"0":"post-121404","1":"product","2":"type-product","3":"status-publish","4":"has-post-thumbnail","6":"product_brand-thrive-themes","7":"product_cat-personalizacion","8":"product_cat-plugins","9":"product_cat-wordpress-plugins","10":"product_tag-thrive-themes","11":"member-discount","12":"discount-restricted","14":"first","15":"instock","16":"sale","17":"downloadable","18":"virtual","19":"sold-individually","20":"purchasable","21":"product-type-simple"},"_links":{"self":[{"href":"https:\/\/gpl-love.com\/es\/wp-json\/wp\/v2\/product\/121404","targetHints":{"allow":["GET"]}}],"collection":[{"href":"https:\/\/gpl-love.com\/es\/wp-json\/wp\/v2\/product"}],"about":[{"href":"https:\/\/gpl-love.com\/es\/wp-json\/wp\/v2\/types\/product"}],"replies":[{"embeddable":true,"href":"https:\/\/gpl-love.com\/es\/wp-json\/wp\/v2\/comments?post=121404"}],"wp:featuredmedia":[{"embeddable":true,"href":"https:\/\/gpl-love.com\/es\/wp-json\/wp\/v2\/media\/167823"}],"wp:attachment":[{"href":"https:\/\/gpl-love.com\/es\/wp-json\/wp\/v2\/media?parent=121404"}],"wp:term":[{"taxonomy":"product_brand","embeddable":true,"href":"https:\/\/gpl-love.com\/es\/wp-json\/wp\/v2\/product_brand?post=121404"},{"taxonomy":"product_cat","embeddable":true,"href":"https:\/\/gpl-love.com\/es\/wp-json\/wp\/v2\/product_cat?post=121404"},{"taxonomy":"product_tag","embeddable":true,"href":"https:\/\/gpl-love.com\/es\/wp-json\/wp\/v2\/product_tag?post=121404"}],"curies":[{"name":"wp","href":"https:\/\/api.w.org\/{rel}","templated":true}]}}