{"id":121402,"date":"2022-02-25T00:00:00","date_gmt":"2022-02-25T05:00:00","guid":{"rendered":"https:\/\/gpl-love.com\/es\/producto\/thrive-themes-voice-wordpress-theme\/"},"modified":"2026-04-10T11:28:44","modified_gmt":"2026-04-10T16:28:44","slug":"thrive-themes-voice-wordpress-theme","status":"publish","type":"product","link":"https:\/\/gpl-love.com\/es\/producto\/thrive-themes-voice-wordpress-theme\/","title":{"rendered":"Thrive Themes Voice WordPress Theme 2.11.1"},"content":{"rendered":"<h3>Thrive Themes Voice WordPress Theme Caracteristicas<\/h3>\n<p>El tema de WordPress de The Thrive Themes Voice ofrece una soluci\u00f3n con todo incluido a las personas en el \u00e1mbito de los blogs y la creaci\u00f3n de contenido que buscan elevar sus sitios web. Con un dise\u00f1o elegante y contempor\u00e1neo, este tema otorga a su sitio web una apariencia pulida y profesional. Cuenta con un nivel extraordinario de personalizaci\u00f3n, que le otorga la capacidad de personalizar sus caracter\u00edsticas para alinearse con precisi\u00f3n con sus requisitos espec\u00edficos. Adem\u00e1s, este tema abarca funcionalidades avanzadas, como la generaci\u00f3n de leads y las herramientas de construcci\u00f3n de listas, lo que lo convierte en una elecci\u00f3n excepcional para los empresarios con aspiraciones de expandir sus empresas en l\u00ednea. En particular, el tema se ha optimizado meticulosamente para la optimizaci\u00f3n de motores de b\u00fasqueda (SEO), asegurando as\u00ed que su sitio web asegure una posici\u00f3n destacada en las p\u00e1ginas de resultados del motor de b\u00fasqueda. En resumen, el tema de WordPress de Voice Thrive Temas representa una opci\u00f3n ejemplar para aquellos que aspiran a forjar un sitio web est\u00e9ticamente llamativo y de alto rendimiento.<\/p>\n<ul>\n<li>Dise\u00f1o personalizable y elegante adecuado para cualquier tipo de sitio web<\/li>\n<li>Centrarse en la experiencia del usuario con \u00e9nfasis en la navegaci\u00f3n f\u00e1cil y la accesibilidad<\/li>\n<li>Integraci\u00f3n con Thrive Architect para una f\u00e1cil edici\u00f3n y personalizaci\u00f3n<\/li>\n<li>Optimizaci\u00f3n de b\u00fasqueda de voz para mejorar la participaci\u00f3n del usuario<\/li>\n<li>Caracter\u00edsticas de generaci\u00f3n de leads incorporadas para ayudar a hacer crecer su lista de correo electr\u00f3nico<\/li>\n<li>Integraci\u00f3n de las redes sociales para aumentar la visibilidad y el compromiso del sitio web<\/li>\n<li>Dise\u00f1o de respuesta m\u00f3vil para una pantalla impecable en cualquier dispositivo<\/li>\n<li>Acceso a la Universidad de Thrive para su apoyo continuo y educaci\u00f3n<\/li>\n<li>An\u00e1lisis incorporado para rastrear el rendimiento del sitio web y el comportamiento del usuario<\/li>\n<li>Dise\u00f1o centrado en la conversi\u00f3n para aumentar las conversiones e ingresos del sitio web<\/li>\n<\/ul>\n","protected":false},"excerpt":{"rendered":"<p>El tema de WordPress de Voice temas de Thrive cuenta con un dise\u00f1o exquisito y visualmente cautivador, meticulosamente elaborado para elevar su contenido y cautivar a su audiencia. Con una est\u00e9tica ultra moderna junto con una mir\u00edada de caracter\u00edsticas poderosas y opciones intuitivas, este tema le otorga la capacidad de personalizar cada faceta de su sitio web, asegurando que no solo se vea espl\u00e9ndido sino que tambi\u00e9n funciona sin problemas, alineando precisamente con su visi\u00f3n deseada. . Adem\u00e1s, este tema excepcional viene equipado con una variedad de herramientas incorporadas que est\u00e1n dise\u00f1adas de manera experta para mejorar la velocidad y el rendimiento general de su sitio web, garantizando as\u00ed una experiencia de navegaci\u00f3n consistentemente perfecta y expedita, que a su vez sirve para absorber y convertir su valiosa visitantes. Independientemente de si est\u00e1 a punto de embarcarse en un nuevo esfuerzo de blogs o si est\u00e1 en el proceso de renovar su sitio web existente, el tema de WordPress de Voice de The Thrive Themes representa innegablemente el ep\u00edtome de la selecci\u00f3n ideal, facilitando la creaci\u00f3n de un impecable, profesional y altamente profesional y altamente Sitio web lucrativo que sin duda capturar\u00e1 los corazones y la atenci\u00f3n de su preciada audiencia.<\/p>\n","protected":false},"featured_media":167822,"comment_status":"open","ping_status":"open","template":"","meta":[],"product_brand":[2579],"product_cat":[1245,1237,1238],"product_tag":[1407],"class_list":{"0":"post-121402","1":"product","2":"type-product","3":"status-publish","4":"has-post-thumbnail","6":"product_brand-thrive-themes","7":"product_cat-blog-revista","8":"product_cat-temas","9":"product_cat-wordpress-temas","10":"product_tag-thrive-themes","11":"member-discount","12":"discount-restricted","14":"first","15":"instock","16":"sale","17":"downloadable","18":"virtual","19":"sold-individually","20":"purchasable","21":"product-type-simple"},"_links":{"self":[{"href":"https:\/\/gpl-love.com\/es\/wp-json\/wp\/v2\/product\/121402","targetHints":{"allow":["GET"]}}],"collection":[{"href":"https:\/\/gpl-love.com\/es\/wp-json\/wp\/v2\/product"}],"about":[{"href":"https:\/\/gpl-love.com\/es\/wp-json\/wp\/v2\/types\/product"}],"replies":[{"embeddable":true,"href":"https:\/\/gpl-love.com\/es\/wp-json\/wp\/v2\/comments?post=121402"}],"wp:featuredmedia":[{"embeddable":true,"href":"https:\/\/gpl-love.com\/es\/wp-json\/wp\/v2\/media\/167822"}],"wp:attachment":[{"href":"https:\/\/gpl-love.com\/es\/wp-json\/wp\/v2\/media?parent=121402"}],"wp:term":[{"taxonomy":"product_brand","embeddable":true,"href":"https:\/\/gpl-love.com\/es\/wp-json\/wp\/v2\/product_brand?post=121402"},{"taxonomy":"product_cat","embeddable":true,"href":"https:\/\/gpl-love.com\/es\/wp-json\/wp\/v2\/product_cat?post=121402"},{"taxonomy":"product_tag","embeddable":true,"href":"https:\/\/gpl-love.com\/es\/wp-json\/wp\/v2\/product_tag?post=121402"}],"curies":[{"name":"wp","href":"https:\/\/api.w.org\/{rel}","templated":true}]}}