{"id":121400,"date":"2022-02-25T00:00:00","date_gmt":"2022-02-25T05:00:00","guid":{"rendered":"https:\/\/gpl-love.com\/es\/producto\/thrive-themes-storied-wordpress-theme\/"},"modified":"2026-03-13T17:31:42","modified_gmt":"2026-03-13T22:31:42","slug":"thrive-themes-storied-wordpress-theme","status":"publish","type":"product","link":"https:\/\/gpl-love.com\/es\/producto\/thrive-themes-storied-wordpress-theme\/","title":{"rendered":"Thrive Themes Storied WordPress Theme 2.11.1"},"content":{"rendered":"<h3>Thrive Themes Storied WordPress Theme Caracteristicas<\/h3>\n<p>El tema de WordPress de Thrive Temas de WordPress se presenta como una soluci\u00f3n \u00f3ptima para sitios web que priorizan el contenido. Al incorporar un dise\u00f1o inmaculado y contempor\u00e1neo, armoniza sin problemas la est\u00e9tica con la funcionalidad. Este tema ofrece una amplia gama de opciones de personalizaci\u00f3n, lo que permite a los usuarios adaptarlo de acuerdo con sus requisitos precisos. Adem\u00e1s, est\u00e1 equipado con una variedad de plantillas preconstruidas, facilitando la creaci\u00f3n sin esfuerzo de p\u00e1ginas y puestos visualmente llamativos. La capacidad de respuesta del tema asegura que su contenido sea visualmente atractivo y coherente en todos los dispositivos. Adem\u00e1s, el tema hist\u00f3rico ha sido perfeccionado a la perfecci\u00f3n en t\u00e9rminos de velocidad y optimizaci\u00f3n de motores de b\u00fasqueda, garantizando as\u00ed el rendimiento encomiable en las clasificaciones de motores de b\u00fasqueda. Con sus caracter\u00edsticas sofisticadas y su interfaz f\u00e1cil de usar, el tema de WordPress hist\u00f3rico Thrive Temas emerge como una opci\u00f3n ejemplar para las personas que buscan fabricar un sitio web pulido y cautivador centrado en el contenido.<\/p>\n<ul>\n<li>Un tema de WordPress visualmente impresionante y altamente personalizable dise\u00f1ado para bloggers, narradores y otros creadores de contenido para mostrar su trabajo de una manera convincente y atractiva<\/li>\n<li>Incluye una variedad de plantillas de p\u00e1gina preconstruidas, opciones de dise\u00f1o y elementos de dise\u00f1o para ayudarlo a crear un sitio web \u00fanico y profesional sin ninguna habilidad de codificaci\u00f3n.<\/li>\n<li>Viene con la integraci\u00f3n de thrive lidera, lo que le permite crear f\u00e1cilmente formularios de suscripci\u00f3n, llamadas a la acci\u00f3n y otras herramientas de generaci\u00f3n de leads para crear su lista de correo electr\u00f3nico y hacer crecer su negocio<\/li>\n<li>Sensible a los dispositivos m\u00f3viles y optimizado para la velocidad y el rendimiento, asegurando que su audiencia pueda acceder f\u00e1cilmente y consumir su contenido en cualquier dispositivo, y Google tambi\u00e9n le encantar\u00e1 su sitio.<\/li>\n<li>Incluye una gama de caracter\u00edsticas incorporadas, como una barra de b\u00fasqueda avanzada, botones de intercambio social y un widget de publicaciones relacionadas, para mejorar la experiencia de su lector y mantenerlas comprometidas con su contenido<\/li>\n<li>Ofrece un soporte total para WooCommerce, lo que le permite agregar f\u00e1cilmente una tienda en l\u00ednea a su sitio y comenzar a vender productos o servicios directamente a su audiencia.<\/li>\n<li>Respaldado por los equipos de soporte y desarrollo de software de clase mundial de Thrive Temas, asegurando que tenga acceso a actualizaciones continuas, correcciones de errores y orientaci\u00f3n experta para ayudarlo a aprovechar al m\u00e1ximo su sitio web.<\/li>\n<\/ul>\n","protected":false},"excerpt":{"rendered":"<p>\u00bfEst\u00e1 buscando un tema de WordPress altamente potente para su sitio web de narraci\u00f3n de cuentos? Bueno, tu b\u00fasqueda termina aqu\u00ed, mientras te presento los impecables temas de thrive historizados. Con un dise\u00f1o inmaculado y contempor\u00e1neo, este tema es una joya absoluta para individuos como bloggers, autores y creadores de contenido, que anhelan mostrar sus narrativas cautivadoras de una manera visualmente agradable y fascinante. Equipado con una gran cantidad de caracter\u00edsticas notables, que incluyen secciones de p\u00e1gina de inicio personalizables, galer\u00edas de im\u00e1genes impresionantes y controles de tipograf\u00eda de vanguardia, sin duda surge como la opci\u00f3n definitiva para cualquier persona que busque establecer una presencia en l\u00ednea indeleble. Entonces, \u00bfpor qu\u00e9 prolongar la espera? Comience su viaje de narraci\u00f3n hoy con los temas fenomenales de Thrive Storyed.<\/p>\n","protected":false},"featured_media":167821,"comment_status":"open","ping_status":"open","template":"","meta":[],"product_brand":[2579],"product_cat":[1245,1237,1238],"product_tag":[1407],"class_list":{"0":"post-121400","1":"product","2":"type-product","3":"status-publish","4":"has-post-thumbnail","6":"product_brand-thrive-themes","7":"product_cat-blog-revista","8":"product_cat-temas","9":"product_cat-wordpress-temas","10":"product_tag-thrive-themes","11":"member-discount","12":"discount-restricted","14":"first","15":"instock","16":"sale","17":"downloadable","18":"virtual","19":"sold-individually","20":"purchasable","21":"product-type-simple"},"_links":{"self":[{"href":"https:\/\/gpl-love.com\/es\/wp-json\/wp\/v2\/product\/121400","targetHints":{"allow":["GET"]}}],"collection":[{"href":"https:\/\/gpl-love.com\/es\/wp-json\/wp\/v2\/product"}],"about":[{"href":"https:\/\/gpl-love.com\/es\/wp-json\/wp\/v2\/types\/product"}],"replies":[{"embeddable":true,"href":"https:\/\/gpl-love.com\/es\/wp-json\/wp\/v2\/comments?post=121400"}],"wp:featuredmedia":[{"embeddable":true,"href":"https:\/\/gpl-love.com\/es\/wp-json\/wp\/v2\/media\/167821"}],"wp:attachment":[{"href":"https:\/\/gpl-love.com\/es\/wp-json\/wp\/v2\/media?parent=121400"}],"wp:term":[{"taxonomy":"product_brand","embeddable":true,"href":"https:\/\/gpl-love.com\/es\/wp-json\/wp\/v2\/product_brand?post=121400"},{"taxonomy":"product_cat","embeddable":true,"href":"https:\/\/gpl-love.com\/es\/wp-json\/wp\/v2\/product_cat?post=121400"},{"taxonomy":"product_tag","embeddable":true,"href":"https:\/\/gpl-love.com\/es\/wp-json\/wp\/v2\/product_tag?post=121400"}],"curies":[{"name":"wp","href":"https:\/\/api.w.org\/{rel}","templated":true}]}}