{"id":121398,"date":"2022-02-25T00:00:00","date_gmt":"2022-02-25T05:00:00","guid":{"rendered":"https:\/\/gpl-love.com\/es\/producto\/thrive-themes-squared-wordpress-theme\/"},"modified":"2026-04-10T11:28:42","modified_gmt":"2026-04-10T16:28:42","slug":"thrive-themes-squared-wordpress-theme","status":"publish","type":"product","link":"https:\/\/gpl-love.com\/es\/producto\/thrive-themes-squared-wordpress-theme\/","title":{"rendered":"Thrive Themes Squared WordPress Theme 2.11.1"},"content":{"rendered":"<h3>Thrive Themes Squared WordPress Theme Caracteristicas<\/h3>\n<p>El tema de WordPress cuadrado de temas de prosperaci\u00f3n, reconocido por sus notables capacidades, faculta a los usuarios para crear sitios web fascinantes y sofisticados. Este tema excepcional est\u00e1 equipado con una gran cantidad de caracter\u00edsticas y opciones personalizables, lo que brinda a los usuarios la facilidad de dise\u00f1ar su refugio digital ideal. Un testimonio de su excelencia, el tema est\u00e1 meticulosamente optimizado para la rapidez incomparable, garantizando una carga de p\u00e1gina expedita y perfecta. Con una interfaz que es f\u00e1cil de usar e intuitivamente dise\u00f1ada, el tema de WordPress cuadrado presenta una opci\u00f3n impecable para los bloggers, empresarios y estimados propietarios de negocios que buscan forjar una huella digital indomable. Independientemente de si su intenci\u00f3n es mostrar sus productos ilustre, servicios ejemplares o contenido cautivador, este tema extraordinario abarca todos los atributos necesarios para modificar un sitio web que captura sin esfuerzo la atenci\u00f3n y se distingue de sus contempor\u00e1neos.<\/p>\n<ul>\n<li>Un tema de WordPress personalizable y totalmente receptivo creado espec\u00edficamente para sitios web de negocios<\/li>\n<li>Viene equipado con varias plantillas preconstruidas y dise\u00f1os de p\u00e1gina para un dise\u00f1o y configuraci\u00f3n f\u00e1ciles<\/li>\n<li>Los elementos de generaci\u00f3n de leads incorporados, incluidos los formularios de opci\u00f3n y las llamadas a la acci\u00f3n, para ayudar a aumentar las conversiones<\/li>\n<li>Integraci\u00f3n con servicios populares de marketing por correo electr\u00f3nico, incluidos MailChimp y Aweber<\/li>\n<li>Incluye un poderoso editor de arrastrar y soltar para personalizar y organizar elementos del sitio web para adaptarse a su marca y estilo<\/li>\n<li>Integraci\u00f3n incorporada con Thrive Architect, A Visual Page Builder, para opciones de personalizaci\u00f3n a\u00fan m\u00e1s avanzadas<\/li>\n<li>SEO optimizado, con caracter\u00edsticas incorporadas como la navegaci\u00f3n de breadcrumb y los botones de intercambio de redes sociales<\/li>\n<li>Actualizado regularmente con nuevas caracter\u00edsticas y mejoras para garantizar la compatibilidad con la \u00faltima tecnolog\u00eda y tendencias<\/li>\n<li>Equipo de soporte dedicado, incluida una base de conocimiento y un sistema de boletos, para ayudar a responder cualquier pregunta o solucionar problemas de cualquier problema.<\/li>\n<\/ul>\n","protected":false},"excerpt":{"rendered":"<p>El tema de WordPress cuadrado de Thrive Temas es un tema incre\u00edblemente vers\u00e1til y excepcionalmente poderoso que se adapta espec\u00edficamente para satisfacer las necesidades y preferencias de los bloggers, los vendedores digitales y las empresas de todos los tama\u00f1os. Este tema cuenta con un constructor de p\u00e1ginas de arrastrar y soltar incre\u00edblemente intuitivo y sin problemas, que le brinda la oportunidad de construir p\u00e1ginas y publicaciones visualmente cautivadoras y est\u00e9ticas que muestren efectivamente su amplia gama de productos, servicios o contenido. Adem\u00e1s, este tema est\u00e1 equipado con una extensa variedad de widgets y c\u00f3digos cortos altamente personalizables, que sirven para facilitar y racionalizar el proceso de creaci\u00f3n y personalizaci\u00f3n, lo que le permite lograr un dise\u00f1o que se alinee perfectamente con su visi\u00f3n \u00fanica y su identidad de marca. Una de las caracter\u00edsticas m\u00e1s notables del tema de WordPress cuadrado de temas de prosperaci\u00f3n es su capacidad de respuesta completa, lo que significa que, independientemente del dispositivo en el que se acceda a su sitio, mantendr\u00e1 constantemente su apariencia visualmente impresionante y su funcionalidad \u00f3ptima. Al seleccionar el tema de WordPress cuadrado de temas de prosperaci\u00f3n, estar\u00e1 equipado con todas las herramientas y recursos necesarios para desarrollar y cultivar un sitio web que exude profesionalismo y efectividad, comprometiendo efectivamente con su p\u00fablico objetivo y, en \u00faltima instancia, impulsando las conversiones de una manera altamente eficiente e impactante.<\/p>\n","protected":false},"featured_media":167820,"comment_status":"open","ping_status":"open","template":"","meta":[],"product_brand":[2579],"product_cat":[1307,1237,1238],"product_tag":[1407],"class_list":{"0":"post-121398","1":"product","2":"type-product","3":"status-publish","4":"has-post-thumbnail","6":"product_brand-thrive-themes","7":"product_cat-negocio-wordpress-temas","8":"product_cat-temas","9":"product_cat-wordpress-temas","10":"product_tag-thrive-themes","11":"member-discount","12":"discount-restricted","14":"first","15":"instock","16":"sale","17":"downloadable","18":"virtual","19":"sold-individually","20":"purchasable","21":"product-type-simple"},"_links":{"self":[{"href":"https:\/\/gpl-love.com\/es\/wp-json\/wp\/v2\/product\/121398","targetHints":{"allow":["GET"]}}],"collection":[{"href":"https:\/\/gpl-love.com\/es\/wp-json\/wp\/v2\/product"}],"about":[{"href":"https:\/\/gpl-love.com\/es\/wp-json\/wp\/v2\/types\/product"}],"replies":[{"embeddable":true,"href":"https:\/\/gpl-love.com\/es\/wp-json\/wp\/v2\/comments?post=121398"}],"wp:featuredmedia":[{"embeddable":true,"href":"https:\/\/gpl-love.com\/es\/wp-json\/wp\/v2\/media\/167820"}],"wp:attachment":[{"href":"https:\/\/gpl-love.com\/es\/wp-json\/wp\/v2\/media?parent=121398"}],"wp:term":[{"taxonomy":"product_brand","embeddable":true,"href":"https:\/\/gpl-love.com\/es\/wp-json\/wp\/v2\/product_brand?post=121398"},{"taxonomy":"product_cat","embeddable":true,"href":"https:\/\/gpl-love.com\/es\/wp-json\/wp\/v2\/product_cat?post=121398"},{"taxonomy":"product_tag","embeddable":true,"href":"https:\/\/gpl-love.com\/es\/wp-json\/wp\/v2\/product_tag?post=121398"}],"curies":[{"name":"wp","href":"https:\/\/api.w.org\/{rel}","templated":true}]}}