{"id":121396,"date":"2022-02-25T00:00:00","date_gmt":"2022-02-25T05:00:00","guid":{"rendered":"https:\/\/gpl-love.com\/es\/producto\/thrive-themes-rise-wordpress-theme\/"},"modified":"2026-04-10T11:28:41","modified_gmt":"2026-04-10T16:28:41","slug":"thrive-themes-rise-wordpress-theme","status":"publish","type":"product","link":"https:\/\/gpl-love.com\/es\/producto\/thrive-themes-rise-wordpress-theme\/","title":{"rendered":"Thrive Themes Rise WordPress Theme 2.11.1"},"content":{"rendered":"<h3>Thrive Themes Rise WordPress Theme Caracteristicas<\/h3>\n<p>Thrive Temas Rise WordPress El tema de WordPress, un tema de vanguardia y adaptable, ha sido intrincadamente elaborado para ayudarlo a construir un sitio web excepcionalmente sofisticado a trav\u00e9s de su dise\u00f1o elegante y ordenado. Este notable tema cuenta con una variedad de opciones personalizables, lo que le permite adaptar su sitio web de acuerdo con sus distintos requisitos. Adem\u00e1s, se ha optimizado meticulosamente para priorizar la rapidez, la optimizaci\u00f3n de los motores de b\u00fasqueda y las conversiones, garantizando tiempos de carga r\u00e1pidos y atrayendo una afluencia de tr\u00e1fico web. Adem\u00e1s, ofrece una multitud de caracter\u00edsticas previas a la construcci\u00f3n, como p\u00e1ginas de destino personalizadas, formularios de opci\u00f3n y widgets que se centran en aumentar las tasas de conversi\u00f3n. Al implementar el tema de WordPress de temas de thrive, est\u00e1 facultado para establecer una plataforma en l\u00ednea exquisitamente pulida y profesional que sin duda elevar\u00e1 su prominencia en medio del panorama virtual ferozmente competitivo de hoy.<\/p>\n<ul>\n<li>Un tema de WordPress profesional y est\u00e9ticamente agradable<\/li>\n<li>Dise\u00f1ado para aumentar las conversiones y el compromiso en su sitio web<\/li>\n<li>Receptivo m\u00f3vil y optimizado para la velocidad<\/li>\n<li>P\u00e1gina de inicio personalizable con diferentes dise\u00f1os y bloques de contenido<\/li>\n<li>Opciones de tipograf\u00eda avanzada para texto hermoso y f\u00e1cil de leer<\/li>\n<li>Integraci\u00f3n con servicios populares de marketing por correo electr\u00f3nico y plataformas de redes sociales<\/li>\n<li>Formularios de generaci\u00f3n de leads incorporados y opt-in para hacer crecer su lista de correo electr\u00f3nico<\/li>\n<li>Compresi\u00f3n autom\u00e1tica de im\u00e1genes y carga perezosa para tiempos de carga de p\u00e1gina m\u00e1s r\u00e1pidos<\/li>\n<li>Acceso a una biblioteca de plantillas de p\u00e1gina de destino para personalizaciones f\u00e1ciles<\/li>\n<li>Documentaci\u00f3n integral y apoyo del equipo de temas de Thrive.<\/li>\n<\/ul>\n","protected":false},"excerpt":{"rendered":"<p>El tema de WordPress de temas Thrive, un tema ejemplar, ha sido meticulosamente elaborado para satisfacer las necesidades de los bloggers y las empresas en l\u00ednea, lo que les permite establecer sitios web sofisticados y altamente profesionales. Ofreciendo una gran cantidad de opciones de dise\u00f1o personalizables, formularios de generaci\u00f3n de leads incorporados y configuraciones de tipograf\u00eda avanzada, este tema sirve como la mejor soluci\u00f3n para las personas que buscan aumentar su presencia en l\u00ednea y cautivar a una audiencia m\u00e1s grande. Adem\u00e1s, el aumento de los temas de Thrive se ha optimizado intrincadamente tanto para la velocidad como para el SEO, lo que garantiza los tiempos de carga de sitios web r\u00e1pidos y la visibilidad prominente dentro de los resultados del motor de b\u00fasqueda. Con un dise\u00f1o elegante y contempor\u00e1neo, el tema de WordPress de los temas de Thrive, es una elecci\u00f3n excepcional para aquellos que anhelan impulsar su sitio web a alturas incomparables.<\/p>\n","protected":false},"featured_media":167819,"comment_status":"open","ping_status":"open","template":"","meta":[],"product_brand":[2579],"product_cat":[1245,1237,1238],"product_tag":[1407],"class_list":{"0":"post-121396","1":"product","2":"type-product","3":"status-publish","4":"has-post-thumbnail","6":"product_brand-thrive-themes","7":"product_cat-blog-revista","8":"product_cat-temas","9":"product_cat-wordpress-temas","10":"product_tag-thrive-themes","11":"member-discount","12":"discount-restricted","14":"first","15":"instock","16":"sale","17":"downloadable","18":"virtual","19":"sold-individually","20":"purchasable","21":"product-type-simple"},"_links":{"self":[{"href":"https:\/\/gpl-love.com\/es\/wp-json\/wp\/v2\/product\/121396","targetHints":{"allow":["GET"]}}],"collection":[{"href":"https:\/\/gpl-love.com\/es\/wp-json\/wp\/v2\/product"}],"about":[{"href":"https:\/\/gpl-love.com\/es\/wp-json\/wp\/v2\/types\/product"}],"replies":[{"embeddable":true,"href":"https:\/\/gpl-love.com\/es\/wp-json\/wp\/v2\/comments?post=121396"}],"wp:featuredmedia":[{"embeddable":true,"href":"https:\/\/gpl-love.com\/es\/wp-json\/wp\/v2\/media\/167819"}],"wp:attachment":[{"href":"https:\/\/gpl-love.com\/es\/wp-json\/wp\/v2\/media?parent=121396"}],"wp:term":[{"taxonomy":"product_brand","embeddable":true,"href":"https:\/\/gpl-love.com\/es\/wp-json\/wp\/v2\/product_brand?post=121396"},{"taxonomy":"product_cat","embeddable":true,"href":"https:\/\/gpl-love.com\/es\/wp-json\/wp\/v2\/product_cat?post=121396"},{"taxonomy":"product_tag","embeddable":true,"href":"https:\/\/gpl-love.com\/es\/wp-json\/wp\/v2\/product_tag?post=121396"}],"curies":[{"name":"wp","href":"https:\/\/api.w.org\/{rel}","templated":true}]}}