{"id":121394,"date":"2022-02-25T00:00:00","date_gmt":"2022-02-25T05:00:00","guid":{"rendered":"https:\/\/gpl-love.com\/es\/producto\/thrive-themes-pressive-wordpress-theme\/"},"modified":"2026-04-10T11:28:40","modified_gmt":"2026-04-10T16:28:40","slug":"thrive-themes-pressive-wordpress-theme","status":"publish","type":"product","link":"https:\/\/gpl-love.com\/es\/producto\/thrive-themes-pressive-wordpress-theme\/","title":{"rendered":"Thrive Themes Pressive WordPress Theme 2.11.1"},"content":{"rendered":"<h3>Thrive Themes Pressive WordPress Theme Caracteristicas<\/h3>\n<p>Temas de prosperaci\u00f3n El tema presente de WordPress, reconocido por sus opciones de alta versatilidad y personalizaci\u00f3n, cuenta con una gran cantidad de caracter\u00edsticas destinadas a ayudar a los usuarios a crear sitios web visualmente cautivadores. Con un dise\u00f1o elegante y contempor\u00e1neo, la presi\u00f3n demuestra ser una opci\u00f3n ideal para una amplia gama de personas, incluidas empresas, blogueros y empresarios en l\u00ednea que buscan establecer una presencia en l\u00ednea pulida y cautivadora. El tema proporciona una extensa variedad de plantillas predise\u00f1adas, widgets personalizados y c\u00f3digos cortos, racionalizando el proceso de personalizaci\u00f3n para garantizar una experiencia sin problemas. Adem\u00e1s, la naturaleza totalmente receptiva y amigable para los dispositivos de Pressive garantiza que su sitio web mantenga su apariencia pr\u00edstina en todos los dispositivos. Con sus perfectas capacidades de integraci\u00f3n con herramientas populares como LeadPages y Thrive Leads, Pressive surge como una opci\u00f3n excepcional para las empresas que buscan expandir su lista de correo electr\u00f3nico y optimizar las conversiones. A fin de cuentas, Presive se mantiene como un tema poderoso y adaptable, con una gran cantidad de caracter\u00edsticas dise\u00f1adas para ayudar a los usuarios a construir un sitio web excepcional.<\/p>\n<ul>\n<li>Un tema de WordPress altamente personalizable y profesional dise\u00f1ado espec\u00edficamente para sitios web de negocios.<\/li>\n<li>Viene equipado con m\u00faltiples opciones de p\u00e1gina de inicio predise\u00f1adas para elegir.<\/li>\n<li>Caracter\u00edsticas incorporadas, como p\u00e1ginas de destino personalizadas, tablas de precios y botones de llamada a la acci\u00f3n.<\/li>\n<li>Compatible con complementos populares como WooCommerce y descargas digitales f\u00e1ciles.<\/li>\n<li>Incluye un dise\u00f1o receptivo, garantizar que su sitio web se vea genial en todos los dispositivos.<\/li>\n<li>Editor visual f\u00e1cil de usar para hacer personalizaciones sin ning\u00fan conocimiento de codificaci\u00f3n.<\/li>\n<li>SEO amigable con las opciones de optimizaci\u00f3n incorporadas para la clasificaci\u00f3n del motor de b\u00fasqueda.<\/li>\n<li>Incluye actualizaciones de por vida y soporte del equipo de Thrive Themes.<\/li>\n<\/ul>\n","protected":false},"excerpt":{"rendered":"<p>Temas de prosperar el tema de WordPress, reconocido por su poder y sofisticaci\u00f3n excepcionales, ha sido meticulosamente elaborado para permitirle crear un sitio web exquisito y profesional que cautiva sin esfuerzo a sus visitantes y los transforma sin esfuerzo en patrocinadores leales y remuneradores. Con un dise\u00f1o inmaculado y flexible que se adapta perfectamente a cualquier dispositivo, junto con una mir\u00edada de atributos personalizables y una amplia gama de herramientas de marketing incorporadas, presione presionalmente el proceso de dibujar, participar y convertir su p\u00fablico objetivo. Independientemente de si se est\u00e1 esforzando por construir un blog din\u00e1mico y expresivo, una cartera deslumbrante y atractiva, o una tienda en l\u00ednea eficiente y perfecta, presionada de inmediato le proporciona una suite de recursos indispensables que cumplen con todo Requisitos, capacit\u00e1ndole para manifestar una presencia en l\u00ednea impresionante y altamente influyente. Es un hecho incontrovertible que un n\u00famero cada vez mayor de empresas y blogueros astutos y exigentes dependen inequ\u00edvocamente de temas de prosperaci\u00f3n de un tema presente de WordPress para catalizar sus avances en el \u00e1mbito digital ferozmente competitivo. \u00a1Por lo tanto, le corresponde inequ\u00edvocamente adoptar esta innovaci\u00f3n notable e incomparable para impulsar su \u00e9xito en l\u00ednea a alturas sin precedentes sin m\u00e1s pre\u00e1mbulos!<\/p>\n","protected":false},"featured_media":167818,"comment_status":"open","ping_status":"open","template":"","meta":[],"product_brand":[2579],"product_cat":[1267,1237,1238],"product_tag":[1407],"class_list":{"0":"post-121394","1":"product","2":"type-product","3":"status-publish","4":"has-post-thumbnail","6":"product_brand-thrive-themes","7":"product_cat-creativo","8":"product_cat-temas","9":"product_cat-wordpress-temas","10":"product_tag-thrive-themes","11":"member-discount","12":"discount-restricted","14":"first","15":"instock","16":"sale","17":"downloadable","18":"virtual","19":"sold-individually","20":"purchasable","21":"product-type-simple"},"_links":{"self":[{"href":"https:\/\/gpl-love.com\/es\/wp-json\/wp\/v2\/product\/121394","targetHints":{"allow":["GET"]}}],"collection":[{"href":"https:\/\/gpl-love.com\/es\/wp-json\/wp\/v2\/product"}],"about":[{"href":"https:\/\/gpl-love.com\/es\/wp-json\/wp\/v2\/types\/product"}],"replies":[{"embeddable":true,"href":"https:\/\/gpl-love.com\/es\/wp-json\/wp\/v2\/comments?post=121394"}],"wp:featuredmedia":[{"embeddable":true,"href":"https:\/\/gpl-love.com\/es\/wp-json\/wp\/v2\/media\/167818"}],"wp:attachment":[{"href":"https:\/\/gpl-love.com\/es\/wp-json\/wp\/v2\/media?parent=121394"}],"wp:term":[{"taxonomy":"product_brand","embeddable":true,"href":"https:\/\/gpl-love.com\/es\/wp-json\/wp\/v2\/product_brand?post=121394"},{"taxonomy":"product_cat","embeddable":true,"href":"https:\/\/gpl-love.com\/es\/wp-json\/wp\/v2\/product_cat?post=121394"},{"taxonomy":"product_tag","embeddable":true,"href":"https:\/\/gpl-love.com\/es\/wp-json\/wp\/v2\/product_tag?post=121394"}],"curies":[{"name":"wp","href":"https:\/\/api.w.org\/{rel}","templated":true}]}}