{"id":121392,"date":"2022-02-25T00:00:00","date_gmt":"2022-02-25T05:00:00","guid":{"rendered":"https:\/\/gpl-love.com\/es\/producto\/thrive-themes-performag-wordpress-theme\/"},"modified":"2026-04-10T11:28:39","modified_gmt":"2026-04-10T16:28:39","slug":"thrive-themes-performag-wordpress-theme","status":"publish","type":"product","link":"https:\/\/gpl-love.com\/es\/producto\/thrive-themes-performag-wordpress-theme\/","title":{"rendered":"Thrive Themes Performag WordPress Theme 2.11.1"},"content":{"rendered":"<h3>Thrive Themes Performag WordPress Theme Caracteristicas<\/h3>\n<p>El tema Thrive Temas Performag WordPress es una herramienta excepcional que puede mejorar significativamente su presencia en l\u00ednea al permitirle crear un sitio web cautivador y de aspecto profesional. Ofrece una amplia gama de opciones de personalizaci\u00f3n que le permiten adaptar su sitio a sus requisitos precisos y preferencias personales. Adem\u00e1s, este tema proporciona varias plantillas de p\u00e1gina preconstruidas, incluidas p\u00e1ginas de destino, p\u00e1ginas de productos y p\u00e1ginas de contacto, que facilitan la creaci\u00f3n de diversos tipos de p\u00e1ginas.<\/p>\n<p>Una de las caracter\u00edsticas destacadas de Performag es su dise\u00f1o receptivo, asegurando que su sitio web mantenga una apariencia impresionante en todos los dispositivos, ya sea una computadora de escritorio, tableta o tel\u00e9fono inteligente. Adem\u00e1s, este tema est\u00e1 optimizado para la optimizaci\u00f3n de la velocidad y el motor de b\u00fasqueda, garantizando tiempos de carga r\u00e1pidos y altas clasificaciones en las p\u00e1ginas de resultados del motor de b\u00fasqueda. Al aprovechar el poder de Performag, puede construir un sitio web que no solo deslumbra est\u00e9ticamente, sino que tambi\u00e9n resulte muy eficiente y efectivo para lograr sus objetivos en l\u00ednea.<\/p>\n<ul>\n<li>Dise\u00f1o de alta conversi\u00f3n: dise\u00f1ado espec\u00edficamente para convertir a los visitantes en suscriptores y clientes<\/li>\n<li>P\u00e1ginas de destino personalizables: cree f\u00e1cilmente p\u00e1ginas de destino que coincidan con su marca y conviertan a los visitantes con el creador de p\u00e1ginas de arrastrar y soltar<\/li>\n<li>Colocaci\u00f3n de widgets inteligentes: coloque sus widgets estrat\u00e9gicamente con la funci\u00f3n de \u00e1rea de widgets inteligentes para aumentar el compromiso<\/li>\n<li>Marketing de correo electr\u00f3nico incorporado: integrado con los populares servicios de marketing por correo electr\u00f3nico como MailChimp y Aweber para optimizar completamente sus campa\u00f1as de correo electr\u00f3nico<\/li>\n<li>Panel de control f\u00e1cil de usar: el tablero intuitivo hace que la personalizaci\u00f3n y administraci\u00f3n de su sitio sea f\u00e1cil y eficiente<\/li>\n<li>SEO amigable: construido con la optimizaci\u00f3n de motores de b\u00fasqueda en mente para ayudar a mejorar la visibilidad de su sitio en los resultados del motor de b\u00fasqueda<\/li>\n<li>Responsable m\u00f3vil: el dise\u00f1o totalmente receptivo garantiza que su sitio se adapte autom\u00e1ticamente a cualquier tama\u00f1o de pantalla, proporcionando una experiencia de usuario \u00f3ptima en cualquier dispositivo<\/li>\n<li>Soporte premium: equipo de apoyo receptivo y conocedor disponible para ayudarlo con cualquier pregunta o problema que pueda tener.<\/li>\n<\/ul>\n","protected":false},"excerpt":{"rendered":"<p>Los temas Thrive Performag WordPress se destacan como el ep\u00edtome de una soluci\u00f3n que lo abarca meticulosamente elaborada para satisfacer las distintas necesidades de blogueros competentes y editores en l\u00ednea astutos por igual. Este tema altamente especializado ha sido dise\u00f1ado exclusivamente para satisfacer las demandas de sitios web hambrientos de un aumento palpable en el compromiso de los lectores y las oportunidades de monetizaci\u00f3n incomparables. Con una est\u00e9tica elegante y minimalista, el rendimiento sin esfuerzo coloca el foco directamente sobre la brillantez de su contenido, asegurando que sus estimados lectores puedan devorar sin problemas y distribuirlo sin esfuerzo con sus redes. Este tema incomparable est\u00e1 equipado con una impresionante variedad de caracter\u00edsticas robustas que incluyen widgets personalizables, ubicaciones de anuncios meticulosamente optimizadas y un amplio repertorio de opciones de tipograf\u00eda avanzada. Independientemente de si se encuentra dentro del \u00e1mbito cada vez m\u00e1s din\u00e1mico de los blogs o se siente como un astuto propietario de negocios que navega por el panorama digital, el tema de WordPress Performag posee inequ\u00edvocamente el poder y la funcionalidad para catapultar su sitio web a alturas inparecidas de \u00e9xito y prominencia.<\/p>\n","protected":false},"featured_media":167817,"comment_status":"open","ping_status":"open","template":"","meta":[],"product_brand":[2579],"product_cat":[1245,1237,1238],"product_tag":[1407],"class_list":{"0":"post-121392","1":"product","2":"type-product","3":"status-publish","4":"has-post-thumbnail","6":"product_brand-thrive-themes","7":"product_cat-blog-revista","8":"product_cat-temas","9":"product_cat-wordpress-temas","10":"product_tag-thrive-themes","11":"member-discount","12":"discount-restricted","14":"first","15":"instock","16":"sale","17":"downloadable","18":"virtual","19":"sold-individually","20":"purchasable","21":"product-type-simple"},"_links":{"self":[{"href":"https:\/\/gpl-love.com\/es\/wp-json\/wp\/v2\/product\/121392","targetHints":{"allow":["GET"]}}],"collection":[{"href":"https:\/\/gpl-love.com\/es\/wp-json\/wp\/v2\/product"}],"about":[{"href":"https:\/\/gpl-love.com\/es\/wp-json\/wp\/v2\/types\/product"}],"replies":[{"embeddable":true,"href":"https:\/\/gpl-love.com\/es\/wp-json\/wp\/v2\/comments?post=121392"}],"wp:featuredmedia":[{"embeddable":true,"href":"https:\/\/gpl-love.com\/es\/wp-json\/wp\/v2\/media\/167817"}],"wp:attachment":[{"href":"https:\/\/gpl-love.com\/es\/wp-json\/wp\/v2\/media?parent=121392"}],"wp:term":[{"taxonomy":"product_brand","embeddable":true,"href":"https:\/\/gpl-love.com\/es\/wp-json\/wp\/v2\/product_brand?post=121392"},{"taxonomy":"product_cat","embeddable":true,"href":"https:\/\/gpl-love.com\/es\/wp-json\/wp\/v2\/product_cat?post=121392"},{"taxonomy":"product_tag","embeddable":true,"href":"https:\/\/gpl-love.com\/es\/wp-json\/wp\/v2\/product_tag?post=121392"}],"curies":[{"name":"wp","href":"https:\/\/api.w.org\/{rel}","templated":true}]}}