{"id":121390,"date":"2022-02-25T00:00:00","date_gmt":"2022-02-25T05:00:00","guid":{"rendered":"https:\/\/gpl-love.com\/es\/producto\/thrive-themes-minus-wordpress-theme\/"},"modified":"2026-04-10T11:28:39","modified_gmt":"2026-04-10T16:28:39","slug":"thrive-themes-minus-wordpress-theme","status":"publish","type":"product","link":"https:\/\/gpl-love.com\/es\/producto\/thrive-themes-minus-wordpress-theme\/","title":{"rendered":"Thrive Themes Minus WordPress Theme 2.11.1"},"content":{"rendered":"<h3>Thrive Themes Minus WordPress Theme Caracteristicas<\/h3>\n<p>Los temas de Thrive menos el tema de WordPress abarca una amplia gama de funcionalidades y maleabilidad, lo que lo convierte en un tema altamente adaptable y cargado de personalizabilidad que cuenta con un dise\u00f1o racionalizado y contempor\u00e1neo. Poniendo \u00e9nfasis en la falta de complicaciones y la facilidad de uso, este tema permite a las personas desprovistas de experiencia en codificaci\u00f3n a sitios web de moda sin esfuerzo que proyectan un aura pulida y profesional. Las s\u00f3lidas opciones de personalizaci\u00f3n del tema otorgan a los usuarios la capacidad de adaptar el tema para satisfacer sus distintos requisitos, ofreciendo una variedad de opciones para modificar el dise\u00f1o, la tipograf\u00eda y las paletas de colores. Adem\u00e1s, el tema cuenta con una gran cantidad de plantillas y elementos de contenido preestructurados, facilitando la creaci\u00f3n expedita de p\u00e1ginas y dise\u00f1os visualmente impresionantes. Ya sea que el objetivo de uno gire en torno a la creaci\u00f3n de un emporio de comercio electr\u00f3nico, un weblog personal o un sitio web de nivel empresarial, los temas Thrive menos el tema de WordPress extienden una base inquebrantable y s\u00f3lida sobre la cual construir una impresionante presencia en l\u00ednea.<\/p>\n<ul>\n<li>Dise\u00f1o limpio e intuitivo para un aspecto moderno y profesional<\/li>\n<li>Plantillas de p\u00e1gina de destino incorporadas dise\u00f1adas para altas conversiones<\/li>\n<li>Opciones de personalizaci\u00f3n integrales para adaptar su sitio a su marca<\/li>\n<li>Optimizado para la velocidad para garantizar tiempos de carga r\u00e1pidos y una mejor experiencia del usuario<\/li>\n<li>Formularios de generaci\u00f3n de leads incorporados y opciones de integraci\u00f3n con servicios de marketing por correo electr\u00f3nico<\/li>\n<li>Opciones de integraci\u00f3n para complementos populares como WooCommerce y Formularios de gravedad<\/li>\n<li>Acceso a la Universidad de Thrive para obtener tutoriales y recursos integrales para mejorar su sitio web<\/li>\n<li>Actualizaciones y soporte regulares del equipo Thrive Temas para mejoras continuas y correcciones de errores.<\/li>\n<\/ul>\n","protected":false},"excerpt":{"rendered":"<p>El tema Thrive Temas menos WordPress es un tema de sitio web innovador y visualmente atractivo que optimiza efectivamente el dise\u00f1o de su sitio web para maximizar las tasas de conversi\u00f3n. Al proporcionar una interfaz limpia y f\u00e1cil de usar, este tema aumenta significativamente el rendimiento de su sitio web y motiva a sus visitantes a interactuar con su contenido. Tiene la flexibilidad de seleccionar entre una variedad diversa de plantillas personalizables, lo que le permite crear un sitio web dise\u00f1ado profesionalmente que se alinee perfectamente con su estilo \u00fanico y su identidad de marca. Con los temas Thrive menos el tema de WordPress, puede disfrutar de velocidades de carga de rayo y un dise\u00f1o totalmente adaptable que se ajusta perfectamente para ajustar todos los tama\u00f1os y dispositivos de pantalla. Mejora sin esfuerzo su presencia en l\u00ednea y distingues de la competencia con este tema intuitivamente dise\u00f1ado y accesible.<\/p>\n","protected":false},"featured_media":167816,"comment_status":"open","ping_status":"open","template":"","meta":[],"product_brand":[2579],"product_cat":[1245,1237,1238],"product_tag":[1407],"class_list":{"0":"post-121390","1":"product","2":"type-product","3":"status-publish","4":"has-post-thumbnail","6":"product_brand-thrive-themes","7":"product_cat-blog-revista","8":"product_cat-temas","9":"product_cat-wordpress-temas","10":"product_tag-thrive-themes","11":"member-discount","12":"discount-restricted","14":"first","15":"instock","16":"sale","17":"downloadable","18":"virtual","19":"sold-individually","20":"purchasable","21":"product-type-simple"},"_links":{"self":[{"href":"https:\/\/gpl-love.com\/es\/wp-json\/wp\/v2\/product\/121390","targetHints":{"allow":["GET"]}}],"collection":[{"href":"https:\/\/gpl-love.com\/es\/wp-json\/wp\/v2\/product"}],"about":[{"href":"https:\/\/gpl-love.com\/es\/wp-json\/wp\/v2\/types\/product"}],"replies":[{"embeddable":true,"href":"https:\/\/gpl-love.com\/es\/wp-json\/wp\/v2\/comments?post=121390"}],"wp:featuredmedia":[{"embeddable":true,"href":"https:\/\/gpl-love.com\/es\/wp-json\/wp\/v2\/media\/167816"}],"wp:attachment":[{"href":"https:\/\/gpl-love.com\/es\/wp-json\/wp\/v2\/media?parent=121390"}],"wp:term":[{"taxonomy":"product_brand","embeddable":true,"href":"https:\/\/gpl-love.com\/es\/wp-json\/wp\/v2\/product_brand?post=121390"},{"taxonomy":"product_cat","embeddable":true,"href":"https:\/\/gpl-love.com\/es\/wp-json\/wp\/v2\/product_cat?post=121390"},{"taxonomy":"product_tag","embeddable":true,"href":"https:\/\/gpl-love.com\/es\/wp-json\/wp\/v2\/product_tag?post=121390"}],"curies":[{"name":"wp","href":"https:\/\/api.w.org\/{rel}","templated":true}]}}