{"id":121388,"date":"2022-02-25T00:00:00","date_gmt":"2022-02-25T05:00:00","guid":{"rendered":"https:\/\/gpl-love.com\/es\/producto\/thrive-themes-luxe-wordpress-theme\/"},"modified":"2026-04-10T11:28:38","modified_gmt":"2026-04-10T16:28:38","slug":"thrive-themes-luxe-wordpress-theme","status":"publish","type":"product","link":"https:\/\/gpl-love.com\/es\/producto\/thrive-themes-luxe-wordpress-theme\/","title":{"rendered":"Thrive Themes Luxe WordPress Theme 2.11.1"},"content":{"rendered":"<h3>Thrive Themes Luxe WordPress Theme Caracteristicas<\/h3>\n<p>Thrive Themes Luxe, un tema excepcional de WordPress de calidad superior, exhibe su competencia en facilitar la creaci\u00f3n sin esfuerzo de sitios web visualmente llamativos y meticulosamente profesionales. Integrando perfectamente un constructor de arrastre y ca\u00edda f\u00e1cil de usar, este tema permite una amplia personalizaci\u00f3n y oportunidades de dise\u00f1o para alinearse sin esfuerzo con la marca y el estilo distintivos. En particular, este tema cuenta con su capacidad de respuesta completa y optimizaci\u00f3n de velocidad \u00f3ptima, lo que garantiza una notable presentaci\u00f3n visual y una carga r\u00e1pida en diversos dispositivos. Adem\u00e1s, est\u00e1 equipado con una variedad diversa de caracter\u00edsticas preinstaladas, a saber, p\u00e1ginas de destino personalizables, integraci\u00f3n perfecta con marketing por correo electr\u00f3nico y elementos de dise\u00f1o que priorizan las tasas de conversi\u00f3n. Al adoptar las capacidades notables de los temas de thrive Luxe, uno tiene la capacidad de forjar una presencia en l\u00ednea influyente y cautivadora que atrae y convierte sin esfuerzo un mayor n\u00famero de visitantes en clientes leales.<\/p>\n<ul>\n<li>Un tema de WordPress premium visualmente impresionante dise\u00f1ado para atraer e involucrar a los usuarios<\/li>\n<li>Ofrece una gama de opciones de personalizaci\u00f3n incorporadas para adaptar el aspecto de su sitio web<\/li>\n<li>Viene con p\u00e1ginas de destino centradas en la conversi\u00f3n para ayudar a promocionar sus productos o servicios<\/li>\n<li>La funcionalidad de prueba A\/B incorporada le permite optimizar su sitio web para obtener mejores resultados<\/li>\n<li>Incluye Thrive Content Builder, un constructor de p\u00e1ginas de arrastrar y soltar que le permite crear dise\u00f1os complejos con facilidad<\/li>\n<li>Cuenta con una gama de widgets y c\u00f3digos cortos personalizables para mejorar la funcionalidad de su sitio web<\/li>\n<li>Cuenta con tiempos de carga r\u00e1pidos y un dise\u00f1o receptivo para garantizar que su sitio web se vea muy bien en cada dispositivo<\/li>\n<li>Ofrece una integraci\u00f3n perfecta con herramientas populares de terceros, como servicios de marketing por correo electr\u00f3nico y plataformas de redes sociales<\/li>\n<li>Incluye documentaci\u00f3n en profundidad y apoyo integral del equipo Thrive Temas.<\/li>\n<\/ul>\n","protected":false},"excerpt":{"rendered":"<p>El tema Thrive Temas de WordPress Luxe cuenta con un dise\u00f1o sofisticado y contempor\u00e1neo que est\u00e1 hecho a medida para sitios web que buscan mejorar su presencia en l\u00ednea. Con su enfoque inquebrantable en im\u00e1genes de primer nivel y navegaci\u00f3n f\u00e1cil de usar, este tema es una combinaci\u00f3n ideal para las personas que anhelan forjar una impresi\u00f3n indeleble en los visitantes de sus sitios. Adem\u00e1s, el tema de WordPress de Luxe temas de Thrive est\u00e1 equipado con una variedad de caracter\u00edsticas que facilitan la personalizaci\u00f3n sin esfuerzo, que abarcan plantillas de publicaci\u00f3n personalizables, widgets personalizados y una amplia gama de estilos de fuentes y paletas de colores para seleccionar. Ya sea el inicio de un blog, el establecimiento de una cartera o el establecimiento de un emporio de comercio electr\u00f3nico, el tema Thrive Temas de WordPress Luxe sirve como una opci\u00f3n estelar para cualquier persona que aspire a trascender los l\u00edmites del potencial de su sitio web.<\/p>\n","protected":false},"featured_media":167815,"comment_status":"open","ping_status":"open","template":"","meta":[],"product_brand":[2579],"product_cat":[1245,1237,1238],"product_tag":[1407],"class_list":{"0":"post-121388","1":"product","2":"type-product","3":"status-publish","4":"has-post-thumbnail","6":"product_brand-thrive-themes","7":"product_cat-blog-revista","8":"product_cat-temas","9":"product_cat-wordpress-temas","10":"product_tag-thrive-themes","11":"member-discount","12":"discount-restricted","14":"first","15":"instock","16":"sale","17":"downloadable","18":"virtual","19":"sold-individually","20":"purchasable","21":"product-type-simple"},"_links":{"self":[{"href":"https:\/\/gpl-love.com\/es\/wp-json\/wp\/v2\/product\/121388","targetHints":{"allow":["GET"]}}],"collection":[{"href":"https:\/\/gpl-love.com\/es\/wp-json\/wp\/v2\/product"}],"about":[{"href":"https:\/\/gpl-love.com\/es\/wp-json\/wp\/v2\/types\/product"}],"replies":[{"embeddable":true,"href":"https:\/\/gpl-love.com\/es\/wp-json\/wp\/v2\/comments?post=121388"}],"wp:featuredmedia":[{"embeddable":true,"href":"https:\/\/gpl-love.com\/es\/wp-json\/wp\/v2\/media\/167815"}],"wp:attachment":[{"href":"https:\/\/gpl-love.com\/es\/wp-json\/wp\/v2\/media?parent=121388"}],"wp:term":[{"taxonomy":"product_brand","embeddable":true,"href":"https:\/\/gpl-love.com\/es\/wp-json\/wp\/v2\/product_brand?post=121388"},{"taxonomy":"product_cat","embeddable":true,"href":"https:\/\/gpl-love.com\/es\/wp-json\/wp\/v2\/product_cat?post=121388"},{"taxonomy":"product_tag","embeddable":true,"href":"https:\/\/gpl-love.com\/es\/wp-json\/wp\/v2\/product_tag?post=121388"}],"curies":[{"name":"wp","href":"https:\/\/api.w.org\/{rel}","templated":true}]}}