{"id":121386,"date":"2022-02-25T00:00:00","date_gmt":"2022-02-25T05:00:00","guid":{"rendered":"https:\/\/gpl-love.com\/es\/producto\/thrive-themes-ignition-wordpress-theme\/"},"modified":"2026-04-10T11:28:37","modified_gmt":"2026-04-10T16:28:37","slug":"thrive-themes-ignition-wordpress-theme","status":"publish","type":"product","link":"https:\/\/gpl-love.com\/es\/producto\/thrive-themes-ignition-wordpress-theme\/","title":{"rendered":"Thrive Themes Ignition WordPress Theme 2.11.1"},"content":{"rendered":"<h3>Thrive Themes Ignition WordPress Theme Caracteristicas<\/h3>\n<p>Thrive Temes Ignition, un tema de WordPress notablemente vers\u00e1til y personalizable, ha sido meticulosamente elaborado para ayudar a empresas e individuos en la creaci\u00f3n de sitios web de aspecto profesional que est\u00e1n preparados para tasas de conversi\u00f3n \u00f3ptimas. Con un dise\u00f1o elegante y contempor\u00e1neo, el encendido muestra una variedad de plantillas predise\u00f1adas y componentes ajustables que facilitan la construcci\u00f3n perfecta de un sitio distintivo y cautivador. El tema cuenta con una capacidad de respuesta y optimizaci\u00f3n de velocidad excepcional, garantizando tiempos de carga r\u00e1pida y un rendimiento superior en todos los dispositivos. Adem\u00e1s, Ignition ofrece una amplia gama de caracter\u00edsticas potentes, que abarcan formularios de generaci\u00f3n de leads incorporados, encabezados y pies de pie personalizables, y opciones de tipograf\u00eda avanzada. Al aprovechar el poder de la encendido de temas de thrive, puede crear un sitio web de alto rendimiento que est\u00e9 personalizado para sus requisitos y aspiraciones precisos.<\/p>\n<ul>\n<li>Dise\u00f1o elegante y moderno que es f\u00e1cil para los ojos y f\u00e1cil de usar<\/li>\n<li>Alto nivel de opciones de personalizaci\u00f3n, lo que le permite crear un sitio web \u00fanico que refleje su marca<\/li>\n<li>Dise\u00f1o totalmente receptivo que se ve muy bien en todos los dispositivos, desde escritorio hasta dispositivos m\u00f3viles<\/li>\n<li>P\u00e1ginas de carga r\u00e1pida que ayudan a optimizar el rendimiento y el SEO de su sitio web<\/li>\n<li>Las caracter\u00edsticas centradas en la conversi\u00f3n incorporadas, como p\u00e1ginas de destino personalizables y llamadas a la acci\u00f3n, para aumentar las tasas de conversi\u00f3n de su sitio<\/li>\n<li>Documentaci\u00f3n y apoyo integrales para ayudarlo a guiarlo a trav\u00e9s del proceso de configuraci\u00f3n y personalizaci\u00f3n<\/li>\n<li>Compatible con todos los principales complementos y servicios de WordPress<\/li>\n<li>Opciones de dise\u00f1o flexibles que se pueden adaptar para satisfacer sus necesidades y objetivos espec\u00edficos<\/li>\n<li>Actualizaciones y mejoras peri\u00f3dicas para mantener su sitio actualizado y seguro<\/li>\n<li>Viene con una garant\u00eda de devoluci\u00f3n de dinero de 30 d\u00edas, que le brinda la confianza para probarlo sin riesgos.<\/li>\n<\/ul>\n","protected":false},"excerpt":{"rendered":"<p>El tema de WordPress de temas Thrive Temas es un tema incre\u00edblemente robusto y elegante que cuenta con una gran cantidad de funcionalidades avanzadas, lo que le permite construir sin esfuerzo sitios web visualmente cautivadores. Su dise\u00f1o sofisticado y contempor\u00e1neo lo hace extremadamente modificable, atendiendo sus preferencias y requisitos \u00fanicos. Independientemente de si tiene como objetivo establecer un blog cautivador, una tienda en l\u00ednea eficiente o un sitio web de negocios profesionales, el tema de WordPress de WordPress de temas Thrive sigue siendo una selecci\u00f3n excepcional que garantiza que lo impulse a los resultados deseados. Es muy aconsejable aprovechar esta notable oportunidad sin demora, adquiriendo e integrando r\u00e1pidamente el tema de encendido en sus esfuerzos de construcci\u00f3n de presencia en l\u00ednea.<\/p>\n","protected":false},"featured_media":167814,"comment_status":"open","ping_status":"open","template":"","meta":[],"product_brand":[2579],"product_cat":[1307,1237,1238],"product_tag":[1407],"class_list":{"0":"post-121386","1":"product","2":"type-product","3":"status-publish","4":"has-post-thumbnail","6":"product_brand-thrive-themes","7":"product_cat-negocio-wordpress-temas","8":"product_cat-temas","9":"product_cat-wordpress-temas","10":"product_tag-thrive-themes","11":"member-discount","12":"discount-restricted","14":"first","15":"instock","16":"sale","17":"downloadable","18":"virtual","19":"sold-individually","20":"purchasable","21":"product-type-simple"},"_links":{"self":[{"href":"https:\/\/gpl-love.com\/es\/wp-json\/wp\/v2\/product\/121386","targetHints":{"allow":["GET"]}}],"collection":[{"href":"https:\/\/gpl-love.com\/es\/wp-json\/wp\/v2\/product"}],"about":[{"href":"https:\/\/gpl-love.com\/es\/wp-json\/wp\/v2\/types\/product"}],"replies":[{"embeddable":true,"href":"https:\/\/gpl-love.com\/es\/wp-json\/wp\/v2\/comments?post=121386"}],"wp:featuredmedia":[{"embeddable":true,"href":"https:\/\/gpl-love.com\/es\/wp-json\/wp\/v2\/media\/167814"}],"wp:attachment":[{"href":"https:\/\/gpl-love.com\/es\/wp-json\/wp\/v2\/media?parent=121386"}],"wp:term":[{"taxonomy":"product_brand","embeddable":true,"href":"https:\/\/gpl-love.com\/es\/wp-json\/wp\/v2\/product_brand?post=121386"},{"taxonomy":"product_cat","embeddable":true,"href":"https:\/\/gpl-love.com\/es\/wp-json\/wp\/v2\/product_cat?post=121386"},{"taxonomy":"product_tag","embeddable":true,"href":"https:\/\/gpl-love.com\/es\/wp-json\/wp\/v2\/product_tag?post=121386"}],"curies":[{"name":"wp","href":"https:\/\/api.w.org\/{rel}","templated":true}]}}