{"id":121384,"date":"2022-02-25T00:00:00","date_gmt":"2022-02-25T05:00:00","guid":{"rendered":"https:\/\/gpl-love.com\/es\/producto\/thrive-themes-focusblog-wordpress-theme\/"},"modified":"2026-04-10T11:28:36","modified_gmt":"2026-04-10T16:28:36","slug":"thrive-themes-focusblog-wordpress-theme","status":"publish","type":"product","link":"https:\/\/gpl-love.com\/es\/producto\/thrive-themes-focusblog-wordpress-theme\/","title":{"rendered":"Thrive Themes Focusblog WordPress Theme 2.11.1"},"content":{"rendered":"<h3>Thrive Themes Focusblog WordPress Theme Caracteristicas<\/h3>\n<p>El tema de WordPress de FocusBlog de Thrive Temas, que se ofrece como un tema premium, ha sido meticulosamente elaborado para ayudar a los bloggers a elaborar contenido visualmente cautivador y convincente que cautivar\u00e1 y retendr\u00e1 a sus lectores. Con un dise\u00f1o elegante y contempor\u00e1neo, junto con una multitud de opciones totalmente personalizables, FocusBlog otorga a los bloggers la oportunidad de acentuar su contenido y proporcionar a los lectores una experiencia de navegaci\u00f3n sin gravaci\u00f3n y fluida. Entre la mir\u00edada de caracter\u00edsticas que abarca este tema se encuentran la tipograf\u00eda optimizada, los widgets personalizables, los tipos de publicaciones personalizados y los botones de intercambio social, todos los cuales facilitan sin problemas la creaci\u00f3n y difusi\u00f3n del contenido. Adem\u00e1s, es imperativo tener en cuenta que FocusBlog est\u00e1 dise\u00f1ado para ser notablemente receptivo en varios dispositivos m\u00f3viles, asegurando que su sitio web exude una sensaci\u00f3n de excelencia independientemente de la plataforma en la que se acceda. Dadas sus caracter\u00edsticas formidables y su est\u00e9tica sofisticada, se hace cada vez m\u00e1s evidente que el tema de WordPress de FocusBlog de temas thrive representa una opci\u00f3n incomparable para los bloggers que buscan elevar su presencia en l\u00ednea a alturas sin precedentes.<\/p>\n<ul>\n<li>Un tema de WordPress altamente personalizable dise\u00f1ado espec\u00edficamente para bloggers<\/li>\n<li>Opciones de dise\u00f1o m\u00faltiples para publicaciones y p\u00e1ginas de blog<\/li>\n<li>Dise\u00f1o de la p\u00e1gina de inicio personalizable con m\u00faltiples \u00e1reas de widgets<\/li>\n<li>Formularios de opci\u00f3n de correo electr\u00f3nico integrados para crear su lista de correo electr\u00f3nico<\/li>\n<li>Tipograf\u00eda personalizable, incluida la integraci\u00f3n de Google Fonts<\/li>\n<li>Dise\u00f1o receptivo para garantizar que su sitio se vea genial en todos los dispositivos<\/li>\n<li>Botones de intercambio de social incorporados para promocionar f\u00e1cilmente su contenido en las redes sociales<\/li>\n<li>Dise\u00f1o y codificaci\u00f3n amigable para SEO para ayudar a su sitio a clasificar m\u00e1s alto en los motores de b\u00fasqueda<\/li>\n<li>Plantillas de p\u00e1gina de destino opcionales para promocionar ofertas o productos espec\u00edficos<\/li>\n<li>Integraci\u00f3n f\u00e1cil con complementos populares de WordPress, como WooCommerce y Yoast SEO.<\/li>\n<\/ul>\n","protected":false},"excerpt":{"rendered":"<p>El tema de WordPress de FocusBlog de Thrive, presenta una resoluci\u00f3n impecable para bloggers y creadores de contenido que anhelan un dise\u00f1o inmaculado y contempor\u00e1neo para adornar su sitio web. Este tema ofrece una abundancia de atributos que est\u00e1n listos para facilitar la adquisici\u00f3n y preservaci\u00f3n de su audiencia, que abarca la provisi\u00f3n de p\u00e1ginas de destino personalizables, la tipograf\u00eda que est\u00e1 preparada para ser optimizada y la integraci\u00f3n de herramientas de generaci\u00f3n de leads que est\u00e1n inherentemente incorporadas. Con su capacidad para adaptarse de manera contenida a varios dispositivos y sus opciones de personalizaci\u00f3n sin esfuerzo, el tema FocusBlog indudablemente otorgar\u00e1 a su contenido un resplandor incomparable, justificando as\u00ed su prominencia virtual y facilitando la expansi\u00f3n de su presencia en l\u00ednea.<\/p>\n","protected":false},"featured_media":167813,"comment_status":"open","ping_status":"open","template":"","meta":[],"product_brand":[2579],"product_cat":[1245,1237,1238],"product_tag":[1407],"class_list":{"0":"post-121384","1":"product","2":"type-product","3":"status-publish","4":"has-post-thumbnail","6":"product_brand-thrive-themes","7":"product_cat-blog-revista","8":"product_cat-temas","9":"product_cat-wordpress-temas","10":"product_tag-thrive-themes","11":"member-discount","12":"discount-restricted","14":"first","15":"instock","16":"sale","17":"downloadable","18":"virtual","19":"sold-individually","20":"purchasable","21":"product-type-simple"},"_links":{"self":[{"href":"https:\/\/gpl-love.com\/es\/wp-json\/wp\/v2\/product\/121384","targetHints":{"allow":["GET"]}}],"collection":[{"href":"https:\/\/gpl-love.com\/es\/wp-json\/wp\/v2\/product"}],"about":[{"href":"https:\/\/gpl-love.com\/es\/wp-json\/wp\/v2\/types\/product"}],"replies":[{"embeddable":true,"href":"https:\/\/gpl-love.com\/es\/wp-json\/wp\/v2\/comments?post=121384"}],"wp:featuredmedia":[{"embeddable":true,"href":"https:\/\/gpl-love.com\/es\/wp-json\/wp\/v2\/media\/167813"}],"wp:attachment":[{"href":"https:\/\/gpl-love.com\/es\/wp-json\/wp\/v2\/media?parent=121384"}],"wp:term":[{"taxonomy":"product_brand","embeddable":true,"href":"https:\/\/gpl-love.com\/es\/wp-json\/wp\/v2\/product_brand?post=121384"},{"taxonomy":"product_cat","embeddable":true,"href":"https:\/\/gpl-love.com\/es\/wp-json\/wp\/v2\/product_cat?post=121384"},{"taxonomy":"product_tag","embeddable":true,"href":"https:\/\/gpl-love.com\/es\/wp-json\/wp\/v2\/product_tag?post=121384"}],"curies":[{"name":"wp","href":"https:\/\/api.w.org\/{rel}","templated":true}]}}