{"id":121382,"date":"2026-03-27T00:00:00","date_gmt":"2026-03-27T05:00:00","guid":{"rendered":"https:\/\/gpl-love.com\/es\/producto\/thrive-tema-builder\/"},"modified":"2026-04-10T11:28:36","modified_gmt":"2026-04-10T16:28:36","slug":"thrive-tema-builder","status":"publish","type":"product","link":"https:\/\/gpl-love.com\/es\/producto\/thrive-tema-builder\/","title":{"rendered":"Thrive Tema Builder 10.8.9.1"},"content":{"rendered":"<h3>Thrive Tema Builder Caracteristicas<\/h3>\n<p>Thrive Theme Builder es una herramienta incre\u00edblemente robusta y vers\u00e1til que permite a los usuarios dise\u00f1ar y personalizar sin esfuerzo sus temas de WordPress al deseo de su coraz\u00f3n. Con su interfaz de arrastrar y soltar f\u00e1cilmente f\u00e1cil de usar e intuitiva, incluso las personas que carecen de experiencia en codificaci\u00f3n pueden crear f\u00e1cilmente sitios web visualmente impresionantes y pulidos profesionalmente. Adem\u00e1s, este software cuenta con una amplia selecci\u00f3n de plantillas predise\u00f1adas que pueden personalizarse por completo para atender las preferencias individuales y las especificaciones de marca. Adem\u00e1s de sus impresionantes capacidades de personalizaci\u00f3n, Thrive Theme Builder tambi\u00e9n proporciona una variedad de caracter\u00edsticas invaluables destinadas a optimizar el rendimiento del sitio, como la optimizaci\u00f3n de velocidad del sitio de primer nivel, las potentes herramientas de SEO y la integraci\u00f3n perfecta con servicios de terceros ampliamente utilizados. Con Thrive Theme Builder a su disposici\u00f3n, ya sea que sea un dise\u00f1ador de sitios web incipiente o un desarrollador experimentado, seguramente crea sitios web sublimes y totalmente receptivos que cautivan y encantan a los visitantes.<\/p>\n<ul>\n<li>-Thrive Theme Builder es un poderoso constructor de temas de WordPress que le permite crear temas personalizados sin ning\u00fan conocimiento de codificaci\u00f3n.<\/li>\n<li>-Se ofrece funcionalidad de arrastrar y soltar para dise\u00f1ar f\u00e1cilmente su sitio web.<\/li>\n<li>-El editor visual intuitivo facilita la creaci\u00f3n y personalizaci\u00f3n del tema de su sitio web.<\/li>\n<li>-En viene con plantillas y bloques predise\u00f1ados para ayudar a que el proceso de dise\u00f1o sea a\u00fan m\u00e1s f\u00e1cil.<\/li>\n<li>-PUEDE GANAR TIEMPO CREACI\u00d3N DE LOS DISMPLEES Y DISE\u00d1OS DEL SITIO WEBS CON TRIVE TEMBOR DEL FLUMENTO DE TRABAJO DEL BUSILLO DE TEMA.<\/li>\n<li>-Is ofrece una integraci\u00f3n perfecta con Thrive Architect para obtener a\u00fan m\u00e1s opciones de dise\u00f1o.<\/li>\n<li>-Este producto ofrece un control completo sobre su sitio web y dise\u00f1o, por lo que puede crear una presencia en l\u00ednea \u00fanica.<\/li>\n<li>-Se puede crear f\u00e1cilmente cualquier dise\u00f1o de sitio web, incluidas p\u00e1ginas de destino, blogs y tiendas en l\u00ednea.<\/li>\n<li>-TRIVE TEMA BUILDER ofrece una interfaz f\u00e1cil de usar que simplifica el proceso de dise\u00f1o del sitio web.<\/li>\n<li>-Se est\u00e1 dise\u00f1ado para ayudar a mejorar el rendimiento del sitio web con tiempos de carga de rayo y SEO \u00f3ptimo.<\/li>\n<\/ul>\n","protected":false},"excerpt":{"rendered":"<p>The Thrive Theme Builder, una herramienta muy robusta y potente, sirve como una excelente ayuda para construir temas personalizados de WordPress personalizados. Su interfaz f\u00e1cil de usar, repleta de una funci\u00f3n de arrastrar y soltar, permite una experiencia perfecta e intuitiva. Adem\u00e1s, la herramienta cuenta con una amplia gama de opciones de dise\u00f1o y capacidades de personalizaci\u00f3n flexible, asegurando que los usuarios tengan un control completo sobre la apariencia y la funcionalidad de sus sitios web. Al aprovechar el poder del constructor de temas de Thrive, las personas pueden elaborar y publicar sitios web excepcionalmente pulidos y profesionales que transmitan con precisi\u00f3n su identidad de marca y se alineen con sus objetivos comerciales. En particular, la herramienta se integra perfectamente con la suite Thrive, un conjunto integral de herramientas de marketing digital, optimizando la creaci\u00f3n de p\u00e1ginas centradas en la conversi\u00f3n, la generaci\u00f3n de leads y el crecimiento empresarial en l\u00ednea. Independientemente de si uno se identifica como un blogger, vendedor o propietario de negocios, Thrive Themitor Builder se destaca como la soluci\u00f3n definitiva, lo que permite a las personas que se desarrollen sitios de WordPress visualmente cautivadores, receptivos y de alto rendimiento.<\/p>\n","protected":false},"featured_media":167812,"comment_status":"open","ping_status":"open","template":"","meta":[],"product_brand":[2579],"product_cat":[1267,1237,1238],"product_tag":[1407],"class_list":{"0":"post-121382","1":"product","2":"type-product","3":"status-publish","4":"has-post-thumbnail","6":"product_brand-thrive-themes","7":"product_cat-creativo","8":"product_cat-temas","9":"product_cat-wordpress-temas","10":"product_tag-thrive-themes","11":"member-discount","12":"discount-restricted","14":"first","15":"instock","16":"sale","17":"downloadable","18":"virtual","19":"sold-individually","20":"purchasable","21":"product-type-simple"},"_links":{"self":[{"href":"https:\/\/gpl-love.com\/es\/wp-json\/wp\/v2\/product\/121382","targetHints":{"allow":["GET"]}}],"collection":[{"href":"https:\/\/gpl-love.com\/es\/wp-json\/wp\/v2\/product"}],"about":[{"href":"https:\/\/gpl-love.com\/es\/wp-json\/wp\/v2\/types\/product"}],"replies":[{"embeddable":true,"href":"https:\/\/gpl-love.com\/es\/wp-json\/wp\/v2\/comments?post=121382"}],"wp:featuredmedia":[{"embeddable":true,"href":"https:\/\/gpl-love.com\/es\/wp-json\/wp\/v2\/media\/167812"}],"wp:attachment":[{"href":"https:\/\/gpl-love.com\/es\/wp-json\/wp\/v2\/media?parent=121382"}],"wp:term":[{"taxonomy":"product_brand","embeddable":true,"href":"https:\/\/gpl-love.com\/es\/wp-json\/wp\/v2\/product_brand?post=121382"},{"taxonomy":"product_cat","embeddable":true,"href":"https:\/\/gpl-love.com\/es\/wp-json\/wp\/v2\/product_cat?post=121382"},{"taxonomy":"product_tag","embeddable":true,"href":"https:\/\/gpl-love.com\/es\/wp-json\/wp\/v2\/product_tag?post=121382"}],"curies":[{"name":"wp","href":"https:\/\/api.w.org\/{rel}","templated":true}]}}