{"id":121380,"date":"2026-04-16T00:00:00","date_gmt":"2026-04-16T05:00:00","guid":{"rendered":"https:\/\/gpl-love.com\/es\/producto\/thrive-quiz-builder\/"},"modified":"2026-04-16T17:16:41","modified_gmt":"2026-04-16T22:16:41","slug":"thrive-quiz-builder","status":"publish","type":"product","link":"https:\/\/gpl-love.com\/es\/producto\/thrive-quiz-builder\/","title":{"rendered":"Thrive Quiz Builder 10.8.10"},"content":{"rendered":"<h3>Thrive Quiz Builder Caracteristicas<\/h3>\n<p>Thrive Quiz Builder es una herramienta de software extremadamente poderosa y avanzada que le presenta la notable oportunidad de crear y seleccionar meticulosamente las pruebas y encuestas cautivadoras que se adaptan expresamente a su sitio web. Esta herramienta excepcional est\u00e1 equipada con una interfaz de arrastrar y soltar de arrastre incre\u00edblemente f\u00e1cil de usar e intuitiva, que le brinda la capacidad perfecta para construir y erigir sin esfuerzo cuestionarios \u00fanicos y personalizados que cautivan y desplazan efectivamente la curiosidad de su estimado audiencia, mientras que simult\u00e1neamente lo proporciona simult\u00e1neamente. con ideas invaluables sobre sus preferencias individuales e inclinaciones de comportamiento. Adem\u00e1s, este software multifac\u00e9tico cuenta con un extenso repertorio de plantillas de cuestionamiento meticulosamente predise\u00f1adas y prefabricadas, que pueden personalizarse y calificarse f\u00e1cilmente con su impronta digital distintiva, lo que garantiza un alineamiento armonioso y cohesivo con sus requisitos espec\u00edficos y visi\u00f3n idiosincr\u00e1tica. Alternativamente, si posee una inclinaci\u00f3n por la creatividad y una inclinaci\u00f3n hacia la innovaci\u00f3n, tambi\u00e9n tiene la opci\u00f3n liberadora y empoderadora de dise\u00f1ar de manera meticulosa y minuciosa sus propios dise\u00f1os de preguntas a medida, embarcando as\u00ed en un estimulante viaje de autoexpresi\u00f3n y originalidad. Este software revolucionario se forta a\u00fan m\u00e1s con una gran cantidad de caracter\u00edsticas pr\u00e1cticas, una de las cuales es la capacidad incomparable para acumular y recopilar de manera sistem\u00e1tica y met\u00f3dica de datos fundamentales y consecuentes, incluidas, entre otros, direcciones de correo electr\u00f3nico, otorg\u00e1ndole una visi\u00f3n trascendental y profunda en el vistazo a la visi\u00f3n de mudanza y profundo. funcionamiento interno y complejidades de la estimada psique de su audiencia. Adem\u00e1s, esta herramienta de software tecnol\u00f3gicamente avanzada y de vanguardia se integra perfectamente con algunas de las plataformas y herramientas de marketing m\u00e1s ampliamente reconocidas y universalmente aclamadas, como el venerable MailChimp y el ilustre ActiveCampaign, asegurando as\u00ed que sus cuestionarios y encuestas meticulosamente elaboradas sean exquisitamente interitucionadas exquisitamente. e inextricablemente entrelazado con su estrategia y visi\u00f3n de marketing general. Con el poder asombroso y transformador de Thrive Quiz Builder a su alcance, est\u00e1 imbuido de la capacidad indomable de aumentar y mejorar el compromiso de la audiencia con niveles sin precedentes, al tiempo que genera y cultivando un flujo aparentemente interminable de clientes potenciales de alta calidad, por lo tanto y fomentar el resultado inimitable y codiciado de impulsar las conversiones y impulsar a su negocio a alturas de \u00e9xito y prosperidad.<\/p>\n<ul>\n<li>Cree pruebas atractivas para impulsar el tr\u00e1fico y generar cables<\/li>\n<li>Personalizar las preguntas de las preguntas y las opciones de respuesta para adaptarse a su marca y audiencia<\/li>\n<li>Elija entre varios tipos de cuestionarios, como cuestionarios de personalidad, cuestionarios calificados y cuestionarios de resultados<\/li>\n<li>Desencadene resultados espec\u00edficos basados \u200b\u200ben resultados de preguntas, como recomendaciones personalizadas o sugerencias de productos<\/li>\n<li>Integre con su servicio de marketing por correo electr\u00f3nico para capturar clientes potenciales y rastrear los resultados de la prueba<\/li>\n<li>Analice los datos de las preguntas y use informaci\u00f3n para mejorar su estrategia de marketing<\/li>\n<li>Interfaz de arrastre y saliva f\u00e1cil de usar sin necesidad de codificaci\u00f3n<\/li>\n<li>Prematorios para dispositivos m\u00f3viles para una experiencia de usuario perfecta<\/li>\n<li>Acceso a una gran biblioteca de plantillas y dise\u00f1os de cuestionarios prefabricados<\/li>\n<li>Atenci\u00f3n al cliente 24\/7 disponible para ayudarlo a aprovechar al m\u00e1ximo sus cuestionarios.<\/li>\n<\/ul>\n","protected":false},"excerpt":{"rendered":"<p>Thrive Quiz Builder, un complemento de WordPress extremadamente intuitivo, permite a los usuarios la capacidad perfecta de fabricar cuestionarios cautivadores que mejoran efectivamente la participaci\u00f3n del usuario en sus respectivos sitios web. Al emplear una interfaz de arrastre y ca\u00edda notablemente sin complicaciones, se puede crear cuestionarios sin esfuerzo que asimilen sin problemas con su marca \u00fanica e impecablemente complementar la est\u00e9tica general de dise\u00f1o de su sitio web. Este complemento innovador no solo permite la integraci\u00f3n de diversos formatos de preguntas, como im\u00e1genes impresionantes y videos cautivadores, sino que tambi\u00e9n dotan a los usuarios la extraordinaria capacidad de incorporar una l\u00f3gica de ramificaci\u00f3n intrincada, confiriendo as\u00ed un grado de personalizaci\u00f3n incomparable en sus cuemtos. Adem\u00e1s, Thrive Quiz Builder tambi\u00e9n muestra una caracter\u00edstica excepcional que permite a los usuarios activar campa\u00f1as personalizadas basadas en los resultados individualizados producidos por cada cuestionario, facilitando as\u00ed la transformaci\u00f3n de simples visitantes en clientes devotos.<\/p>\n","protected":false},"featured_media":167811,"comment_status":"open","ping_status":"open","template":"","meta":[],"product_brand":[2579],"product_cat":[1214,1206,1211],"product_tag":[1407],"class_list":{"0":"post-121380","1":"product","2":"type-product","3":"status-publish","4":"has-post-thumbnail","6":"product_brand-thrive-themes","7":"product_cat-personalizacion","8":"product_cat-plugins","9":"product_cat-wordpress-plugins","10":"product_tag-thrive-themes","11":"member-discount","12":"discount-restricted","14":"first","15":"instock","16":"sale","17":"downloadable","18":"virtual","19":"sold-individually","20":"purchasable","21":"product-type-simple"},"_links":{"self":[{"href":"https:\/\/gpl-love.com\/es\/wp-json\/wp\/v2\/product\/121380","targetHints":{"allow":["GET"]}}],"collection":[{"href":"https:\/\/gpl-love.com\/es\/wp-json\/wp\/v2\/product"}],"about":[{"href":"https:\/\/gpl-love.com\/es\/wp-json\/wp\/v2\/types\/product"}],"replies":[{"embeddable":true,"href":"https:\/\/gpl-love.com\/es\/wp-json\/wp\/v2\/comments?post=121380"}],"wp:featuredmedia":[{"embeddable":true,"href":"https:\/\/gpl-love.com\/es\/wp-json\/wp\/v2\/media\/167811"}],"wp:attachment":[{"href":"https:\/\/gpl-love.com\/es\/wp-json\/wp\/v2\/media?parent=121380"}],"wp:term":[{"taxonomy":"product_brand","embeddable":true,"href":"https:\/\/gpl-love.com\/es\/wp-json\/wp\/v2\/product_brand?post=121380"},{"taxonomy":"product_cat","embeddable":true,"href":"https:\/\/gpl-love.com\/es\/wp-json\/wp\/v2\/product_cat?post=121380"},{"taxonomy":"product_tag","embeddable":true,"href":"https:\/\/gpl-love.com\/es\/wp-json\/wp\/v2\/product_tag?post=121380"}],"curies":[{"name":"wp","href":"https:\/\/api.w.org\/{rel}","templated":true}]}}