{"id":121378,"date":"2026-04-16T00:00:00","date_gmt":"2026-04-16T05:00:00","guid":{"rendered":"https:\/\/gpl-love.com\/es\/producto\/thrive-leads\/"},"modified":"2026-04-16T17:16:39","modified_gmt":"2026-04-16T22:16:39","slug":"thrive-leads","status":"publish","type":"product","link":"https:\/\/gpl-love.com\/es\/producto\/thrive-leads\/","title":{"rendered":"Thrive Leads 10.8.10"},"content":{"rendered":"<h3>Thrive Leads Caracteristicas<\/h3>\n<p>Thrive Leads, un complemento de generaci\u00f3n de leads excepcional dise\u00f1ado exclusivamente para WordPress, es una herramienta formidable que permite a las empresas convertir sin esfuerzo a los visitantes del sitio web en suscriptores dedicados y estimados clientes. Su editor de arrastrar y soltar incre\u00edblemente f\u00e1cil de usar permite a los usuarios c\u00f3mo se cautivan los formularios de opci\u00f3n sin esfuerzo, las ventanas emergentes que llaman la atenci\u00f3n y varias otras herramientas de captura de plomo de vanguardia que se adaptan expertos para amplificar las conversiones y fomentar un crecimiento incomparable su estimada lista de correo electr\u00f3nico. Thrive Leads no se detiene all\u00ed, ya que tambi\u00e9n otorga a los usuarios una variedad de funcionalidades de orientaci\u00f3n avanzada y la capacidad de realizar pruebas meticulosas de A\/B, otorg\u00e1ndoles el poder de personalizar sus campa\u00f1as de marketing y aumentar sus resultados de una manera siempre evolucionada . Adem\u00e1s, este notable complemento se integra perfectamente con plataformas de marketing por correo electr\u00f3nico muy populares como MailChimp, Aweber y GetResponse, simplificando as\u00ed la gesti\u00f3n y la crianza de los clientes potenciales capturados con la mayor facilidad. Al aprovechar las capacidades excepcionales de los clientes potenciales de Thrive, las empresas pueden trascender lo ordinario y aventurarse a territorios inexplorados de la generaci\u00f3n de leads, todo mientras presencia mejoras tangibles y sustanciales en su resultado final financiero.<\/p>\n<ul>\n<li>Boost Conversiones del sitio web con formularios de opci\u00f3n espec\u00edficos de Thrive Leads<\/li>\n<li>Crear formularios personalizables sin codificar conocimiento<\/li>\n<li>Integrar f\u00e1cilmente con sus plataformas de marketing por correo electr\u00f3nico favoritas<\/li>\n<li>Mostrar formularios en p\u00e1ginas espec\u00edficas o en audiencias espec\u00edficas<\/li>\n<li>Acceda a pruebas y an\u00e1lisis de A\/B integrales para optimizar el rendimiento<\/li>\n<li>Elija entre una variedad de tipos de formularios que incluyen ventanas emergentes, deslizamientos y cintas adhesivas<\/li>\n<li>Implementar la tecnolog\u00eda de intenci\u00f3n de salida para capturar correos electr\u00f3nicos de visitantes antes de salir del sitio<\/li>\n<li>Utilice plantillas predise\u00f1adas o dise\u00f1e su propia forma desde cero<\/li>\n<li>Almacene y administre la informaci\u00f3n de contacto dentro del tablero de cables TRIVE<\/li>\n<li>Utilice opciones de orientaci\u00f3n avanzada como actualizaciones de contenido y enlaces inteligentes<\/li>\n<li>Acceda al soporte y los tutoriales del equipo de Surment y Service de Servicio al Cliente de PRIVERS de Thrive.<\/li>\n<\/ul>\n","protected":false},"excerpt":{"rendered":"<p>Thrive Leads, un complemento de suscripci\u00f3n de correo electr\u00f3nico impresionantemente robusto dise\u00f1ado espec\u00edficamente para WordPress, funciona como una soluci\u00f3n altamente efectiva para transformar a simples visitantes del sitio web en suscriptores leales que eventualmente se convierten en valiosos clientes. Esta notable herramienta ofrece una amplia selecci\u00f3n de formularios de opci\u00f3n, junto con una variedad de opciones de orientaci\u00f3n y prueba, as\u00ed como funciones de informes avanzados. En consecuencia, el empleo de clientes potenciales Thrive permite una expansi\u00f3n perfecta de su lista de correo electr\u00f3nico y la automatizaci\u00f3n de su proceso de generaci\u00f3n de leads. Independientemente de si se identifica como un blogger dedicado, un vendedor inteligente o un propietario de un negocio proactivo, Thrive lidera sin duda emerge como el recurso final que optimiza y optimiza su estrategia de marketing por correo electr\u00f3nico, lo que finalmente resulta en un aumento sustancial de su resultado final total.<\/p>\n","protected":false},"featured_media":167808,"comment_status":"open","ping_status":"open","template":"","meta":[],"product_brand":[2579],"product_cat":[1232,1206,1211],"product_tag":[1407],"class_list":{"0":"post-121378","1":"product","2":"type-product","3":"status-publish","4":"has-post-thumbnail","6":"product_brand-thrive-themes","7":"product_cat-marketing-wordpress-plugins","8":"product_cat-plugins","9":"product_cat-wordpress-plugins","10":"product_tag-thrive-themes","11":"member-discount","12":"discount-restricted","14":"first","15":"instock","16":"sale","17":"downloadable","18":"virtual","19":"sold-individually","20":"purchasable","21":"product-type-simple"},"_links":{"self":[{"href":"https:\/\/gpl-love.com\/es\/wp-json\/wp\/v2\/product\/121378","targetHints":{"allow":["GET"]}}],"collection":[{"href":"https:\/\/gpl-love.com\/es\/wp-json\/wp\/v2\/product"}],"about":[{"href":"https:\/\/gpl-love.com\/es\/wp-json\/wp\/v2\/types\/product"}],"replies":[{"embeddable":true,"href":"https:\/\/gpl-love.com\/es\/wp-json\/wp\/v2\/comments?post=121378"}],"wp:featuredmedia":[{"embeddable":true,"href":"https:\/\/gpl-love.com\/es\/wp-json\/wp\/v2\/media\/167808"}],"wp:attachment":[{"href":"https:\/\/gpl-love.com\/es\/wp-json\/wp\/v2\/media?parent=121378"}],"wp:term":[{"taxonomy":"product_brand","embeddable":true,"href":"https:\/\/gpl-love.com\/es\/wp-json\/wp\/v2\/product_brand?post=121378"},{"taxonomy":"product_cat","embeddable":true,"href":"https:\/\/gpl-love.com\/es\/wp-json\/wp\/v2\/product_cat?post=121378"},{"taxonomy":"product_tag","embeddable":true,"href":"https:\/\/gpl-love.com\/es\/wp-json\/wp\/v2\/product_tag?post=121378"}],"curies":[{"name":"wp","href":"https:\/\/api.w.org\/{rel}","templated":true}]}}