{"id":121374,"date":"2026-05-02T00:00:00","date_gmt":"2026-05-02T05:00:00","guid":{"rendered":"https:\/\/gpl-love.com\/es\/producto\/thrive-apprentice\/"},"modified":"2026-05-02T23:16:24","modified_gmt":"2026-05-03T04:16:24","slug":"thrive-apprentice","status":"publish","type":"product","link":"https:\/\/gpl-love.com\/es\/producto\/thrive-apprentice\/","title":{"rendered":"Thrive Apprentice 10.9"},"content":{"rendered":"<h3>Thrive Apprentice Caracteristicas<\/h3>\n<p>Thrive Apprentice, un s\u00f3lido formulador de sitios de membres\u00eda y curso en l\u00ednea, sirve como una herramienta invaluable para empresarios y educadores, facilitando la creaci\u00f3n y la venta sin esfuerzo de sus cursos en l\u00ednea. Al utilizar el aprendiz de Thrive, a los usuarios se les otorga la capacidad de generar cursos visualmente impresionantes, organizar efectivamente su contenido de manera coherente y comprensible, y monitorear de cerca el progreso de sus estudiantes. Adem\u00e1s, esta plataforma proporciona una amplia gama de opciones de personalizaci\u00f3n, que abarca plantillas predeterminadas, constructores de p\u00e1ginas y funcionalidades de membres\u00eda, como contenido de goteo, control de acceso y niveles de membres\u00eda. Al aprovechar el poder de Thrive Apprentice, los creadores de cursos descubrir\u00e1n la monetizaci\u00f3n perfecta de su contenido, la expansi\u00f3n de su audiencia y el establecimiento de una empresa en l\u00ednea sostenible.<\/p>\n<ul>\n<li>Una plataforma personalizable y f\u00e1cil de usar para crear cursos y sitios de membres\u00eda en l\u00ednea<\/li>\n<li>Builder de cursos de arrastrar y soltar con plantillas predise\u00f1adas para una configuraci\u00f3n r\u00e1pida y f\u00e1cil<\/li>\n<li>Se integra con herramientas populares de marketing por correo electr\u00f3nico como Convertkit, MailChimp y ActiveCampaign<\/li>\n<li>Ofrece caracter\u00edsticas de gamificaci\u00f3n, como el seguimiento del progreso, las insignias y los certificados para aumentar el compromiso y la motivaci\u00f3n<\/li>\n<li>Admite diferentes tipos de contenido, incluidos videos, PDF, cuestionarios y tareas<\/li>\n<li>Caracter\u00edsticas de la comunidad incorporadas, como perfiles y discusiones de los estudiantes, para facilitar la interacci\u00f3n y la colaboraci\u00f3n de los estudiantes.<\/li>\n<li>Secuencias de correo electr\u00f3nico automatizadas para dar la bienvenida, involucrar y educar a los nuevos estudiantes<\/li>\n<li>Herramientas de an\u00e1lisis e informes para rastrear el progreso, el compromiso y los ingresos de los estudiantes<\/li>\n<li>Dise\u00f1o de respuesta m\u00f3vil para una visualizaci\u00f3n \u00f3ptima en cualquier dispositivo<\/li>\n<li>Planes de precios asequibles sin tarifas de transacci\u00f3n o participaci\u00f3n en los ingresos.<\/li>\n<\/ul>\n","protected":false},"excerpt":{"rendered":"<p>Thrive Apprentice es una plataforma de creaci\u00f3n de cursos en l\u00ednea incre\u00edblemente intuitiva y notablemente f\u00e1cil de usar que permite a las personas y a las empresas a construir cursos cautivadores y altamente interactivos. Al ofrecer una variedad de caracter\u00edsticas de arrastrar y soltar que son excepcionalmente f\u00e1ciles de usar, plantillas personalizables que pueden adaptarse para cumplir con preferencias espec\u00edficas, y una extensa suite, por supuesto, herramientas de creaci\u00f3n que son poderosas y vers\u00e1tiles, Thrive Apprentice optimiza el proceso de Desarrollar y vender cursos en l\u00ednea que fomentan y mejoren efectivamente la experiencia de aprendizaje. Ya sea que sea un estimado educador que busque difundir su riqueza de conocimiento, un propietario de un negocio visionario con el objetivo de mejorar el conjunto de habilidades de sus valiosos empleados o un entrenador dedicado que anhela fabricar recursos valiosos para sus estimados clientes, Thrive Apprentice ofrece un todo lo que abarca todo. Soluci\u00f3n que abarca todos los componentes necesarios necesarios para el contenido del curso convincente e inspirador que produce resultados tangibles y notables.<\/p>\n","protected":false},"featured_media":167803,"comment_status":"open","ping_status":"open","template":"","meta":[],"product_brand":[2579],"product_cat":[1214,1206,1211],"product_tag":[1407],"class_list":{"0":"post-121374","1":"product","2":"type-product","3":"status-publish","4":"has-post-thumbnail","6":"product_brand-thrive-themes","7":"product_cat-personalizacion","8":"product_cat-plugins","9":"product_cat-wordpress-plugins","10":"product_tag-thrive-themes","11":"member-discount","12":"discount-restricted","14":"first","15":"instock","16":"sale","17":"downloadable","18":"virtual","19":"sold-individually","20":"purchasable","21":"product-type-simple"},"_links":{"self":[{"href":"https:\/\/gpl-love.com\/es\/wp-json\/wp\/v2\/product\/121374","targetHints":{"allow":["GET"]}}],"collection":[{"href":"https:\/\/gpl-love.com\/es\/wp-json\/wp\/v2\/product"}],"about":[{"href":"https:\/\/gpl-love.com\/es\/wp-json\/wp\/v2\/types\/product"}],"replies":[{"embeddable":true,"href":"https:\/\/gpl-love.com\/es\/wp-json\/wp\/v2\/comments?post=121374"}],"wp:featuredmedia":[{"embeddable":true,"href":"https:\/\/gpl-love.com\/es\/wp-json\/wp\/v2\/media\/167803"}],"wp:attachment":[{"href":"https:\/\/gpl-love.com\/es\/wp-json\/wp\/v2\/media?parent=121374"}],"wp:term":[{"taxonomy":"product_brand","embeddable":true,"href":"https:\/\/gpl-love.com\/es\/wp-json\/wp\/v2\/product_brand?post=121374"},{"taxonomy":"product_cat","embeddable":true,"href":"https:\/\/gpl-love.com\/es\/wp-json\/wp\/v2\/product_cat?post=121374"},{"taxonomy":"product_tag","embeddable":true,"href":"https:\/\/gpl-love.com\/es\/wp-json\/wp\/v2\/product_tag?post=121374"}],"curies":[{"name":"wp","href":"https:\/\/api.w.org\/{rel}","templated":true}]}}