{"id":121372,"date":"2026-03-18T00:00:00","date_gmt":"2026-03-18T05:00:00","guid":{"rendered":"https:\/\/gpl-love.com\/es\/producto\/themify-ultra-premium-wordpress-theme\/"},"modified":"2026-04-10T11:28:24","modified_gmt":"2026-04-10T16:28:24","slug":"themify-ultra-premium-wordpress-theme","status":"publish","type":"product","link":"https:\/\/gpl-love.com\/es\/producto\/themify-ultra-premium-wordpress-theme\/","title":{"rendered":"Themify Ultra Theme 8.1.3"},"content":{"rendered":"<h3>Themify Ultra Theme Caracteristicas<\/h3>\n<p>El tema Themify Ultra es un tema de WordPress excepcionalmente vers\u00e1til y altamente receptivo, dise\u00f1ado espec\u00edficamente para capacitar a los usuarios en la creaci\u00f3n de sitios web visualmente cautivadores y contempor\u00e1neos que atienden a una amplia gama de empresas comerciales o personales. A trav\u00e9s de su creador de p\u00e1ginas de arrastrar y soltar notablemente f\u00e1cil de usar, se le brinda la notable oportunidad de adaptar perfectamente su sitio a sus especificaciones exactas, incorporando sin esfuerzo una amplia variedad de caracter\u00edsticas como controles deslizantes, galer\u00edas, formularios de contacto, mapas e innumerables otros. Independientemente de si se identifica como blogger, emprendedor o desarrollador web, el tema ultra Themify le otorga una amplia gama de herramientas indispensables, facilitando as\u00ed el desarrollo de un sitio web visualmente convincente y excepcionalmente funcional que seguramente dejar\u00e1 una duradera Impresi\u00f3n en sus visitantes y lograr efectivamente sus objetivos. Adem\u00e1s, el tema tambi\u00e9n cuenta con documentaci\u00f3n y apoyo integrales, lo que garantiza que se le proporcionar\u00e1 toda la asistencia necesaria requerida para embarcarse con confianza en su viaje y aprovechar completamente el inmenso potencial inherente dentro de este tema extraordinario.<\/p>\n<ul>\n<li>Themify Ultra Theme es un tema premium de WordPress dise\u00f1ado para empresas, profesionales y cualquier persona que necesite un sitio web de aspecto profesional.<\/li>\n<li>Viene con una gran selecci\u00f3n de plantillas y dise\u00f1os prefabricados que son f\u00e1ciles de personalizar para que pueda crear un sitio web \u00fanico que se destaque del resto.<\/li>\n<li>El constructor de arrastrar y soltar hace que sea f\u00e1cil e intuitivo crear dise\u00f1os y contenido de p\u00e1gina personalizados sin la necesidad de codificar.<\/li>\n<li>El tema es totalmente receptivo, lo que significa que se adaptar\u00e1 a cualquier tama\u00f1o de pantalla, asegurando que su sitio web se vea muy bien en los dispositivos de escritorio, tabletas y m\u00f3viles.<\/li>\n<li>Themify Ultra Temo viene con una variedad de herramientas y complementos incorporados que lo ayudan a personalizar la apariencia y la funcionalidad de su sitio, incluida una selecci\u00f3n de galer\u00edas de im\u00e1genes, controles deslizantes y formularios de contacto.<\/li>\n<li>El tema tambi\u00e9n est\u00e1 optimizado para SEO, asegurando que su sitio web aparezca en los resultados de los motores de b\u00fasqueda y sea f\u00e1cil de encontrar para los clientes y clientes potenciales.<\/li>\n<li>Con el tema Themify Ultra, puede crear r\u00e1pida y f\u00e1cilmente un sitio web de aspecto profesional que sirva como una tienda en l\u00ednea para su negocio, cartera o marca personal.<\/li>\n<li>Ya sea que est\u00e9 buscando crear un sitio web corporativo o personal, Themify Ultra Theme ofrece un nivel de personalizaci\u00f3n que no tiene comparaci\u00f3n con muchos otros temas de WordPress.<\/li>\n<\/ul>\n","protected":false},"excerpt":{"rendered":"<p>\u00bfEst\u00e1 buscando un tema altamente adaptable y totalmente personalizable que se pueda adaptar para satisfacer los requisitos espec\u00edficos de su sitio web? Si es as\u00ed, \u00a1su b\u00fasqueda termina aqu\u00ed con el notable tema Themify Ultra! Este tema excepcionalmente robusto y rico en caracter\u00edsticas ofrece una colecci\u00f3n expansiva de m\u00e1s de 60 dise\u00f1os predise\u00f1ados, aumentados por 12 complementos de constructor invaluables adicionales. Estos complementos lo capacitan para que cree p\u00e1ginas y publicaciones cautivadoras sin esfuerzo y r\u00e1pidamente. Adem\u00e1s, su naturaleza receptiva garantiza que su sitio web mantenga su atractivo visual y su funcionalidad \u00f3ptima en todos los dispositivos. Adem\u00e1s, Themify Ultra Theme se ha optimizado meticulosamente para SEO, lo que permite que su sitio web se clasifique favorablemente en las p\u00e1ginas de resultados del motor de b\u00fasqueda. Al elegir Themify Ultra Theme, desbloquea posibilidades ilimitadas para su sitio web, lo que realmente permite que su visi\u00f3n creativa florezca sin limitaciones.<\/p>\n","protected":false},"featured_media":167798,"comment_status":"open","ping_status":"open","template":"","meta":[],"product_brand":[2578],"product_cat":[1239,1237,1238],"product_tag":[1400],"class_list":{"0":"post-121372","1":"product","2":"type-product","3":"status-publish","4":"has-post-thumbnail","6":"product_brand-themify","7":"product_cat-de-multiples-fines","8":"product_cat-temas","9":"product_cat-wordpress-temas","10":"product_tag-themify","11":"member-discount","12":"discount-restricted","14":"first","15":"instock","16":"sale","17":"downloadable","18":"virtual","19":"sold-individually","20":"purchasable","21":"product-type-simple"},"_links":{"self":[{"href":"https:\/\/gpl-love.com\/es\/wp-json\/wp\/v2\/product\/121372","targetHints":{"allow":["GET"]}}],"collection":[{"href":"https:\/\/gpl-love.com\/es\/wp-json\/wp\/v2\/product"}],"about":[{"href":"https:\/\/gpl-love.com\/es\/wp-json\/wp\/v2\/types\/product"}],"replies":[{"embeddable":true,"href":"https:\/\/gpl-love.com\/es\/wp-json\/wp\/v2\/comments?post=121372"}],"wp:featuredmedia":[{"embeddable":true,"href":"https:\/\/gpl-love.com\/es\/wp-json\/wp\/v2\/media\/167798"}],"wp:attachment":[{"href":"https:\/\/gpl-love.com\/es\/wp-json\/wp\/v2\/media?parent=121372"}],"wp:term":[{"taxonomy":"product_brand","embeddable":true,"href":"https:\/\/gpl-love.com\/es\/wp-json\/wp\/v2\/product_brand?post=121372"},{"taxonomy":"product_cat","embeddable":true,"href":"https:\/\/gpl-love.com\/es\/wp-json\/wp\/v2\/product_cat?post=121372"},{"taxonomy":"product_tag","embeddable":true,"href":"https:\/\/gpl-love.com\/es\/wp-json\/wp\/v2\/product_tag?post=121372"}],"curies":[{"name":"wp","href":"https:\/\/api.w.org\/{rel}","templated":true}]}}