{"id":121370,"date":"2024-12-07T00:00:00","date_gmt":"2024-12-07T05:00:00","guid":{"rendered":"https:\/\/gpl-love.com\/es\/producto\/themify-tisa-wordpress-theme\/"},"modified":"2026-04-10T11:28:23","modified_gmt":"2026-04-10T16:28:23","slug":"themify-tisa-wordpress-theme","status":"publish","type":"product","link":"https:\/\/gpl-love.com\/es\/producto\/themify-tisa-wordpress-theme\/","title":{"rendered":"Themify Tisa Theme 7.5.5"},"content":{"rendered":"<h3>Themify Tisa Theme Caracteristicas<\/h3>\n<p>El tema Themify TISA, un tema de WordPress altamente vers\u00e1til y receptivo, ha sido meticulosamente elaborado para satisfacer las necesidades de blogueros, escritores y creadores de contenido por igual. Con un dise\u00f1o limpio y minimalista, el tema TISA exuda una interfaz f\u00e1cil de usar y f\u00e1cilmente navegable, lo que permite a los usuarios personalizar sin esfuerzo sus sitios web con la mayor comodidad. Este tema abarca una amplia gama de caracter\u00edsticas preconstruidas, que van desde encabezados personalizables, pies de p\u00e1gina y widgets, hasta una variedad de dise\u00f1os posteriores, esquemas de color y opciones de tipograf\u00eda. Adem\u00e1s, el tema de TISA se ha optimizado diligentemente para los motores de b\u00fasqueda, asegurando una mayor visibilidad y accesibilidad, mientras que permanece completamente compatible con todos los principales navegadores y dispositivos, facilitando as\u00ed la interacci\u00f3n sin costura y el compromiso con el p\u00fablico. Embellido con un dise\u00f1o intuitivo y elegante, el tema TISA, sin duda, emerge como la elecci\u00f3n por excelencia para las personas que buscan establecer un blog o sitio web profesional y refinado.<\/p>\n<ul>\n<li>El tema TISA Themify es un tema de WordPress altamente funcional y vers\u00e1til.<\/li>\n<li>Est\u00e1 dise\u00f1ado con una est\u00e9tica limpia y moderna, lo que lo hace perfecto para una variedad de sitios web diferentes.<\/li>\n<li>El tema ofrece una gama de opciones de dise\u00f1o y caracter\u00edsticas de personalizaci\u00f3n, lo que facilita la personalizaci\u00f3n y adaptaci\u00f3n de sus necesidades.<\/li>\n<li>Incluye una selecci\u00f3n de plantillas predise\u00f1adas y dise\u00f1os de la p\u00e1gina de inicio, lo que hace que sea f\u00e1cil comenzar con el dise\u00f1o de su sitio.<\/li>\n<li>El tema de TISA es totalmente receptivo y est\u00e1 dise\u00f1ado para verse bien en todos los dispositivos, asegurando que su sitio web sea accesible para todos los usuarios.<\/li>\n<li>El tema es amigable con SEO, con caracter\u00edsticas de optimizaci\u00f3n incorporadas para ayudar a mejorar la clasificaci\u00f3n de su motor de b\u00fasqueda.<\/li>\n<li>Tambi\u00e9n es compatible con una gama de complementos y widgets diferentes, lo que le permite agregar funcionalidad adicional a su sitio seg\u00fan sea necesario.<\/li>\n<li>Themify TISA Temo ofrece un tablero f\u00e1cil de usar e interfaz intuitiva, lo que hace que sea simple para los usuarios novatos comenzar a crear su propio sitio web.<\/li>\n<li>El tema se actualiza y admite regularmente, asegurando que su sitio web se mantenga actualizado y seguro.<\/li>\n<li>Tambi\u00e9n est\u00e1 respaldado por un equipo de atenci\u00f3n al cliente amigable y receptivo, que est\u00e1 disponible para ayudar con cualquier pregunta o problema que pueda encontrar.<\/li>\n<\/ul>\n","protected":false},"excerpt":{"rendered":"<p>El tema Themify TISA es un tema de WordPress excepcionalmente elegante meticulosamente elaborado para mostrar su contenido de una manera pr\u00edstina y sofisticada. Independientemente de si usted es un blogger astuto, un fot\u00f3grafo competente o un ambicioso propietario de un negocio, Tisa ofrece un marco altamente adaptable que permite la creaci\u00f3n de una marca en l\u00ednea verdaderamente distintiva. Gracias a su dise\u00f1o notablemente receptivo y la disponibilidad de una amplia gama de opciones de dise\u00f1o flexibles, su sitio web exudar\u00e1 constantemente un nivel incomparable de atractivo visual en todos los dispositivos. La tipograf\u00eda impecablemente elegante del tema y el dise\u00f1o basado en la cuadr\u00edcula magistral de manera magistral aseguran efectivamente que su contenido capture sin esfuerzo la atenci\u00f3n y cautiva el inter\u00e9s de su estimada audiencia. Adem\u00e1s, armado con el constructor de arrastrar y soltar de Themify inmensamente f\u00e1cil de usar, puede personalizar sin problemas y sin esfuerzo las plantillas preexistentes de Tisa al contenido de su coraz\u00f3n o embarcarse ardientemente en un viaje de creaci\u00f3n desde el cable, dise\u00f1ando meticulosamente un sitio web que Impecablemente se alinea con sus requisitos y preferencias \u00fanicas.<\/p>\n","protected":false},"featured_media":167797,"comment_status":"open","ping_status":"open","template":"","meta":[],"product_brand":[2578],"product_cat":[1245,1237,1238],"product_tag":[1400],"class_list":{"0":"post-121370","1":"product","2":"type-product","3":"status-publish","4":"has-post-thumbnail","6":"product_brand-themify","7":"product_cat-blog-revista","8":"product_cat-temas","9":"product_cat-wordpress-temas","10":"product_tag-themify","11":"member-discount","12":"discount-restricted","14":"first","15":"instock","16":"sale","17":"downloadable","18":"virtual","19":"sold-individually","20":"purchasable","21":"product-type-simple"},"_links":{"self":[{"href":"https:\/\/gpl-love.com\/es\/wp-json\/wp\/v2\/product\/121370","targetHints":{"allow":["GET"]}}],"collection":[{"href":"https:\/\/gpl-love.com\/es\/wp-json\/wp\/v2\/product"}],"about":[{"href":"https:\/\/gpl-love.com\/es\/wp-json\/wp\/v2\/types\/product"}],"replies":[{"embeddable":true,"href":"https:\/\/gpl-love.com\/es\/wp-json\/wp\/v2\/comments?post=121370"}],"wp:featuredmedia":[{"embeddable":true,"href":"https:\/\/gpl-love.com\/es\/wp-json\/wp\/v2\/media\/167797"}],"wp:attachment":[{"href":"https:\/\/gpl-love.com\/es\/wp-json\/wp\/v2\/media?parent=121370"}],"wp:term":[{"taxonomy":"product_brand","embeddable":true,"href":"https:\/\/gpl-love.com\/es\/wp-json\/wp\/v2\/product_brand?post=121370"},{"taxonomy":"product_cat","embeddable":true,"href":"https:\/\/gpl-love.com\/es\/wp-json\/wp\/v2\/product_cat?post=121370"},{"taxonomy":"product_tag","embeddable":true,"href":"https:\/\/gpl-love.com\/es\/wp-json\/wp\/v2\/product_tag?post=121370"}],"curies":[{"name":"wp","href":"https:\/\/api.w.org\/{rel}","templated":true}]}}