{"id":121368,"date":"2024-12-07T00:00:00","date_gmt":"2024-12-07T05:00:00","guid":{"rendered":"https:\/\/gpl-love.com\/es\/producto\/themify-thememin-wordpress-theme\/"},"modified":"2026-04-10T11:28:21","modified_gmt":"2026-04-10T16:28:21","slug":"themify-thememin-wordpress-theme","status":"publish","type":"product","link":"https:\/\/gpl-love.com\/es\/producto\/themify-thememin-wordpress-theme\/","title":{"rendered":"Themify Thememin Theme 7.5.5"},"content":{"rendered":"<h3>Themify Thememin Theme Caracteristicas<\/h3>\n<p>El tema Themify ThemeMin exhibe un dise\u00f1o visualmente atractivo y contempor\u00e1neo que es ideal para personas que se dedican a bloguear, trabajar independientemente y aquellos que poseen negocios a peque\u00f1a escala. Este tema, con su dise\u00f1o inmaculado y adaptable, permite a los usuarios establecer sin esfuerzo un sitio web que realmente abarque su imagen de marca y su comunicaci\u00f3n central. El tema Thememin est\u00e1 acompa\u00f1ado por una gran cantidad de atributos, que incluyen numerosas plantillas de p\u00e1gina, widgets personalizados y un constructor de arrastre y salpicaduras f\u00e1cil de usar. En consecuencia, las personas pueden construir y personalizar sus sitios web desprovistos de cualquier experiencia de codificaci\u00f3n de requisitos previos. Adem\u00e1s, el tema Thememin est\u00e1 extremadamente optimizado para facilitar la optimizaci\u00f3n de carga y la optimizaci\u00f3n de motores de b\u00fasqueda (SEO), lo que garantiza que su sitio web se cargue r\u00e1pidamente y pueda ser descubierto sin esfuerzo por los motores de b\u00fasqueda. En \u00faltima instancia, el tema Themify ThemeMin es una selecci\u00f3n astuta para las personas que buscan un tema de WordPress que lo abarca y orientado a los usuarios.<\/p>\n<ul>\n<li>Dise\u00f1o moderno y elegante que es visualmente atractivo y f\u00e1cil de usar<\/li>\n<li>Dise\u00f1o personalizable con opciones de color ilimitadas y opciones de fuentes<\/li>\n<li>Constructor de p\u00e1ginas de arrastre y suelto incorporado para una f\u00e1cil personalizaci\u00f3n sin codificar conocimiento<\/li>\n<li>Totalmente receptivo, asegurando una visibilidad y funcionalidad \u00f3ptimas en todos los dispositivos<\/li>\n<li>Integraci\u00f3n con complementos populares como WooCommerce y WPML para una funcionalidad adicional<\/li>\n<li>Equipo de apoyo robusto y documentaci\u00f3n extensa para una f\u00e1cil resoluci\u00f3n de problemas y asistencia<\/li>\n<li>Actualizaciones y mejoras regulares para garantizar la compatibilidad con las nuevas actualizaciones de WordPress y los avances tecnol\u00f3gicos.<\/li>\n<\/ul>\n","protected":false},"excerpt":{"rendered":"<p>El tema Themify ThemeMin surge como una soluci\u00f3n definitiva, que atiende a las necesidades de las personas que buscan elaborar un sitio web notable y est\u00e9ticamente agradable. Cuenta con un dise\u00f1o meticulosamente elaborado, que abarca una variedad de funcionalidades f\u00e1ciles de usar y alternativas de personalizaci\u00f3n de vanguardia, lo que permite a los usuarios dise\u00f1ar una apariencia incomparable que se alinee espl\u00e9ndidamente con su marca. Gracias a su dise\u00f1o receptivo impecable, su sitio web exudar\u00e1 a la brillantez en todos los dispositivos, mientras que la incorporaci\u00f3n de la optimizaci\u00f3n de SEO incorporada se acercar\u00e1 irresistiblemente una mayor afluencia de visitantes a su \u00e1mbito digital. Ya sea que aspire a establecer un blog personal o una plataforma en l\u00ednea sofisticada para su pr\u00f3spero negocio, tenga la seguridad de que el tema Themify ThemeMin se considera como el ep\u00edtome de la perfecci\u00f3n, inquebrantable en su capacidad para saciar sus requisitos.<\/p>\n","protected":false},"featured_media":167795,"comment_status":"open","ping_status":"open","template":"","meta":[],"product_brand":[2578],"product_cat":[1267,1237,1238],"product_tag":[1400],"class_list":{"0":"post-121368","1":"product","2":"type-product","3":"status-publish","4":"has-post-thumbnail","6":"product_brand-themify","7":"product_cat-creativo","8":"product_cat-temas","9":"product_cat-wordpress-temas","10":"product_tag-themify","11":"member-discount","12":"discount-restricted","14":"first","15":"instock","16":"sale","17":"downloadable","18":"virtual","19":"sold-individually","20":"purchasable","21":"product-type-simple"},"_links":{"self":[{"href":"https:\/\/gpl-love.com\/es\/wp-json\/wp\/v2\/product\/121368","targetHints":{"allow":["GET"]}}],"collection":[{"href":"https:\/\/gpl-love.com\/es\/wp-json\/wp\/v2\/product"}],"about":[{"href":"https:\/\/gpl-love.com\/es\/wp-json\/wp\/v2\/types\/product"}],"replies":[{"embeddable":true,"href":"https:\/\/gpl-love.com\/es\/wp-json\/wp\/v2\/comments?post=121368"}],"wp:featuredmedia":[{"embeddable":true,"href":"https:\/\/gpl-love.com\/es\/wp-json\/wp\/v2\/media\/167795"}],"wp:attachment":[{"href":"https:\/\/gpl-love.com\/es\/wp-json\/wp\/v2\/media?parent=121368"}],"wp:term":[{"taxonomy":"product_brand","embeddable":true,"href":"https:\/\/gpl-love.com\/es\/wp-json\/wp\/v2\/product_brand?post=121368"},{"taxonomy":"product_cat","embeddable":true,"href":"https:\/\/gpl-love.com\/es\/wp-json\/wp\/v2\/product_cat?post=121368"},{"taxonomy":"product_tag","embeddable":true,"href":"https:\/\/gpl-love.com\/es\/wp-json\/wp\/v2\/product_tag?post=121368"}],"curies":[{"name":"wp","href":"https:\/\/api.w.org\/{rel}","templated":true}]}}