{"id":121366,"date":"2024-12-07T00:00:00","date_gmt":"2024-12-07T05:00:00","guid":{"rendered":"https:\/\/gpl-love.com\/es\/producto\/themify-suco-wordpress-theme\/"},"modified":"2026-04-10T11:28:21","modified_gmt":"2026-04-10T16:28:21","slug":"themify-suco-wordpress-theme","status":"publish","type":"product","link":"https:\/\/gpl-love.com\/es\/producto\/themify-suco-wordpress-theme\/","title":{"rendered":"Themify Suco Theme 7.5.5"},"content":{"rendered":"<h3>Themify Suco Theme Caracteristicas<\/h3>\n<p>El tema Themify Suco es un tema de WordPress extremadamente vers\u00e1til y altamente receptivo, que ofrece a los usuarios una amplia gama de opciones de personalizaci\u00f3n, lo que les permite adaptar su sitio web de acuerdo con sus preferencias \u00fanicas. Este tema es particularmente adecuado para las personas que buscan un dise\u00f1o de sitios web elegante y contempor\u00e1neo que brinda suma importancia para mostrar efectivamente su contenido cautivador. Con una abundante selecci\u00f3n de dise\u00f1os predise\u00f1ados f\u00e1cilmente accesibles, los usuarios tienen la conveniencia de dise\u00f1ar r\u00e1pida y sin esfuerzo un sitio web distintivo que se alinee impecablemente con su identidad de marca. Adem\u00e1s, el tema Suco abarca un constructor de p\u00e1ginas de arrastrar y soltar notablemente f\u00e1cil de usar, facilitando as\u00ed la creaci\u00f3n perfecta de p\u00e1ginas personalizadas sin cualquier conocimiento o experiencia de codificaci\u00f3n requerida. Gracias a su capacidad de respuesta inherente, este tema garantiza que el sitio web parezca visualmente impresionante en todo tipo de dispositivos, mientras que su optimizaci\u00f3n meticulosa para los motores de b\u00fasqueda garantiza que su contenido invaluable obtenga el nivel de visibilidad que garantiza inequ\u00edvocamente. Cuando todo est\u00e1 dicho y hecho, queda muy claro que el tema Themify Suco representa inequ\u00edvocamente una opci\u00f3n superlativa para todas las personas en busca de un tema de WordPress adaptable convenientemente accesible y sin esfuerzo.<\/p>\n<ul>\n<li>Dise\u00f1o limpio y moderno.<\/li>\n<li>Dise\u00f1o totalmente receptivo y amigable con los dispositivos m\u00f3viles.<\/li>\n<li>Opciones personalizables de encabezado y pie de p\u00e1gina.<\/li>\n<li>Secciones de p\u00e1gina de inicio personalizables.<\/li>\n<li>Integraci\u00f3n con constructores de p\u00e1ginas populares como Elementor y Beaver Builder.<\/li>\n<li>Opciones de dise\u00f1o de publicaciones m\u00faltiples y de p\u00e1gina.<\/li>\n<li>WooCommerce listo para la funcionalidad de la tienda en l\u00ednea.<\/li>\n<li>El constructor de Themify f\u00e1cil de usar para crear p\u00e1ginas y dise\u00f1os personalizados.<\/li>\n<li>Traducci\u00f3n lista para el alcance de la audiencia global.<\/li>\n<li>Actualizaciones continuas y soporte de themify.<\/li>\n<\/ul>\n","protected":false},"excerpt":{"rendered":"<p>El tema Themify Suco sirve como una soluci\u00f3n impecable y \u00f3ptima para presentar efectivamente los esfuerzos creativos de una manera excepcionalmente simplificada y sofisticada. Este tema de WordPress contempor\u00e1neo y subestimado abarca una variedad de diversas opciones de dise\u00f1o, que exuda un aire de tipograf\u00eda elegante y esquemas de color personalizables, proporcionando as\u00ed al usuario la capacidad perfecta para mostrar su cartera en l\u00ednea, fotograf\u00eda o cualquier otra empresa creativa con la facilidad y la m\u00e1xima facilidad y finura. Adem\u00e1s, debido a su dise\u00f1o altamente receptivo y su interfaz intuitivamente f\u00e1cil de usar, el tema Suco indudablemente se posiciona como un activo indispensable para cualquier profesional creativo exigente que aspira a establecer una presencia en l\u00ednea sorprendente y asertiva.<\/p>\n","protected":false},"featured_media":167794,"comment_status":"open","ping_status":"open","template":"","meta":[],"product_brand":[2578],"product_cat":[1307,1237,1238],"product_tag":[1400],"class_list":{"0":"post-121366","1":"product","2":"type-product","3":"status-publish","4":"has-post-thumbnail","6":"product_brand-themify","7":"product_cat-negocio-wordpress-temas","8":"product_cat-temas","9":"product_cat-wordpress-temas","10":"product_tag-themify","11":"member-discount","12":"discount-restricted","14":"first","15":"instock","16":"sale","17":"downloadable","18":"virtual","19":"sold-individually","20":"purchasable","21":"product-type-simple"},"_links":{"self":[{"href":"https:\/\/gpl-love.com\/es\/wp-json\/wp\/v2\/product\/121366","targetHints":{"allow":["GET"]}}],"collection":[{"href":"https:\/\/gpl-love.com\/es\/wp-json\/wp\/v2\/product"}],"about":[{"href":"https:\/\/gpl-love.com\/es\/wp-json\/wp\/v2\/types\/product"}],"replies":[{"embeddable":true,"href":"https:\/\/gpl-love.com\/es\/wp-json\/wp\/v2\/comments?post=121366"}],"wp:featuredmedia":[{"embeddable":true,"href":"https:\/\/gpl-love.com\/es\/wp-json\/wp\/v2\/media\/167794"}],"wp:attachment":[{"href":"https:\/\/gpl-love.com\/es\/wp-json\/wp\/v2\/media?parent=121366"}],"wp:term":[{"taxonomy":"product_brand","embeddable":true,"href":"https:\/\/gpl-love.com\/es\/wp-json\/wp\/v2\/product_brand?post=121366"},{"taxonomy":"product_cat","embeddable":true,"href":"https:\/\/gpl-love.com\/es\/wp-json\/wp\/v2\/product_cat?post=121366"},{"taxonomy":"product_tag","embeddable":true,"href":"https:\/\/gpl-love.com\/es\/wp-json\/wp\/v2\/product_tag?post=121366"}],"curies":[{"name":"wp","href":"https:\/\/api.w.org\/{rel}","templated":true}]}}