{"id":121364,"date":"2024-12-07T00:00:00","date_gmt":"2024-12-07T05:00:00","guid":{"rendered":"https:\/\/gpl-love.com\/es\/producto\/themify-stack-wordpress-theme\/"},"modified":"2026-04-10T11:28:20","modified_gmt":"2026-04-10T16:28:20","slug":"themify-stack-wordpress-theme","status":"publish","type":"product","link":"https:\/\/gpl-love.com\/es\/producto\/themify-stack-wordpress-theme\/","title":{"rendered":"Themify Stack Theme 7.6.1"},"content":{"rendered":"<h3>Themify Stack Theme Caracteristicas<\/h3>\n<p>El tema Themify Stack es un tema de WordPress incre\u00edblemente vers\u00e1til y excepcionalmente moderno que presenta a los usuarios una amplia gama de opciones de personalizaci\u00f3n, lo que les permite adaptar su sitio web a sus especificaciones exactas. Gracias a su interfaz de arrastrar y soltar f\u00e1cilmente, las personas pueden moda sin esfuerzo en sitios web distintivos y est\u00e9ticamente agradables sin la necesidad de ning\u00fan conocimiento o experiencia de codificaci\u00f3n previa. Adem\u00e1s, este tema cuenta con una mir\u00edada de plantillas predise\u00f1adas, que abarcan dise\u00f1os para blogs, carteras y sitios de comercio electr\u00f3nico, asegurando as\u00ed que los usuarios tengan una gran cantidad de opciones a su disposici\u00f3n. Adem\u00e1s, el tema de la pila Themify hace alarde de un dise\u00f1o receptivo, que garantiza que los sitios web est\u00e1n optimizados sin problemas para todos los dispositivos, independientemente del tama\u00f1o de la pantalla u orientaci\u00f3n. Adem\u00e1s, este tema notable es amigable con SEO, que trabaja diligentemente detr\u00e1s de escena para garantizar que los sitios web logren una visibilidad de primer nivel en los resultados de los motores de b\u00fasqueda. En general, el tema Themify Stack es, sin duda, una elecci\u00f3n excepcional para aquellas personas que buscan crear un sitio web pulido y profesional sin esfuerzo.<\/p>\n<ul>\n<li>Dise\u00f1o totalmente receptivo que se adapta a cualquier tama\u00f1o de pantalla<\/li>\n<li>Builder de la p\u00e1gina de arrastrar y soltar para una f\u00e1cil personalizaci\u00f3n<\/li>\n<li>M\u00e1s de 25 plantillas predise\u00f1adas para la configuraci\u00f3n r\u00e1pida del sitio web<\/li>\n<li>M\u00faltiples pieles de tema y opciones de color para que coincidan con su marca<\/li>\n<li>Documentaci\u00f3n completa y tutoriales de video para una configuraci\u00f3n perfecta<\/li>\n<li>Google Fonts y soporte de fuentes personalizados para una tipograf\u00eda \u00fanica<\/li>\n<li>Compatibilidad de comercio electr\u00f3nico con WooCommerce Integration<\/li>\n<li>Optimizaci\u00f3n de SEO para una mejor visibilidad del sitio web<\/li>\n<li>Actualizaciones regulares y atenci\u00f3n al cliente para mantenimiento confiable<\/li>\n<\/ul>\n","protected":false},"excerpt":{"rendered":"<p>El tema Themify Stack es un tema de WordPress incre\u00edblemente vers\u00e1til y sin esfuerzo que es absolutamente perfecto para las personas que buscan crear sitios web con una est\u00e9tica incre\u00edblemente moderna y sofisticada. Gracias a su constructor incre\u00edblemente intuitivo de arrastrar y soltar, los usuarios pueden integrar, modificar y mejorar sin problemas su contenido y elementos con la mayor facilidad y conveniencia. Adem\u00e1s, el dise\u00f1o notablemente receptivo del tema garantiza que el sitio web aparecer\u00e1 visualmente impresionante y visualmente atractivo en todos y cada uno de los dispositivos. Adem\u00e1s, la inclusi\u00f3n de una variedad extensa de dise\u00f1os predise\u00f1ados y una variedad de widgets altamente personalizables realmente simplifica el proceso de construcci\u00f3n del sitio web de sus sue\u00f1os en un grado sin precedentes.<\/p>\n","protected":false},"featured_media":167793,"comment_status":"open","ping_status":"open","template":"","meta":[],"product_brand":[2578],"product_cat":[1245,1237,1238],"product_tag":[1400],"class_list":{"0":"post-121364","1":"product","2":"type-product","3":"status-publish","4":"has-post-thumbnail","6":"product_brand-themify","7":"product_cat-blog-revista","8":"product_cat-temas","9":"product_cat-wordpress-temas","10":"product_tag-themify","11":"member-discount","12":"discount-restricted","14":"first","15":"instock","16":"sale","17":"downloadable","18":"virtual","19":"sold-individually","20":"purchasable","21":"product-type-simple"},"_links":{"self":[{"href":"https:\/\/gpl-love.com\/es\/wp-json\/wp\/v2\/product\/121364","targetHints":{"allow":["GET"]}}],"collection":[{"href":"https:\/\/gpl-love.com\/es\/wp-json\/wp\/v2\/product"}],"about":[{"href":"https:\/\/gpl-love.com\/es\/wp-json\/wp\/v2\/types\/product"}],"replies":[{"embeddable":true,"href":"https:\/\/gpl-love.com\/es\/wp-json\/wp\/v2\/comments?post=121364"}],"wp:featuredmedia":[{"embeddable":true,"href":"https:\/\/gpl-love.com\/es\/wp-json\/wp\/v2\/media\/167793"}],"wp:attachment":[{"href":"https:\/\/gpl-love.com\/es\/wp-json\/wp\/v2\/media?parent=121364"}],"wp:term":[{"taxonomy":"product_brand","embeddable":true,"href":"https:\/\/gpl-love.com\/es\/wp-json\/wp\/v2\/product_brand?post=121364"},{"taxonomy":"product_cat","embeddable":true,"href":"https:\/\/gpl-love.com\/es\/wp-json\/wp\/v2\/product_cat?post=121364"},{"taxonomy":"product_tag","embeddable":true,"href":"https:\/\/gpl-love.com\/es\/wp-json\/wp\/v2\/product_tag?post=121364"}],"curies":[{"name":"wp","href":"https:\/\/api.w.org\/{rel}","templated":true}]}}