{"id":121362,"date":"2026-04-27T00:00:00","date_gmt":"2026-04-27T05:00:00","guid":{"rendered":"https:\/\/gpl-love.com\/es\/producto\/themify-split-wordpress-theme\/"},"modified":"2026-04-27T11:16:18","modified_gmt":"2026-04-27T16:16:18","slug":"themify-split-wordpress-theme","status":"publish","type":"product","link":"https:\/\/gpl-love.com\/es\/producto\/themify-split-wordpress-theme\/","title":{"rendered":"Themify Split Theme 7.7.1"},"content":{"rendered":"<h3>Themify Split Theme Caracteristicas<\/h3>\n<p>El tema Split Themify, un tema de WordPress excepcionalmente elegante y contempor\u00e1neo, sirve como una herramienta excepcional para curar blogs y sitios web cautivadores. Su dise\u00f1o distintivo de pantalla dividida ofrece a los usuarios la oportunidad de presentar su contenido de una manera visualmente atractiva que seguramente cautivar\u00e1 a su p\u00fablico objetivo. Este tema cuenta con una capacidad de respuesta completa y una personalizaci\u00f3n sin esfuerzo, lo que permite a los usuarios modificarlo para satisfacer sus necesidades y preferencias espec\u00edficas con la mayor facilidad. Adem\u00e1s, viene equipado con una mir\u00edada de caracter\u00edsticas ventajosas, incluidos, entre otros, widgets personalizables, integraci\u00f3n perfecta con varias plataformas de redes sociales y herramientas de optimizaci\u00f3n de motores de b\u00fasqueda incorporadas. Ya sea que se clasifique como un blogger experimentado, un emprendedor en ciernes o un virtuoso creativo, el tema Split Themify indudablemente representa una opci\u00f3n incomparable para dise\u00f1ar un sitio web est\u00e9ticamente impresionante y altamente funcional.<\/p>\n<ul>\n<li>Un tema multiprop\u00f3sito moderno y receptivo para sitios web de WordPress<\/li>\n<li>Ofrece 18 demostraciones \u00fanicas predise\u00f1adas para una variedad de nichos e industrias<\/li>\n<li>Personaliza f\u00e1cilmente dise\u00f1os, fuentes, colores y m\u00e1s con el Builder Themify de arrastrar y soltar<\/li>\n<li>Viene con una variedad de caracter\u00edsticas esenciales y avanzadas, que incluyen desplazamiento de paralaje, videos de fondo e integraci\u00f3n de redes sociales<\/li>\n<li>Optimizado para el rendimiento y el SEO para garantizar tiempos de carga r\u00e1pidos y altas clasificaciones de motores de b\u00fasqueda<\/li>\n<li>Incluye soporte para WooCommerce, lo que le permite crear f\u00e1cilmente una tienda en l\u00ednea dentro de su sitio web<\/li>\n<li>Proporciona una amplia documentaci\u00f3n y soporte, as\u00ed como actualizaciones regulares y correcciones de errores.<\/li>\n<\/ul>\n","protected":false},"excerpt":{"rendered":"<p>El tema Split Themify es un tema de WordPress incre\u00edblemente vers\u00e1til que proporciona al usuario la capacidad de crear sitios web visualmente sorprendentes sin esfuerzo. Este tema cuenta con una interfaz de arrastrar y soltar f\u00e1cilmente con usuarios, as\u00ed como una amplia gama de opciones personalizables, lo que permite a los usuarios adaptar su sitio web para cumplir con sus especificaciones exactas. Adem\u00e1s, el tema dividido viene equipado con una variedad de dise\u00f1os y plantillas predise\u00f1ados, racionalizaci\u00f3n del proceso de construcci\u00f3n del sitio web y lo convierte en una brisa para las personas de todos los niveles de habilidad. Este tema es una elecci\u00f3n \u00f3ptima para aquellos en busca de un sitio web contempor\u00e1neo y din\u00e1mico que se destaca entre la competencia. Adem\u00e1s, gracias a su dise\u00f1o receptivo, el tema dividido asegura que su sitio web parezca perfecto y visualmente atractivo en cualquier dispositivo, ya sea una computadora de escritorio o un dispositivo m\u00f3vil.<\/p>\n","protected":false},"featured_media":167792,"comment_status":"open","ping_status":"open","template":"","meta":[],"product_brand":[2578],"product_cat":[1245,1237,1238],"product_tag":[1400],"class_list":{"0":"post-121362","1":"product","2":"type-product","3":"status-publish","4":"has-post-thumbnail","6":"product_brand-themify","7":"product_cat-blog-revista","8":"product_cat-temas","9":"product_cat-wordpress-temas","10":"product_tag-themify","11":"member-discount","12":"discount-restricted","14":"first","15":"instock","16":"sale","17":"downloadable","18":"virtual","19":"sold-individually","20":"purchasable","21":"product-type-simple"},"_links":{"self":[{"href":"https:\/\/gpl-love.com\/es\/wp-json\/wp\/v2\/product\/121362","targetHints":{"allow":["GET"]}}],"collection":[{"href":"https:\/\/gpl-love.com\/es\/wp-json\/wp\/v2\/product"}],"about":[{"href":"https:\/\/gpl-love.com\/es\/wp-json\/wp\/v2\/types\/product"}],"replies":[{"embeddable":true,"href":"https:\/\/gpl-love.com\/es\/wp-json\/wp\/v2\/comments?post=121362"}],"wp:featuredmedia":[{"embeddable":true,"href":"https:\/\/gpl-love.com\/es\/wp-json\/wp\/v2\/media\/167792"}],"wp:attachment":[{"href":"https:\/\/gpl-love.com\/es\/wp-json\/wp\/v2\/media?parent=121362"}],"wp:term":[{"taxonomy":"product_brand","embeddable":true,"href":"https:\/\/gpl-love.com\/es\/wp-json\/wp\/v2\/product_brand?post=121362"},{"taxonomy":"product_cat","embeddable":true,"href":"https:\/\/gpl-love.com\/es\/wp-json\/wp\/v2\/product_cat?post=121362"},{"taxonomy":"product_tag","embeddable":true,"href":"https:\/\/gpl-love.com\/es\/wp-json\/wp\/v2\/product_tag?post=121362"}],"curies":[{"name":"wp","href":"https:\/\/api.w.org\/{rel}","templated":true}]}}