{"id":121360,"date":"2024-12-07T00:00:00","date_gmt":"2024-12-07T05:00:00","guid":{"rendered":"https:\/\/gpl-love.com\/es\/producto\/themify-simfo-wordpress-theme\/"},"modified":"2026-04-10T11:28:18","modified_gmt":"2026-04-10T16:28:18","slug":"themify-simfo-wordpress-theme","status":"publish","type":"product","link":"https:\/\/gpl-love.com\/es\/producto\/themify-simfo-wordpress-theme\/","title":{"rendered":"Themify Simfo Theme 7.5.5"},"content":{"rendered":"<h3>Themify Simfo Theme Caracteristicas<\/h3>\n<p>El tema Simfo Themify es un tema excepcional de WordPress que cuenta con una gran cantidad de caracter\u00edsticas notables, que incluye un dise\u00f1o altamente flexible y sofisticado. Este tema premium se adapta espec\u00edficamente para satisfacer las necesidades de las personas que buscan establecer una presencia exquisita y profesional en l\u00ednea para su blog comercial o personal. Con su extraordinario constructor de arrastristas, Simfo faculta a los usuarios personalizar sin esfuerzo el dise\u00f1o de su sitio web, al tiempo que ofrece una extensa colecci\u00f3n de plantillas de p\u00e1gina meticulosamente dise\u00f1adas para una configuraci\u00f3n acu\u00e1tica y sin costura. Adem\u00e1s, este tema es totalmente receptivo, lo que garantiza que su sitio web exude Brillo, independientemente del dispositivo que se utilice, y est\u00e1 meticulosamente optimizado para los motores de b\u00fasqueda, lo que garantiza un rendimiento \u00f3ptimo en los resultados de b\u00fasqueda. Si est\u00e1 en busca de un tema de WordPress elegante y funcional que sin duda exceder\u00e1 sus expectativas, Temify Simfo indudablemente merece su consideraci\u00f3n.<\/p>\n<ul>\n<li>Tema de sitio web moderno y bellamente dise\u00f1ado<\/li>\n<li>Dise\u00f1o receptivo para una pantalla impecable en todos los dispositivos<\/li>\n<li>M\u00faltiples dise\u00f1os de p\u00e1gina y publicaci\u00f3n para elegir<\/li>\n<li>Esquemas de color personalizables para que coincidan con su marca<\/li>\n<li>Arrastrar y soltar el constructor para una f\u00e1cil personalizaci\u00f3n sin codificar el conocimiento<\/li>\n<li>Compatible con complementos importantes como WooCommerce y Yoast SEO<\/li>\n<li>Opciones de intercambio en social incorporadas para aumentar su presencia en l\u00ednea<\/li>\n<li>Velocidad de carga r\u00e1pida para una experiencia de usuario perfecta<\/li>\n<li>Constantemente actualizado y compatible con el equipo de Themify<\/li>\n<li>Importaci\u00f3n de demostraci\u00f3n de un solo clic para impulsar el proceso de creaci\u00f3n de su sitio web.<\/li>\n<\/ul>\n","protected":false},"excerpt":{"rendered":"<p>El tema Simfo Themify, conocido por su apariencia elegante y moderna, se presenta como un tema notable de WordPress que tiene como objetivo ayudar a los usuarios a elaborar sitios web est\u00e9ticamente agradables y dise\u00f1ados profesionalmente. Con una est\u00e9tica limpia y minimalista, este tema atiende sin esfuerzo a una amplia gama de sitios web, desde blogs personales hasta plataformas orientadas a los negocios. Al ofrecer un inmenso grado de personalizaci\u00f3n, cuenta con una amplia gama de opciones para garantizar que los usuarios puedan personalizar sus sitios web al contenido de su coraz\u00f3n. Adem\u00e1s, viene equipado con una gran cantidad de caracter\u00edsticas incorporadas, que incluyen, entre otros, dise\u00f1o receptivo, widgets personalizados y tipos de publicaciones personalizadas, todos los cuales juegan roles instrumentales para establecer un sitio web \u00fanico y cautivador. Independientemente de si uno posee un nivel de experiencia novato o experimentado en la utilizaci\u00f3n de WordPress, el tema SIMFO Themify demuestra ser una opci\u00f3n ejemplar para cualquier persona que busque manifestar un sitio web visualmente impresionante y completamente funcional.<\/p>\n","protected":false},"featured_media":167791,"comment_status":"open","ping_status":"open","template":"","meta":[],"product_brand":[2578],"product_cat":[1245,1237,1238],"product_tag":[1400],"class_list":{"0":"post-121360","1":"product","2":"type-product","3":"status-publish","4":"has-post-thumbnail","6":"product_brand-themify","7":"product_cat-blog-revista","8":"product_cat-temas","9":"product_cat-wordpress-temas","10":"product_tag-themify","11":"member-discount","12":"discount-restricted","14":"first","15":"instock","16":"sale","17":"downloadable","18":"virtual","19":"sold-individually","20":"purchasable","21":"product-type-simple"},"_links":{"self":[{"href":"https:\/\/gpl-love.com\/es\/wp-json\/wp\/v2\/product\/121360","targetHints":{"allow":["GET"]}}],"collection":[{"href":"https:\/\/gpl-love.com\/es\/wp-json\/wp\/v2\/product"}],"about":[{"href":"https:\/\/gpl-love.com\/es\/wp-json\/wp\/v2\/types\/product"}],"replies":[{"embeddable":true,"href":"https:\/\/gpl-love.com\/es\/wp-json\/wp\/v2\/comments?post=121360"}],"wp:featuredmedia":[{"embeddable":true,"href":"https:\/\/gpl-love.com\/es\/wp-json\/wp\/v2\/media\/167791"}],"wp:attachment":[{"href":"https:\/\/gpl-love.com\/es\/wp-json\/wp\/v2\/media?parent=121360"}],"wp:term":[{"taxonomy":"product_brand","embeddable":true,"href":"https:\/\/gpl-love.com\/es\/wp-json\/wp\/v2\/product_brand?post=121360"},{"taxonomy":"product_cat","embeddable":true,"href":"https:\/\/gpl-love.com\/es\/wp-json\/wp\/v2\/product_cat?post=121360"},{"taxonomy":"product_tag","embeddable":true,"href":"https:\/\/gpl-love.com\/es\/wp-json\/wp\/v2\/product_tag?post=121360"}],"curies":[{"name":"wp","href":"https:\/\/api.w.org\/{rel}","templated":true}]}}