{"id":121358,"date":"2026-03-06T00:00:00","date_gmt":"2026-03-06T05:00:00","guid":{"rendered":"https:\/\/gpl-love.com\/es\/producto\/themify-shoppe-woocommerce-theme\/"},"modified":"2026-04-10T11:28:17","modified_gmt":"2026-04-10T16:28:17","slug":"themify-shoppe-woocommerce-theme","status":"publish","type":"product","link":"https:\/\/gpl-love.com\/es\/producto\/themify-shoppe-woocommerce-theme\/","title":{"rendered":"Themify Shoppe WooCommerce Theme 8.0.5"},"content":{"rendered":"<h3>Themify Shoppe WooCommerce Theme Caracteristicas<\/h3>\n<p>Themify Shoppe es un tema de WooCommerce incre\u00edblemente vers\u00e1til que ofrece a los usuarios la capacidad de construir tiendas en l\u00ednea sofisticadas y de aspecto profesional. Al utilizar una interfaz de arrastrar y soltar notablemente f\u00e1cil de usar, las personas pueden personalizar sin problemas el dise\u00f1o, el esquema de color y la tipograf\u00eda de su tienda en l\u00ednea para adaptarse a sus preferencias y marca espec\u00edficas. Este notable tema cuenta con una extensa gama de caracter\u00edsticas, incluida la capacidad de implementar m\u00faltiples dise\u00f1os de productos, emplear filtrado AJAX y habilitar la funcionalidad de vista r\u00e1pida. Adem\u00e1s, Themify Shoppe incluye convenientemente una gran cantidad de plantillas predise\u00f1adas, acelerando dr\u00e1sticamente el proceso de establecer una tienda en l\u00ednea. Es importante tener en cuenta que Themify Shoppe es totalmente receptivo y amigable con SEO, asegurando que su tienda meticulosamente elaborada parezca visualmente atractiva y opera sin problemas en todos los dispositivos. Dadas estas cualidades sobresalientes y una conveniencia incomparable, Shoppe, sin duda, surge como una elecci\u00f3n excepcional para las personas que buscan crear eficiente y efectivamente una tienda en l\u00ednea.<\/p>\n<ul>\n<li>Dise\u00f1o personalizable con m\u00e1s de 60 dise\u00f1os predise\u00f1ados y m\u00e1s de 100 m\u00f3dulos de constructor<\/li>\n<li>Compatibilidad incorporada de WooCommerce para una f\u00e1cil gesti\u00f3n de tiendas en l\u00ednea<\/li>\n<li>Potente editor de arrastre de Themify Builder para la personalizaci\u00f3n del sitio web sin esfuerzo<\/li>\n<li>Dise\u00f1o de respuesta m\u00f3vil y pantalla Retina lista para una experiencia de usuario perfecta<\/li>\n<li>Codificaci\u00f3n amigable para SEO para una mejor clasificaci\u00f3n del motor de b\u00fasqueda<\/li>\n<li>MEGA MEGA INCUERSO para una navegaci\u00f3n mejorada<\/li>\n<li>Sistema integrado de revisiones y calificaciones de clientes para productos<\/li>\n<li>Importaci\u00f3n de demostraci\u00f3n de un solo clic para la configuraci\u00f3n r\u00e1pida del sitio web<\/li>\n<li>Opciones de personalizaci\u00f3n intuitivas de WordPress para un control completo sobre el dise\u00f1o y la funcionalidad<\/li>\n<li>Documentaci\u00f3n extensa y atenci\u00f3n al cliente.<\/li>\n<\/ul>\n","protected":false},"excerpt":{"rendered":"<p>El tema Themify Shoppe WooCommerce, un tema de comercio electr\u00f3nico dise\u00f1ado espec\u00edficamente para WordPress, ofrece una multitud de caracter\u00edsticas potentes y una interfaz f\u00e1cil de usar, lo que lo convierte en una opci\u00f3n ideal para las personas que buscan establecer una tienda en l\u00ednea para comercializar su mercanc\u00eda. Este tema se integra perfectamente con WooCommerce, que permite una personalizaci\u00f3n completa, al tiempo que presenta una variedad de plantillas predise\u00f1adas que permiten a los usuarios dise\u00f1ar un mercado en l\u00ednea distintivo y pulido. En particular, este tema abarca una gama de opciones de dise\u00f1o de encabezado y pie de p\u00e1gina, otorgando a los usuarios la flexibilidad para personalizar a\u00fan m\u00e1s su tienda en l\u00ednea. Adem\u00e1s, el tema cuenta con galer\u00edas de productos personalizables, asegurando una exhibici\u00f3n de mercanc\u00eda est\u00e9ticamente agradable, as\u00ed como un proceso de dise\u00f1o sin esfuerzo y eficiente facilitado por el creador de p\u00e1ginas de arrastrar y soltar, que se puede utilizar para la creaci\u00f3n de p\u00e1ginas de productos, p\u00e1ginas de blogs y Formularios de contacto. Adem\u00e1s, la capacidad de respuesta del tema y los atributos amigables con SEO contribuyen a una experiencia de navegaci\u00f3n mejorada para los clientes, mientras que las caracter\u00edsticas ventajosas como la b\u00fasqueda en vivo, la vista r\u00e1pida y el filtrado de productos sirven para optimizar el proceso de compra.<\/p>\n","protected":false},"featured_media":167790,"comment_status":"open","ping_status":"open","template":"","meta":[],"product_brand":[2578],"product_cat":[1263,1264,1237],"product_tag":[1400],"class_list":{"0":"post-121358","1":"product","2":"type-product","3":"status-publish","4":"has-post-thumbnail","6":"product_brand-themify","7":"product_cat-comercio-electronico-temas","8":"product_cat-negocio","9":"product_cat-temas","10":"product_tag-themify","11":"member-discount","12":"discount-restricted","14":"first","15":"instock","16":"sale","17":"downloadable","18":"virtual","19":"sold-individually","20":"purchasable","21":"product-type-simple"},"_links":{"self":[{"href":"https:\/\/gpl-love.com\/es\/wp-json\/wp\/v2\/product\/121358","targetHints":{"allow":["GET"]}}],"collection":[{"href":"https:\/\/gpl-love.com\/es\/wp-json\/wp\/v2\/product"}],"about":[{"href":"https:\/\/gpl-love.com\/es\/wp-json\/wp\/v2\/types\/product"}],"replies":[{"embeddable":true,"href":"https:\/\/gpl-love.com\/es\/wp-json\/wp\/v2\/comments?post=121358"}],"wp:featuredmedia":[{"embeddable":true,"href":"https:\/\/gpl-love.com\/es\/wp-json\/wp\/v2\/media\/167790"}],"wp:attachment":[{"href":"https:\/\/gpl-love.com\/es\/wp-json\/wp\/v2\/media?parent=121358"}],"wp:term":[{"taxonomy":"product_brand","embeddable":true,"href":"https:\/\/gpl-love.com\/es\/wp-json\/wp\/v2\/product_brand?post=121358"},{"taxonomy":"product_cat","embeddable":true,"href":"https:\/\/gpl-love.com\/es\/wp-json\/wp\/v2\/product_cat?post=121358"},{"taxonomy":"product_tag","embeddable":true,"href":"https:\/\/gpl-love.com\/es\/wp-json\/wp\/v2\/product_tag?post=121358"}],"curies":[{"name":"wp","href":"https:\/\/api.w.org\/{rel}","templated":true}]}}